{"id":711,"date":"2021-02-09T16:37:07","date_gmt":"2021-02-09T16:37:07","guid":{"rendered":"https:\/\/ludmannsdorf.axandu.com\/?page_id=711"},"modified":"2023-07-05T07:15:21","modified_gmt":"2023-07-05T05:15:21","slug":"familienfreundliche-gemeinde","status":"publish","type":"page","link":"https:\/\/ludmannsdorf.at\/sl\/familienfreundliche-gemeinde\/","title":{"rendered":"Dru\u017einam prijazna ob\u010dina"},"content":{"rendered":"<div data-elementor-type=\"wp-page\" data-elementor-id=\"711\" class=\"elementor elementor-711\" data-elementor-post-type=\"page\">\n\t\t\t\t\t\t<section class=\"elementor-section elementor-top-section elementor-element elementor-element-67bd3bca elementor-section-full_width elementor-section-height-default elementor-section-height-default\" data-id=\"67bd3bca\" data-element_type=\"section\" data-e-type=\"section\" data-settings=\"{&quot;shape_divider_bottom&quot;:&quot;wave-brush&quot;}\">\n\t\t\t\t\t<div class=\"elementor-shape elementor-shape-bottom\" aria-hidden=\"true\" data-negative=\"false\">\n\t\t\t<svg xmlns=\"http:\/\/www.w3.org\/2000\/svg\" viewbox=\"0 0 283.5 27.8\" preserveaspectratio=\"none\">\n\t<path class=\"elementor-shape-fill\" d=\"M283.5,9.7c0,0-7.3,4.3-14,4.6c-6.8,0.3-12.6,0-20.9-1.5c-11.3-2-33.1-10.1-44.7-5.7\ts-12.1,4.6-18,7.4c-6.6,3.2-20,9.6-36.6,9.3C131.6,23.5,99.5,7.2,86.3,8c-1.4,0.1-6.6,0.8-10.5,2c-3.8,1.2-9.4,3.8-17,4.7\tc-3.2,0.4-8.3,1.1-14.2,0.9c-1.5-0.1-6.3-0.4-12-1.6c-5.7-1.2-11-3.1-15.8-3.7C6.5,9.2,0,10.8,0,10.8V0h283.5V9.7z M260.8,11.3\tc-0.7-1-2-0.4-4.3-0.4c-2.3,0-6.1-1.2-5.8-1.1c0.3,0.1,3.1,1.5,6,1.9C259.7,12.2,261.4,12.3,260.8,11.3z M242.4,8.6\tc0,0-2.4-0.2-5.6-0.9c-3.2-0.8-10.3-2.8-15.1-3.5c-8.2-1.1-15.8,0-15.1,0.1c0.8,0.1,9.6-0.6,17.6,1.1c3.3,0.7,9.3,2.2,12.4,2.7\tC239.9,8.7,242.4,8.6,242.4,8.6z M185.2,8.5c1.7-0.7-13.3,4.7-18.5,6.1c-2.1,0.6-6.2,1.6-10,2c-3.9,0.4-8.9,0.4-8.8,0.5\tc0,0.2,5.8,0.8,11.2,0c5.4-0.8,5.2-1.1,7.6-1.6C170.5,14.7,183.5,9.2,185.2,8.5z M199.1,6.9c0.2,0-0.8-0.4-4.8,1.1\tc-4,1.5-6.7,3.5-6.9,3.7c-0.2,0.1,3.5-1.8,6.6-3C197,7.5,199,6.9,199.1,6.9z M283,6c-0.1,0.1-1.9,1.1-4.8,2.5s-6.9,2.8-6.7,2.7\tc0.2,0,3.5-0.6,7.4-2.5C282.8,6.8,283.1,5.9,283,6z M31.3,11.6c0.1-0.2-1.9-0.2-4.5-1.2s-5.4-1.6-7.8-2C15,7.6,7.3,8.5,7.7,8.6\tC8,8.7,15.9,8.3,20.2,9.3c2.2,0.5,2.4,0.5,5.7,1.6S31.2,11.9,31.3,11.6z M73,9.2c0.4-0.1,3.5-1.6,8.4-2.6c4.9-1.1,8.9-0.5,8.9-0.8\tc0-0.3-1-0.9-6.2-0.3S72.6,9.3,73,9.2z M71.6,6.7C71.8,6.8,75,5.4,77.3,5c2.3-0.3,1.9-0.5,1.9-0.6c0-0.1-1.1-0.2-2.7,0.2\tC74.8,5.1,71.4,6.6,71.6,6.7z M93.6,4.4c0.1,0.2,3.5,0.8,5.6,1.8c2.1,1,1.8,0.6,1.9,0.5c0.1-0.1-0.8-0.8-2.4-1.3\tC97.1,4.8,93.5,4.2,93.6,4.4z M65.4,11.1c-0.1,0.3,0.3,0.5,1.9-0.2s2.6-1.3,2.2-1.2s-0.9,0.4-2.5,0.8C65.3,10.9,65.5,10.8,65.4,11.1\tz M34.5,12.4c-0.2,0,2.1,0.8,3.3,0.9c1.2,0.1,2,0.1,2-0.2c0-0.3-0.1-0.5-1.6-0.4C36.6,12.8,34.7,12.4,34.5,12.4z M152.2,21.1\tc-0.1,0.1-2.4-0.3-7.5-0.3c-5,0-13.6-2.4-17.2-3.5c-3.6-1.1,10,3.9,16.5,4.1C150.5,21.6,152.3,21,152.2,21.1z\"\/>\n\t<path class=\"elementor-shape-fill\" d=\"M269.6,18c-0.1-0.1-4.6,0.3-7.2,0c-7.3-0.7-17-3.2-16.6-2.9c0.4,0.3,13.7,3.1,17,3.3\tC267.7,18.8,269.7,18,269.6,18z\"\/>\n\t<path class=\"elementor-shape-fill\" d=\"M227.4,9.8c-0.2-0.1-4.5-1-9.5-1.2c-5-0.2-12.7,0.6-12.3,0.5c0.3-0.1,5.9-1.8,13.3-1.2\tS227.6,9.9,227.4,9.8z\"\/>\n\t<path class=\"elementor-shape-fill\" d=\"M204.5,13.4c-0.1-0.1,2-1,3.2-1.1c1.2-0.1,2,0,2,0.3c0,0.3-0.1,0.5-1.6,0.4\tC206.4,12.9,204.6,13.5,204.5,13.4z\"\/>\n\t<path class=\"elementor-shape-fill\" d=\"M201,10.6c0-0.1-4.4,1.2-6.3,2.2c-1.9,0.9-6.2,3.1-6.1,3.1c0.1,0.1,4.2-1.6,6.3-2.6\tS201,10.7,201,10.6z\"\/>\n\t<path class=\"elementor-shape-fill\" d=\"M154.5,26.7c-0.1-0.1-4.6,0.3-7.2,0c-7.3-0.7-17-3.2-16.6-2.9c0.4,0.3,13.7,3.1,17,3.3\tC152.6,27.5,154.6,26.8,154.5,26.7z\"\/>\n\t<path class=\"elementor-shape-fill\" d=\"M41.9,19.3c0,0,1.2-0.3,2.9-0.1c1.7,0.2,5.8,0.9,8.2,0.7c4.2-0.4,7.4-2.7,7-2.6\tc-0.4,0-4.3,2.2-8.6,1.9c-1.8-0.1-5.1-0.5-6.7-0.4S41.9,19.3,41.9,19.3z\"\/>\n\t<path class=\"elementor-shape-fill\" d=\"M75.5,12.6c0.2,0.1,2-0.8,4.3-1.1c2.3-0.2,2.1-0.3,2.1-0.5c0-0.1-1.8-0.4-3.4,0\tC76.9,11.5,75.3,12.5,75.5,12.6z\"\/>\n\t<path class=\"elementor-shape-fill\" d=\"M15.6,13.2c0-0.1,4.3,0,6.7,0.5c2.4,0.5,5,1.9,5,2c0,0.1-2.7-0.8-5.1-1.4\tC19.9,13.7,15.7,13.3,15.6,13.2z\"\/>\n<\/svg>\t\t<\/div>\n\t\t\t\t\t<div class=\"elementor-container elementor-column-gap-default\">\n\t\t\t\t\t<div class=\"elementor-column elementor-col-100 elementor-top-column elementor-element elementor-element-641a6ea7\" data-id=\"641a6ea7\" data-element_type=\"column\" data-e-type=\"column\">\n\t\t\t<div class=\"elementor-widget-wrap elementor-element-populated\">\n\t\t\t\t\t\t<div class=\"elementor-element elementor-element-1a80ad7d elementor--h-position-center elementor--v-position-middle elementor-arrows-position-inside elementor-pagination-position-inside elementor-widget elementor-widget-slides\" data-id=\"1a80ad7d\" data-element_type=\"widget\" data-e-type=\"widget\" data-settings=\"{&quot;autoplay_speed&quot;:7000,&quot;navigation&quot;:&quot;both&quot;,&quot;autoplay&quot;:&quot;yes&quot;,&quot;pause_on_hover&quot;:&quot;yes&quot;,&quot;pause_on_interaction&quot;:&quot;yes&quot;,&quot;infinite&quot;:&quot;yes&quot;,&quot;transition&quot;:&quot;slide&quot;,&quot;transition_speed&quot;:500}\" data-widget_type=\"slides.default\">\n\t\t\t\t<div class=\"elementor-widget-container\">\n\t\t\t\t\t\t\t\t\t<div class=\"elementor-swiper\">\n\t\t\t\t\t<div class=\"elementor-slides-wrapper elementor-main-swiper swiper\" role=\"region\" aria-roledescription=\"carousel\" aria-label=\"Slides\" dir=\"ltr\" data-animation=\"fadeInDown\">\n\t\t\t\t<div class=\"swiper-wrapper elementor-slides\">\n\t\t\t\t\t\t\t\t\t\t<div class=\"elementor-repeater-item-dc2b20d swiper-slide\" role=\"group\" aria-roledescription=\"slide\"><div class=\"swiper-slide-bg elementor-ken-burns elementor-ken-burns--out\" role=\"img\"><\/div><div class=\"swiper-slide-inner\" ><div class=\"swiper-slide-contents\"><div class=\"elementor-slide-heading\">Dru\u017einam prijazna ob\u010dina<\/div><\/div><\/div><\/div>\t\t\t\t<\/div>\n\t\t\t\t\t\t\t<\/div>\n\t\t\t\t<\/div>\n\t\t\t\t\t\t\t\t<\/div>\n\t\t\t\t<\/div>\n\t\t\t\t\t<\/div>\n\t\t<\/div>\n\t\t\t\t\t<\/div>\n\t\t<\/section>\n\t\t\t\t<section class=\"elementor-section elementor-top-section elementor-element elementor-element-f7cf231 elementor-section-boxed elementor-section-height-default elementor-section-height-default\" data-id=\"f7cf231\" data-element_type=\"section\" data-e-type=\"section\">\n\t\t\t\t\t\t<div class=\"elementor-container elementor-column-gap-default\">\n\t\t\t\t\t<div class=\"elementor-column elementor-col-100 elementor-top-column elementor-element elementor-element-88cf217\" data-id=\"88cf217\" data-element_type=\"column\" data-e-type=\"column\">\n\t\t\t<div class=\"elementor-widget-wrap elementor-element-populated\">\n\t\t\t\t\t\t<div class=\"elementor-element elementor-element-087e5b4 elementor-blockquote--skin-border elementor-blockquote--button-color-official elementor-widget elementor-widget-blockquote\" data-id=\"087e5b4\" data-element_type=\"widget\" data-e-type=\"widget\" data-widget_type=\"blockquote.default\">\n\t\t\t\t<div class=\"elementor-widget-container\">\n\t\t\t\t\t\t\t<blockquote class=\"elementor-blockquote\">\n\t\t\t<p class=\"elementor-blockquote__content\">\n\t\t\t\tDru\u017eina je najpomembnej\u0161i steber v na\u0161em \u017eivljenju, daje nam za\u0161\u010dito, varnost, \u010dustveno oporo in ljubezen.\t\t\t<\/p>\n\t\t\t\t\t\t\t<div class=\"e-q-footer\">\n\t\t\t\t\t\t\t\t\t\t\t<cite class=\"elementor-blockquote__author\">Ob\u010dina <\/cite>\n\t\t\t\t\t\t\t\t\t\t\t\t\t\t<\/div>\n\t\t\t\t\t<\/blockquote>\n\t\t\t\t\t\t<\/div>\n\t\t\t\t<\/div>\n\t\t\t\t<div class=\"elementor-element elementor-element-79e4496 elementor-widget elementor-widget-heading\" data-id=\"79e4496\" data-element_type=\"widget\" data-e-type=\"widget\" data-widget_type=\"heading.default\">\n\t\t\t\t<div class=\"elementor-widget-container\">\n\t\t\t\t\t<h4 class=\"elementor-heading-title elementor-size-default\">Na\u0161a naloga je, da dru\u017einam v Bil\u010dovsu zagotovimo okolje, v katerem bodo rade in sre\u010dno \u017eivele.<\/h4>\t\t\t\t<\/div>\n\t\t\t\t<\/div>\n\t\t\t\t<div class=\"elementor-element elementor-element-1f0c94d elementor-widget elementor-widget-text-editor\" data-id=\"1f0c94d\" data-element_type=\"widget\" data-e-type=\"widget\" data-widget_type=\"text-editor.default\">\n\t\t\t\t<div class=\"elementor-widget-container\">\n\t\t\t\t\t\t\t\t\t<p><img decoding=\"async\" class=\"alignright\" src=\"https:\/\/ludmannsdorf.axandu.com\/wp-content\/uploads\/2020\/12\/familienfreundliche_gemeinde.png\" \/><\/p><h5><span style=\"color: var( --e-global-color-text ); font-family: var( --e-global-typography-text-font-family ), Sans-serif; font-weight: var( --e-global-typography-text-font-weight ); font-size: 1rem;\">Zato smo ustanovili projektno skupino, ki je eno leto zelo anga\u017eirano podpirala projekt Dru\u017einam prijazne ob\u010dine in dejavno sodelovala pri posameznih postopkih.<\/span><\/h5><p>Najprej je 26 \u010dlanov projektne skupine opredelilo in popisalo vso dru\u017einam in otrokom prijazno ponudbo, ki v na\u0161i ob\u010dini \u017ee obstaja.<\/p><p>Informacije o razpolo\u017eljivi ponudbi so na voljo na na\u0161i spletni strani www.ludmannsdorf.gv.at (v rubriki O ob\u010dini).<\/p><p>Nato smo vse ob\u010danke in ob\u010dane prosili, naj ob\u010dini sporo\u010dijo vse svoje \u017eelje, zamisli in predloge. V ta namen smo izdelali vpra\u0161alnik z motom Sodeluj!.<\/p><p>Projektna skupina in podjetje Quantum pod vodstvom mag. Marie Bogensberger sta na podlagi raznolikih idej, ki smo jih prejeli, opredelila in prednostno razvrstila 27 ciljnih ukrepov. Tudi rezultati ovrednotenja vpra\u0161alnikov in na\u010drt ciljnih ukrepov so na spletni strani ob\u010dine.<\/p><p>Ob\u010dinski svet je na svoji seji 28. marca 2017 soglasno sprejel, da bomo od skupno 28 ciljnih ukrepov izvedli:<\/p><ul><li>Popoldne v Bil\u010dovsu za dru\u017eine in igre<\/li><li>otro\u0161ki bol\u0161ji trg,<\/li><li>otro\u0161ka \u0161ola risanja z mentorico za otroke, stare od 6 do 10 let,<\/li><li>Kam hiti\u0161 \u2013 kupi, kjer \u017eivi\u0161!<\/li><li>Izdaja\/prodaja ribolovnih dovolilnic v ob\u010dinskem uradu<\/li><\/ul><p>V naslednji fazi bo te postopke ocenil zunanji izvedenec. Nato bo ob\u010dina prejela osnovni certifikat dru\u017einam prijazne ob\u010dine. Projekte je treba izvesti v treh letih. Projektna skupina in \u010dlani Odbora za dru\u017eine so \u017ee potrdili, da se bodo v projekte dejavno vklju\u010dili in jih podprli. Prisr\u010dna hvala vsem sodelavkam in sodelavcem.<\/p><p>Ob\u010danke in ob\u010dane vabimo, naj se vklju\u010dijo v na\u0161e projekte in se udele\u017eujejo dejavnosti v njih.<\/p>\t\t\t\t\t\t\t\t<\/div>\n\t\t\t\t<\/div>\n\t\t\t\t\t<\/div>\n\t\t<\/div>\n\t\t\t\t\t<\/div>\n\t\t<\/section>\n\t\t\t\t<section class=\"elementor-section elementor-top-section elementor-element elementor-element-da46f98 elementor-section-boxed elementor-section-height-default elementor-section-height-default\" data-id=\"da46f98\" data-element_type=\"section\" data-e-type=\"section\">\n\t\t\t\t\t\t<div class=\"elementor-container elementor-column-gap-default\">\n\t\t\t\t\t<div class=\"elementor-column elementor-col-100 elementor-top-column elementor-element elementor-element-b3c07ad\" data-id=\"b3c07ad\" data-element_type=\"column\" data-e-type=\"column\">\n\t\t\t<div class=\"elementor-widget-wrap elementor-element-populated\">\n\t\t\t\t\t\t<div class=\"elementor-element elementor-element-1ae8263 elementor-widget elementor-widget-wp-widget-gap1_widget\" data-id=\"1ae8263\" data-element_type=\"widget\" data-e-type=\"widget\" data-widget_type=\"wp-widget-gap1_widget.default\">\n\t\t\t\t<div class=\"elementor-widget-container\">\n\t\t\t\t\t<div style='font-family:Roboto'><div class=\"peopleContainer\">\n                    <div onclick=\"\" class=\"container\">\n                        <div class=\"row\">\n                            <div class=\"col-md-4 col-sm-6\">\n                                <img decoding=\"async\" class=\"img-thumbnail personpicture\" src=\"https:\/\/gemeindeappstorage.blob.core.windows.net\/usercontent\/a5e4cc2c-8317-42f8-b412-f45ae80baf24\/full\/793f672c-21d3-4b53-9059-4f16b654dad2\/Roswitha_Moswitzer_GL.jpg\" alt=\"Roswitha_Moswitzer_GL.jpg\">                            <\/div>\n                            <div style=\" \"\n                                 id=\"shortPeopleInformationb6af402ddb2f49db9249d35629c4a73f\">\n                                <h6> Roswitha  Moswitzer<\/h6>\n                                <i>Ob\u010dinska svetnica<\/i><br\/>\n                                <i>GL<\/i>\n                            <\/div>\n\n                            <div style=\"display: none\"\n                                 id=\"peopleInformationb6af402ddb2f49db9249d35629c4a73f\"\n                                 class=\"col-md-8 col-sm-6\">\n                                <h6> Roswitha  Moswitzer<\/h6>\n                                <i>Ob\u010dinska svetnica<\/i><br\/>\n                                <i>GL<\/i>\n\n                                <p><\/p>                            <\/div>\n                        <\/div>\n                    <\/div>\n                    <div class='container'><\/div><\/div><\/div>\t\t\t\t<\/div>\n\t\t\t\t<\/div>\n\t\t\t\t\t<\/div>\n\t\t<\/div>\n\t\t\t\t\t<\/div>\n\t\t<\/section>\n\t\t\t\t<section class=\"elementor-section elementor-top-section elementor-element elementor-element-9090f7e elementor-section-boxed elementor-section-height-default elementor-section-height-default\" data-id=\"9090f7e\" data-element_type=\"section\" data-e-type=\"section\">\n\t\t\t\t\t\t<div class=\"elementor-container elementor-column-gap-default\">\n\t\t\t\t\t<div class=\"elementor-column elementor-col-100 elementor-top-column elementor-element elementor-element-17d5b41\" data-id=\"17d5b41\" data-element_type=\"column\" data-e-type=\"column\">\n\t\t\t<div class=\"elementor-widget-wrap elementor-element-populated\">\n\t\t\t\t\t\t<div class=\"elementor-element elementor-element-8e2a041 elementor-widget elementor-widget-text-editor\" data-id=\"8e2a041\" data-element_type=\"widget\" data-e-type=\"widget\" data-widget_type=\"text-editor.default\">\n\t\t\t\t<div class=\"elementor-widget-container\">\n\t\t\t\t\t\t\t\t\t<!--<a href=\"http:\/\/ludmannsdorf.at\/wp-content\/uploads\/2023\/04\/20_4_Entwurf-Fragebogen-Ludmannsdorf-Sl-8.3.23-ueberarbeitet_slo_dop.pdf\">Herunterladen<\/a> oder gleich online ausf\u00fcllen.-->\t\t\t\t\t\t\t\t<\/div>\n\t\t\t\t<\/div>\n\t\t\t\t<div class=\"elementor-element elementor-element-8141f3d elementor-button-align-stretch elementor-widget elementor-widget-form\" data-id=\"8141f3d\" data-element_type=\"widget\" data-e-type=\"widget\" data-settings=\"{&quot;step_next_label&quot;:&quot;N\\u00e4chster&quot;,&quot;step_previous_label&quot;:&quot;Voriger&quot;,&quot;button_width&quot;:&quot;100&quot;,&quot;step_type&quot;:&quot;number_text&quot;,&quot;step_icon_shape&quot;:&quot;circle&quot;}\" data-widget_type=\"form.default\">\n\t\t\t\t<div class=\"elementor-widget-container\">\n\t\t\t\t\t<style>.elementor-element-8141f3d{display:none !important}<\/style>\t\t\t\t<\/div>\n\t\t\t\t<\/div>\n\t\t\t\t\t<\/div>\n\t\t<\/div>\n\t\t\t\t\t<\/div>\n\t\t<\/section>\n\t\t\t\t<section class=\"elementor-section elementor-top-section elementor-element elementor-element-5f1da9d elementor-section-boxed elementor-section-height-default elementor-section-height-default\" data-id=\"5f1da9d\" data-element_type=\"section\" data-e-type=\"section\">\n\t\t\t\t\t\t<div class=\"elementor-container elementor-column-gap-default\">\n\t\t\t\t\t<div class=\"elementor-column elementor-col-100 elementor-top-column elementor-element elementor-element-e4496b9\" data-id=\"e4496b9\" data-element_type=\"column\" data-e-type=\"column\">\n\t\t\t<div class=\"elementor-widget-wrap elementor-element-populated\">\n\t\t\t\t\t\t<div class=\"elementor-element elementor-element-aa9a08c elementor-button-align-stretch elementor-widget elementor-widget-form\" data-id=\"aa9a08c\" data-element_type=\"widget\" data-e-type=\"widget\" data-settings=\"{&quot;step_next_label&quot;:&quot;N\\u00e4chster&quot;,&quot;step_previous_label&quot;:&quot;Voriger&quot;,&quot;button_width&quot;:&quot;100&quot;,&quot;step_type&quot;:&quot;number_text&quot;,&quot;step_icon_shape&quot;:&quot;circle&quot;}\" data-widget_type=\"form.default\">\n\t\t\t\t<div class=\"elementor-widget-container\">\n\t\t\t\t\t<style>.elementor-element-aa9a08c{display:none !important}<\/style>\t\t\t\t<\/div>\n\t\t\t\t<\/div>\n\t\t\t\t\t<\/div>\n\t\t<\/div>\n\t\t\t\t\t<\/div>\n\t\t<\/section>\n\t\t\t\t<\/div>","protected":false},"excerpt":{"rendered":"<p>Familienfreundliche Gemeinde \u201eDie Familie ist die wichtigste S\u00e4ule in unserem Leben, sie bietet uns Schutz, Sicherheit, Geborgenheit und Liebe!\u201c Gemeinde Unsere Aufgabe ist es, den Familien in Ludmannsdorf\/Bil\u010dovs ein Umfeld zu bieten, in dem sie gerne leben und gl\u00fccklich sein k\u00f6nnen. Eine eigens daf\u00fcr gegr\u00fcndete Projektgruppe hat \u00fcber ein Jahr lang mit gro\u00dfem Einsatz das [&hellip;]<\/p>\n","protected":false},"author":1,"featured_media":0,"parent":0,"menu_order":0,"comment_status":"closed","ping_status":"closed","template":"","meta":{"footnotes":""},"class_list":["post-711","page","type-page","status-publish","hentry"],"yoast_head":"<!-- This site is optimized with the Yoast SEO plugin v25.6 - https:\/\/yoast.com\/wordpress\/plugins\/seo\/ -->\n<title>Familienfreundliche Gemeinde - Gemeinde Ludmannsdorf<\/title>\n<meta name=\"robots\" content=\"index, follow, max-snippet:-1, max-image-preview:large, max-video-preview:-1\" \/>\n<link rel=\"canonical\" href=\"https:\/\/ludmannsdorf.at\/sl\/familienfreundliche-gemeinde\/\" \/>\n<meta property=\"og:locale\" content=\"sl_SI\" \/>\n<meta property=\"og:type\" content=\"article\" \/>\n<meta property=\"og:title\" content=\"Familienfreundliche Gemeinde - Gemeinde Ludmannsdorf\" \/>\n<meta property=\"og:description\" content=\"Familienfreundliche Gemeinde \u201eDie Familie ist die wichtigste S\u00e4ule in unserem Leben, sie bietet uns Schutz, Sicherheit, Geborgenheit und Liebe!\u201c Gemeinde Unsere Aufgabe ist es, den Familien in Ludmannsdorf\/Bil\u010dovs ein Umfeld zu bieten, in dem sie gerne leben und gl\u00fccklich sein k\u00f6nnen. Eine eigens daf\u00fcr gegr\u00fcndete Projektgruppe hat \u00fcber ein Jahr lang mit gro\u00dfem Einsatz das [&hellip;]\" \/>\n<meta property=\"og:url\" content=\"https:\/\/ludmannsdorf.at\/sl\/familienfreundliche-gemeinde\/\" \/>\n<meta property=\"og:site_name\" content=\"Gemeinde Ludmannsdorf\" \/>\n<meta property=\"article:modified_time\" content=\"2023-07-05T05:15:21+00:00\" \/>\n<meta property=\"og:image\" content=\"https:\/\/ludmannsdorf.axandu.com\/wp-content\/uploads\/2020\/12\/familienfreundliche_gemeinde.png\" \/>\n<meta name=\"twitter:card\" content=\"summary_large_image\" \/>\n<meta name=\"twitter:label1\" content=\"Est. reading time\" \/>\n\t<meta name=\"twitter:data1\" content=\"9 minut\" \/>\n<script type=\"application\/ld+json\" class=\"yoast-schema-graph\">{\"@context\":\"https:\/\/schema.org\",\"@graph\":[{\"@type\":\"WebPage\",\"@id\":\"https:\/\/ludmannsdorf.at\/sl\/familienfreundliche-gemeinde\/\",\"url\":\"https:\/\/ludmannsdorf.at\/sl\/familienfreundliche-gemeinde\/\",\"name\":\"Familienfreundliche Gemeinde - Gemeinde Ludmannsdorf\",\"isPartOf\":{\"@id\":\"http:\/\/ludmannsdorf.at\/#website\"},\"primaryImageOfPage\":{\"@id\":\"https:\/\/ludmannsdorf.at\/sl\/familienfreundliche-gemeinde\/#primaryimage\"},\"image\":{\"@id\":\"https:\/\/ludmannsdorf.at\/sl\/familienfreundliche-gemeinde\/#primaryimage\"},\"thumbnailUrl\":\"https:\/\/ludmannsdorf.axandu.com\/wp-content\/uploads\/2020\/12\/familienfreundliche_gemeinde.png\",\"datePublished\":\"2021-02-09T16:37:07+00:00\",\"dateModified\":\"2023-07-05T05:15:21+00:00\",\"breadcrumb\":{\"@id\":\"https:\/\/ludmannsdorf.at\/sl\/familienfreundliche-gemeinde\/#breadcrumb\"},\"inLanguage\":\"sl-SI\",\"potentialAction\":[{\"@type\":\"ReadAction\",\"target\":[\"https:\/\/ludmannsdorf.at\/sl\/familienfreundliche-gemeinde\/\"]}]},{\"@type\":\"ImageObject\",\"inLanguage\":\"sl-SI\",\"@id\":\"https:\/\/ludmannsdorf.at\/sl\/familienfreundliche-gemeinde\/#primaryimage\",\"url\":\"https:\/\/ludmannsdorf.axandu.com\/wp-content\/uploads\/2020\/12\/familienfreundliche_gemeinde.png\",\"contentUrl\":\"https:\/\/ludmannsdorf.axandu.com\/wp-content\/uploads\/2020\/12\/familienfreundliche_gemeinde.png\"},{\"@type\":\"BreadcrumbList\",\"@id\":\"https:\/\/ludmannsdorf.at\/sl\/familienfreundliche-gemeinde\/#breadcrumb\",\"itemListElement\":[{\"@type\":\"ListItem\",\"position\":1,\"name\":\"Startseite\",\"item\":\"https:\/\/ludmannsdorf.at\/\"},{\"@type\":\"ListItem\",\"position\":2,\"name\":\"Familienfreundliche Gemeinde\"}]},{\"@type\":\"WebSite\",\"@id\":\"http:\/\/ludmannsdorf.at\/#website\",\"url\":\"http:\/\/ludmannsdorf.at\/\",\"name\":\"Gemeinde Ludmannsdorf\",\"description\":\"Willkommen in Ludmannsdorf\/Bil\u010dovs!\",\"publisher\":{\"@id\":\"http:\/\/ludmannsdorf.at\/#organization\"},\"potentialAction\":[{\"@type\":\"SearchAction\",\"target\":{\"@type\":\"EntryPoint\",\"urlTemplate\":\"http:\/\/ludmannsdorf.at\/?s={search_term_string}\"},\"query-input\":{\"@type\":\"PropertyValueSpecification\",\"valueRequired\":true,\"valueName\":\"search_term_string\"}}],\"inLanguage\":\"sl-SI\"},{\"@type\":\"Organization\",\"@id\":\"http:\/\/ludmannsdorf.at\/#organization\",\"name\":\"Gemeinde Ludmannsdorf\",\"url\":\"http:\/\/ludmannsdorf.at\/\",\"logo\":{\"@type\":\"ImageObject\",\"inLanguage\":\"sl-SI\",\"@id\":\"http:\/\/ludmannsdorf.at\/#\/schema\/logo\/image\/\",\"url\":\"https:\/\/ludmannsdorf.at\/wp-content\/uploads\/2020\/12\/cropped-wappen_Page_1-1.png\",\"contentUrl\":\"https:\/\/ludmannsdorf.at\/wp-content\/uploads\/2020\/12\/cropped-wappen_Page_1-1.png\",\"width\":512,\"height\":512,\"caption\":\"Gemeinde Ludmannsdorf\"},\"image\":{\"@id\":\"http:\/\/ludmannsdorf.at\/#\/schema\/logo\/image\/\"}}]}<\/script>\n<!-- \/ Yoast SEO plugin. -->","yoast_head_json":{"title":"Familienfreundliche Gemeinde - Gemeinde Ludmannsdorf","robots":{"index":"index","follow":"follow","max-snippet":"max-snippet:-1","max-image-preview":"max-image-preview:large","max-video-preview":"max-video-preview:-1"},"canonical":"https:\/\/ludmannsdorf.at\/sl\/familienfreundliche-gemeinde\/","og_locale":"sl_SI","og_type":"article","og_title":"Familienfreundliche Gemeinde - Gemeinde Ludmannsdorf","og_description":"Familienfreundliche Gemeinde \u201eDie Familie ist die wichtigste S\u00e4ule in unserem Leben, sie bietet uns Schutz, Sicherheit, Geborgenheit und Liebe!\u201c Gemeinde Unsere Aufgabe ist es, den Familien in Ludmannsdorf\/Bil\u010dovs ein Umfeld zu bieten, in dem sie gerne leben und gl\u00fccklich sein k\u00f6nnen. Eine eigens daf\u00fcr gegr\u00fcndete Projektgruppe hat \u00fcber ein Jahr lang mit gro\u00dfem Einsatz das [&hellip;]","og_url":"https:\/\/ludmannsdorf.at\/sl\/familienfreundliche-gemeinde\/","og_site_name":"Gemeinde Ludmannsdorf","article_modified_time":"2023-07-05T05:15:21+00:00","og_image":[{"url":"https:\/\/ludmannsdorf.axandu.com\/wp-content\/uploads\/2020\/12\/familienfreundliche_gemeinde.png","type":"","width":"","height":""}],"twitter_card":"summary_large_image","twitter_misc":{"Est. reading time":"9 minut"},"schema":{"@context":"https:\/\/schema.org","@graph":[{"@type":"WebPage","@id":"https:\/\/ludmannsdorf.at\/sl\/familienfreundliche-gemeinde\/","url":"https:\/\/ludmannsdorf.at\/sl\/familienfreundliche-gemeinde\/","name":"Familienfreundliche Gemeinde - Gemeinde Ludmannsdorf","isPartOf":{"@id":"http:\/\/ludmannsdorf.at\/#website"},"primaryImageOfPage":{"@id":"https:\/\/ludmannsdorf.at\/sl\/familienfreundliche-gemeinde\/#primaryimage"},"image":{"@id":"https:\/\/ludmannsdorf.at\/sl\/familienfreundliche-gemeinde\/#primaryimage"},"thumbnailUrl":"https:\/\/ludmannsdorf.axandu.com\/wp-content\/uploads\/2020\/12\/familienfreundliche_gemeinde.png","datePublished":"2021-02-09T16:37:07+00:00","dateModified":"2023-07-05T05:15:21+00:00","breadcrumb":{"@id":"https:\/\/ludmannsdorf.at\/sl\/familienfreundliche-gemeinde\/#breadcrumb"},"inLanguage":"sl-SI","potentialAction":[{"@type":"ReadAction","target":["https:\/\/ludmannsdorf.at\/sl\/familienfreundliche-gemeinde\/"]}]},{"@type":"ImageObject","inLanguage":"sl-SI","@id":"https:\/\/ludmannsdorf.at\/sl\/familienfreundliche-gemeinde\/#primaryimage","url":"https:\/\/ludmannsdorf.axandu.com\/wp-content\/uploads\/2020\/12\/familienfreundliche_gemeinde.png","contentUrl":"https:\/\/ludmannsdorf.axandu.com\/wp-content\/uploads\/2020\/12\/familienfreundliche_gemeinde.png"},{"@type":"BreadcrumbList","@id":"https:\/\/ludmannsdorf.at\/sl\/familienfreundliche-gemeinde\/#breadcrumb","itemListElement":[{"@type":"ListItem","position":1,"name":"Startseite","item":"https:\/\/ludmannsdorf.at\/"},{"@type":"ListItem","position":2,"name":"Familienfreundliche Gemeinde"}]},{"@type":"WebSite","@id":"http:\/\/ludmannsdorf.at\/#website","url":"http:\/\/ludmannsdorf.at\/","name":"Ob\u010dina Bil\u010dovs","description":"Dobrodo\u0161li v Ludmannsdorf\/Bil\u010dovs!","publisher":{"@id":"http:\/\/ludmannsdorf.at\/#organization"},"potentialAction":[{"@type":"SearchAction","target":{"@type":"EntryPoint","urlTemplate":"http:\/\/ludmannsdorf.at\/?s={search_term_string}"},"query-input":{"@type":"PropertyValueSpecification","valueRequired":true,"valueName":"search_term_string"}}],"inLanguage":"sl-SI"},{"@type":"Organization","@id":"http:\/\/ludmannsdorf.at\/#organization","name":"Ob\u010dina Bil\u010dovs","url":"http:\/\/ludmannsdorf.at\/","logo":{"@type":"ImageObject","inLanguage":"sl-SI","@id":"http:\/\/ludmannsdorf.at\/#\/schema\/logo\/image\/","url":"https:\/\/ludmannsdorf.at\/wp-content\/uploads\/2020\/12\/cropped-wappen_Page_1-1.png","contentUrl":"https:\/\/ludmannsdorf.at\/wp-content\/uploads\/2020\/12\/cropped-wappen_Page_1-1.png","width":512,"height":512,"caption":"Gemeinde Ludmannsdorf"},"image":{"@id":"http:\/\/ludmannsdorf.at\/#\/schema\/logo\/image\/"}}]}},"_links":{"self":[{"href":"https:\/\/ludmannsdorf.at\/sl\/wp-json\/wp\/v2\/pages\/711"}],"collection":[{"href":"https:\/\/ludmannsdorf.at\/sl\/wp-json\/wp\/v2\/pages"}],"about":[{"href":"https:\/\/ludmannsdorf.at\/sl\/wp-json\/wp\/v2\/types\/page"}],"author":[{"embeddable":true,"href":"https:\/\/ludmannsdorf.at\/sl\/wp-json\/wp\/v2\/users\/1"}],"replies":[{"embeddable":true,"href":"https:\/\/ludmannsdorf.at\/sl\/wp-json\/wp\/v2\/comments?post=711"}],"version-history":[{"count":163,"href":"https:\/\/ludmannsdorf.at\/sl\/wp-json\/wp\/v2\/pages\/711\/revisions"}],"predecessor-version":[{"id":6092,"href":"https:\/\/ludmannsdorf.at\/sl\/wp-json\/wp\/v2\/pages\/711\/revisions\/6092"}],"wp:attachment":[{"href":"https:\/\/ludmannsdorf.at\/sl\/wp-json\/wp\/v2\/media?parent=711"}],"curies":[{"name":"wp","href":"https:\/\/api.w.org\/{rel}","templated":true}]}}