{"id":5762,"date":"2023-04-02T20:58:52","date_gmt":"2023-04-02T18:58:52","guid":{"rendered":"http:\/\/ludmannsdorf.at\/?page_id=5762"},"modified":"2024-10-25T13:25:25","modified_gmt":"2024-10-25T11:25:25","slug":"elementor-5762","status":"publish","type":"page","link":"https:\/\/ludmannsdorf.at\/sl\/elementor-5762\/","title":{"rendered":"Zadruga 2.0"},"content":{"rendered":"<div data-elementor-type=\"wp-page\" data-elementor-id=\"5762\" class=\"elementor elementor-5762\" data-elementor-post-type=\"page\">\n\t\t\t\t\t\t<section class=\"elementor-section elementor-top-section elementor-element elementor-element-7da8a6af elementor-section-full_width elementor-section-height-default elementor-section-height-default\" data-id=\"7da8a6af\" data-element_type=\"section\" data-e-type=\"section\" data-settings=\"{&quot;shape_divider_bottom&quot;:&quot;wave-brush&quot;}\">\n\t\t\t\t\t<div class=\"elementor-shape elementor-shape-bottom\" aria-hidden=\"true\" data-negative=\"false\">\n\t\t\t<svg xmlns=\"http:\/\/www.w3.org\/2000\/svg\" viewbox=\"0 0 283.5 27.8\" preserveaspectratio=\"none\">\n\t<path class=\"elementor-shape-fill\" d=\"M283.5,9.7c0,0-7.3,4.3-14,4.6c-6.8,0.3-12.6,0-20.9-1.5c-11.3-2-33.1-10.1-44.7-5.7\ts-12.1,4.6-18,7.4c-6.6,3.2-20,9.6-36.6,9.3C131.6,23.5,99.5,7.2,86.3,8c-1.4,0.1-6.6,0.8-10.5,2c-3.8,1.2-9.4,3.8-17,4.7\tc-3.2,0.4-8.3,1.1-14.2,0.9c-1.5-0.1-6.3-0.4-12-1.6c-5.7-1.2-11-3.1-15.8-3.7C6.5,9.2,0,10.8,0,10.8V0h283.5V9.7z M260.8,11.3\tc-0.7-1-2-0.4-4.3-0.4c-2.3,0-6.1-1.2-5.8-1.1c0.3,0.1,3.1,1.5,6,1.9C259.7,12.2,261.4,12.3,260.8,11.3z M242.4,8.6\tc0,0-2.4-0.2-5.6-0.9c-3.2-0.8-10.3-2.8-15.1-3.5c-8.2-1.1-15.8,0-15.1,0.1c0.8,0.1,9.6-0.6,17.6,1.1c3.3,0.7,9.3,2.2,12.4,2.7\tC239.9,8.7,242.4,8.6,242.4,8.6z M185.2,8.5c1.7-0.7-13.3,4.7-18.5,6.1c-2.1,0.6-6.2,1.6-10,2c-3.9,0.4-8.9,0.4-8.8,0.5\tc0,0.2,5.8,0.8,11.2,0c5.4-0.8,5.2-1.1,7.6-1.6C170.5,14.7,183.5,9.2,185.2,8.5z M199.1,6.9c0.2,0-0.8-0.4-4.8,1.1\tc-4,1.5-6.7,3.5-6.9,3.7c-0.2,0.1,3.5-1.8,6.6-3C197,7.5,199,6.9,199.1,6.9z M283,6c-0.1,0.1-1.9,1.1-4.8,2.5s-6.9,2.8-6.7,2.7\tc0.2,0,3.5-0.6,7.4-2.5C282.8,6.8,283.1,5.9,283,6z M31.3,11.6c0.1-0.2-1.9-0.2-4.5-1.2s-5.4-1.6-7.8-2C15,7.6,7.3,8.5,7.7,8.6\tC8,8.7,15.9,8.3,20.2,9.3c2.2,0.5,2.4,0.5,5.7,1.6S31.2,11.9,31.3,11.6z M73,9.2c0.4-0.1,3.5-1.6,8.4-2.6c4.9-1.1,8.9-0.5,8.9-0.8\tc0-0.3-1-0.9-6.2-0.3S72.6,9.3,73,9.2z M71.6,6.7C71.8,6.8,75,5.4,77.3,5c2.3-0.3,1.9-0.5,1.9-0.6c0-0.1-1.1-0.2-2.7,0.2\tC74.8,5.1,71.4,6.6,71.6,6.7z M93.6,4.4c0.1,0.2,3.5,0.8,5.6,1.8c2.1,1,1.8,0.6,1.9,0.5c0.1-0.1-0.8-0.8-2.4-1.3\tC97.1,4.8,93.5,4.2,93.6,4.4z M65.4,11.1c-0.1,0.3,0.3,0.5,1.9-0.2s2.6-1.3,2.2-1.2s-0.9,0.4-2.5,0.8C65.3,10.9,65.5,10.8,65.4,11.1\tz M34.5,12.4c-0.2,0,2.1,0.8,3.3,0.9c1.2,0.1,2,0.1,2-0.2c0-0.3-0.1-0.5-1.6-0.4C36.6,12.8,34.7,12.4,34.5,12.4z M152.2,21.1\tc-0.1,0.1-2.4-0.3-7.5-0.3c-5,0-13.6-2.4-17.2-3.5c-3.6-1.1,10,3.9,16.5,4.1C150.5,21.6,152.3,21,152.2,21.1z\"\/>\n\t<path class=\"elementor-shape-fill\" d=\"M269.6,18c-0.1-0.1-4.6,0.3-7.2,0c-7.3-0.7-17-3.2-16.6-2.9c0.4,0.3,13.7,3.1,17,3.3\tC267.7,18.8,269.7,18,269.6,18z\"\/>\n\t<path class=\"elementor-shape-fill\" d=\"M227.4,9.8c-0.2-0.1-4.5-1-9.5-1.2c-5-0.2-12.7,0.6-12.3,0.5c0.3-0.1,5.9-1.8,13.3-1.2\tS227.6,9.9,227.4,9.8z\"\/>\n\t<path class=\"elementor-shape-fill\" d=\"M204.5,13.4c-0.1-0.1,2-1,3.2-1.1c1.2-0.1,2,0,2,0.3c0,0.3-0.1,0.5-1.6,0.4\tC206.4,12.9,204.6,13.5,204.5,13.4z\"\/>\n\t<path class=\"elementor-shape-fill\" d=\"M201,10.6c0-0.1-4.4,1.2-6.3,2.2c-1.9,0.9-6.2,3.1-6.1,3.1c0.1,0.1,4.2-1.6,6.3-2.6\tS201,10.7,201,10.6z\"\/>\n\t<path class=\"elementor-shape-fill\" d=\"M154.5,26.7c-0.1-0.1-4.6,0.3-7.2,0c-7.3-0.7-17-3.2-16.6-2.9c0.4,0.3,13.7,3.1,17,3.3\tC152.6,27.5,154.6,26.8,154.5,26.7z\"\/>\n\t<path class=\"elementor-shape-fill\" d=\"M41.9,19.3c0,0,1.2-0.3,2.9-0.1c1.7,0.2,5.8,0.9,8.2,0.7c4.2-0.4,7.4-2.7,7-2.6\tc-0.4,0-4.3,2.2-8.6,1.9c-1.8-0.1-5.1-0.5-6.7-0.4S41.9,19.3,41.9,19.3z\"\/>\n\t<path class=\"elementor-shape-fill\" d=\"M75.5,12.6c0.2,0.1,2-0.8,4.3-1.1c2.3-0.2,2.1-0.3,2.1-0.5c0-0.1-1.8-0.4-3.4,0\tC76.9,11.5,75.3,12.5,75.5,12.6z\"\/>\n\t<path class=\"elementor-shape-fill\" d=\"M15.6,13.2c0-0.1,4.3,0,6.7,0.5c2.4,0.5,5,1.9,5,2c0,0.1-2.7-0.8-5.1-1.4\tC19.9,13.7,15.7,13.3,15.6,13.2z\"\/>\n<\/svg>\t\t<\/div>\n\t\t\t\t\t<div class=\"elementor-container elementor-column-gap-default\">\n\t\t\t\t\t<div class=\"elementor-column elementor-col-100 elementor-top-column elementor-element elementor-element-67297b7b\" data-id=\"67297b7b\" data-element_type=\"column\" data-e-type=\"column\">\n\t\t\t<div class=\"elementor-widget-wrap elementor-element-populated\">\n\t\t\t\t\t\t<div class=\"elementor-element elementor-element-149204ce elementor--h-position-center elementor--v-position-middle elementor-arrows-position-inside elementor-pagination-position-inside elementor-widget elementor-widget-slides\" data-id=\"149204ce\" data-element_type=\"widget\" data-e-type=\"widget\" data-settings=\"{&quot;autoplay_speed&quot;:7000,&quot;navigation&quot;:&quot;both&quot;,&quot;autoplay&quot;:&quot;yes&quot;,&quot;pause_on_hover&quot;:&quot;yes&quot;,&quot;pause_on_interaction&quot;:&quot;yes&quot;,&quot;infinite&quot;:&quot;yes&quot;,&quot;transition&quot;:&quot;slide&quot;,&quot;transition_speed&quot;:500}\" data-widget_type=\"slides.default\">\n\t\t\t\t<div class=\"elementor-widget-container\">\n\t\t\t\t\t\t\t\t\t<div class=\"elementor-swiper\">\n\t\t\t\t\t<div class=\"elementor-slides-wrapper elementor-main-swiper swiper\" role=\"region\" aria-roledescription=\"carousel\" aria-label=\"Slides\" dir=\"ltr\" data-animation=\"fadeInDown\">\n\t\t\t\t<div class=\"swiper-wrapper elementor-slides\">\n\t\t\t\t\t\t\t\t\t\t<div class=\"elementor-repeater-item-dc2b20d swiper-slide\" role=\"group\" aria-roledescription=\"slide\"><div class=\"swiper-slide-bg elementor-ken-burns elementor-ken-burns--in\" role=\"img\"><\/div><div class=\"swiper-slide-inner\" ><div class=\"swiper-slide-contents\"><div class=\"elementor-slide-heading\">KiKu - Kinder&Kultur<\/div><\/div><\/div><\/div>\t\t\t\t<\/div>\n\t\t\t\t\t\t\t<\/div>\n\t\t\t\t<\/div>\n\t\t\t\t\t\t\t\t<\/div>\n\t\t\t\t<\/div>\n\t\t\t\t\t<\/div>\n\t\t<\/div>\n\t\t\t\t\t<\/div>\n\t\t<\/section>\n\t\t\t\t<section class=\"elementor-section elementor-top-section elementor-element elementor-element-bbb206c elementor-section-boxed elementor-section-height-default elementor-section-height-default\" data-id=\"bbb206c\" data-element_type=\"section\" data-e-type=\"section\">\n\t\t\t\t\t\t<div class=\"elementor-container elementor-column-gap-default\">\n\t\t\t\t\t<div class=\"elementor-column elementor-col-100 elementor-top-column elementor-element elementor-element-e48ae8c\" data-id=\"e48ae8c\" data-element_type=\"column\" data-e-type=\"column\">\n\t\t\t<div class=\"elementor-widget-wrap elementor-element-populated\">\n\t\t\t\t\t\t<div class=\"elementor-element elementor-element-a4723f2 elementor-widget elementor-widget-text-editor\" data-id=\"a4723f2\" data-element_type=\"widget\" data-e-type=\"widget\" data-widget_type=\"text-editor.default\">\n\t\t\t\t<div class=\"elementor-widget-container\">\n\t\t\t\t\t\t\t\t\t<h3>Gradbena kultura okrepi in o\u017eivlja va\u0161ko jedro<\/h3><p><strong>Situacija in stanje nalog<\/strong><\/p><p>Va\u0161ko jedro v Bil\u010dovsu je nastalo v zadnjih letih z naselitvijo  banke in zadruge Zadruga. Obe instituciji sta se medtem zaprli in obstoje\u010da poslopja ja kupila ob\u010dina.<\/p><p>Ob\u010dinski urad se je \u017ee preselil v prostore biv\u0161e banke. Sosednja Zadruga je ostala prazna. To izhodi\u0161\u010de omogo\u010da ob\u0161irno novo razmi\u0161lanje o va\u0161kem jedru in nudi idealno bazo za skupen razvoj bodo\u010dnosti. Leta 2018 je delovala v ob\u010dini Bil\u010dovs idejna delavnica (nonconform). Tema te delavnice je bil razvoj va\u0161kega jedra in izcimilo se je veliko predlogov za novo orientacijo. Naslanjajo\u010d se na to je ob\u010dina izvedla workshop za preciziranje in konkretiziranje na\u010drtovalnih namenov in razpisala v soglasju z Uradom Koro\u0161ke de\u017eelne vlade nate\u010daj arhitektov. Nate\u010daj nudi mo\u017enost, da se na\u010drtovalne namere prostorsko upodobijo, preu\u010dijo in medsebojno primerjajo in je garant za to, da se dose\u017eejo najbolj\u0161e arhitektonske in prostorske re\u0161itve.<\/p><p><strong>Projektni opis zmagovalnega projekta<\/strong><\/p><p>Zavestno in samoumevno se pripbli\u017ea poslopje k cestnemu prostoru in tako isto\u010dasno sprejema in posreduje. S tako postavitvijo se definira skupaj z ob\u010dinskim uradom, \u017eupni\u0161\u010dem ter cerkvijo in gostilno va\u0161ko sredi\u0161\u010de. Z zmanj\u0161evanjem obstoje\u010de parkirne povr\u0161ine v naravi nastaja javno va\u0161ko mesto z zelenimi otoki, drevjem, ki nudi sence, in conami s klopmi za zadr\u017eevanje ter vodnjak s pitno vodo kot  centralno mesto za sre\u010davanje. Precizna va\u0161ko prostorska postavitev novega gradbenega telesa nudi z minimirano porabo tal  maksimum prostih povr\u0161in za kraj. Situiranje dohodov in funkcij v pritli\u010dju zasigurajo dolgotrajno \u017eivahnost na va\u0161kem prostoru z visoko atmosferi\u010dno kvaliteto zadr\u017eevanja v notranjem in zunanjem prostoru.<\/p><p>Notranjeprostorski razpored funkcij sledi enostavni organizaciji. Ve\u010dnamenski prostori, ki jih je mo\u017eno povezovati, so situirani v pritli\u010dju, da se lahko tudi iz va\u0161ke sredine uporabljajo in aktivirajo. Veliki stekleni  elementi tvorijo prostorski prehod in skrbijo za vzajemne odnose med znotraj in zunaj. Stekleno fasado je mo\u017eno pri prireditvah odpreti. Gornje nadstropje pa je v nasprotju intimno in se razume kot zato\u010di\u0161\u010de za najmanj\u0161e ob\u010danke in ob\u010dane in daje prostor celodnevni otro\u0161ki skupini. Preko lo\u010denega vhoda se dose\u017ee stopni\u0161\u010de (zapornica pred nsnago) oz. dvigalo in prispe navzgor k skupinskim prostorom. Materialiteta naj se izvede  konsekventeno z leseno gradnjo  v naravnem stanju.<\/p>\t\t\t\t\t\t\t\t<\/div>\n\t\t\t\t<\/div>\n\t\t\t\t\t<\/div>\n\t\t<\/div>\n\t\t\t\t\t<\/div>\n\t\t<\/section>\n\t\t\t\t<section class=\"elementor-section elementor-top-section elementor-element elementor-element-8cbd4d4 elementor-section-boxed elementor-section-height-default elementor-section-height-default\" data-id=\"8cbd4d4\" data-element_type=\"section\" data-e-type=\"section\">\n\t\t\t\t\t\t<div class=\"elementor-container elementor-column-gap-default\">\n\t\t\t\t\t<div class=\"elementor-column elementor-col-100 elementor-top-column elementor-element elementor-element-422d189\" data-id=\"422d189\" data-element_type=\"column\" data-e-type=\"column\">\n\t\t\t<div class=\"elementor-widget-wrap elementor-element-populated\">\n\t\t\t\t\t\t<div class=\"elementor-element elementor-element-d7ba2f8 elementor-widget elementor-widget-pdf_viewer\" data-id=\"d7ba2f8\" data-element_type=\"widget\" data-e-type=\"widget\" data-widget_type=\"pdf_viewer.default\">\n\t\t\t\t<div class=\"elementor-widget-container\">\n\t\t\t\t\t<iframe src=\"https:\/\/docs.google.com\/viewer?url=http:\/\/ludmannsdorf.at\/wp-content\/uploads\/2023\/04\/Zadruga-2.0-Ludmannsdorf_Entwurf.pdf&amp;embedded=true\" style=\"display: block; margin-left: auto; margin-right: auto; width: 640px; height: 480px;\" frameborder=\"1\" marginheight=\"0px\" marginwidth=\"0px\" allowfullscreen><\/iframe>\t\t\t\t<\/div>\n\t\t\t\t<\/div>\n\t\t\t\t\t<\/div>\n\t\t<\/div>\n\t\t\t\t\t<\/div>\n\t\t<\/section>\n\t\t\t\t<section class=\"elementor-section elementor-top-section elementor-element elementor-element-ad1de97 elementor-section-boxed elementor-section-height-default elementor-section-height-default\" data-id=\"ad1de97\" data-element_type=\"section\" data-e-type=\"section\">\n\t\t\t\t\t\t<div class=\"elementor-container elementor-column-gap-default\">\n\t\t\t\t\t<div class=\"elementor-column elementor-col-100 elementor-top-column elementor-element elementor-element-1fd5e3d\" data-id=\"1fd5e3d\" data-element_type=\"column\" data-e-type=\"column\">\n\t\t\t<div class=\"elementor-widget-wrap elementor-element-populated\">\n\t\t\t\t\t\t<div class=\"elementor-element elementor-element-d26ec81 elementor-widget elementor-widget-image\" data-id=\"d26ec81\" data-element_type=\"widget\" data-e-type=\"widget\" data-widget_type=\"image.default\">\n\t\t\t\t<div class=\"elementor-widget-container\">\n\t\t\t\t\t\t\t\t\t\t\t\t\t\t\t<img fetchpriority=\"high\" decoding=\"async\" width=\"800\" height=\"96\" src=\"http:\/\/ludmannsdorf.at\/wp-content\/uploads\/2024\/07\/file-1-1024x123.jpeg\" class=\"attachment-large size-large wp-image-6250\" alt=\"\" srcset=\"http:\/\/ludmannsdorf.at\/wp-content\/uploads\/2024\/07\/file-1-1024x123.jpeg 1024w, http:\/\/ludmannsdorf.at\/wp-content\/uploads\/2024\/07\/file-1-300x36.jpeg 300w, http:\/\/ludmannsdorf.at\/wp-content\/uploads\/2024\/07\/file-1-768x92.jpeg 768w, http:\/\/ludmannsdorf.at\/wp-content\/uploads\/2024\/07\/file-1-1536x185.jpeg 1536w, http:\/\/ludmannsdorf.at\/wp-content\/uploads\/2024\/07\/file-1-2048x246.jpeg 2048w, http:\/\/ludmannsdorf.at\/wp-content\/uploads\/2024\/07\/file-1-18x2.jpeg 18w\" sizes=\"(max-width: 800px) 100vw, 800px\" \/>\t\t\t\t\t\t\t\t\t\t\t\t\t\t\t<\/div>\n\t\t\t\t<\/div>\n\t\t\t\t\t<\/div>\n\t\t<\/div>\n\t\t\t\t\t<\/div>\n\t\t<\/section>\n\t\t\t\t<section class=\"elementor-section elementor-top-section elementor-element elementor-element-09ff943 elementor-section-boxed elementor-section-height-default elementor-section-height-default\" data-id=\"09ff943\" data-element_type=\"section\" data-e-type=\"section\">\n\t\t\t\t\t\t<div class=\"elementor-container elementor-column-gap-default\">\n\t\t\t\t\t<div class=\"elementor-column elementor-col-100 elementor-top-column elementor-element elementor-element-7c48a85\" data-id=\"7c48a85\" data-element_type=\"column\" data-e-type=\"column\">\n\t\t\t<div class=\"elementor-widget-wrap elementor-element-populated\">\n\t\t\t\t\t\t<div class=\"elementor-element elementor-element-d60efce elementor-widget elementor-widget-pdf_viewer\" data-id=\"d60efce\" data-element_type=\"widget\" data-e-type=\"widget\" data-widget_type=\"pdf_viewer.default\">\n\t\t\t\t<div class=\"elementor-widget-container\">\n\t\t\t\t\t<iframe src=\"https:\/\/docs.google.com\/viewer?url=http:\/\/ludmannsdorf.at\/wp-content\/uploads\/2024\/07\/4_Foeg_Leiste_BundELERKAERNTENLeaderEU_2022_4C.pdf&amp;embedded=true\" style=\"display: block; margin-left: auto; margin-right: auto; width: 640px; height: 100px;\" frameborder=\"1\" marginheight=\"0px\" marginwidth=\"0px\" allowfullscreen><\/iframe>\t\t\t\t<\/div>\n\t\t\t\t<\/div>\n\t\t\t\t\t<\/div>\n\t\t<\/div>\n\t\t\t\t\t<\/div>\n\t\t<\/section>\n\t\t\t\t<\/div>","protected":false},"excerpt":{"rendered":"<p>KiKu &#8211; Kinder&#038;Kultur Baukultur st\u00e4rkt und belebt den Ortskern Situation und Aufgabenstellung: Der Ortskern von Ludmannsdorf\/Bil\u010dovs ist in den vergangenen 70 Jahren durch die Ansiedlung einer Bank und der Zadruga Genossenschaft entstanden. Beide Institutionen wurden mittlerweile geschlossen und die bestehenden Geb\u00e4ude von der Gemeinde gekauft. Das Gemeindeamt ist bereits in die R\u00e4umlichkeiten der ehemaligen Bank [&hellip;]<\/p>\n","protected":false},"author":1,"featured_media":0,"parent":0,"menu_order":0,"comment_status":"closed","ping_status":"closed","template":"","meta":{"footnotes":""},"class_list":["post-5762","page","type-page","status-publish","hentry"],"yoast_head":"<!-- This site is optimized with the Yoast SEO plugin v25.6 - https:\/\/yoast.com\/wordpress\/plugins\/seo\/ -->\n<title>Zadruga 2.0 - Gemeinde Ludmannsdorf<\/title>\n<meta name=\"robots\" content=\"index, follow, max-snippet:-1, max-image-preview:large, max-video-preview:-1\" \/>\n<link rel=\"canonical\" href=\"https:\/\/ludmannsdorf.at\/sl\/elementor-5762\/\" \/>\n<meta property=\"og:locale\" content=\"sl_SI\" \/>\n<meta property=\"og:type\" content=\"article\" \/>\n<meta property=\"og:title\" content=\"Zadruga 2.0 - Gemeinde Ludmannsdorf\" \/>\n<meta property=\"og:description\" content=\"KiKu &#8211; Kinder&#038;Kultur Baukultur st\u00e4rkt und belebt den Ortskern Situation und Aufgabenstellung: Der Ortskern von Ludmannsdorf\/Bil\u010dovs ist in den vergangenen 70 Jahren durch die Ansiedlung einer Bank und der Zadruga Genossenschaft entstanden. Beide Institutionen wurden mittlerweile geschlossen und die bestehenden Geb\u00e4ude von der Gemeinde gekauft. Das Gemeindeamt ist bereits in die R\u00e4umlichkeiten der ehemaligen Bank [&hellip;]\" \/>\n<meta property=\"og:url\" content=\"https:\/\/ludmannsdorf.at\/sl\/elementor-5762\/\" \/>\n<meta property=\"og:site_name\" content=\"Gemeinde Ludmannsdorf\" \/>\n<meta property=\"article:modified_time\" content=\"2024-10-25T11:25:25+00:00\" \/>\n<meta property=\"og:image\" content=\"http:\/\/ludmannsdorf.at\/wp-content\/uploads\/2024\/07\/file-1-1024x123.jpeg\" \/>\n<meta name=\"twitter:card\" content=\"summary_large_image\" \/>\n<meta name=\"twitter:label1\" content=\"Est. reading time\" \/>\n\t<meta name=\"twitter:data1\" content=\"3 minute\" \/>\n<script type=\"application\/ld+json\" class=\"yoast-schema-graph\">{\"@context\":\"https:\/\/schema.org\",\"@graph\":[{\"@type\":\"WebPage\",\"@id\":\"https:\/\/ludmannsdorf.at\/sl\/elementor-5762\/\",\"url\":\"https:\/\/ludmannsdorf.at\/sl\/elementor-5762\/\",\"name\":\"Zadruga 2.0 - Gemeinde Ludmannsdorf\",\"isPartOf\":{\"@id\":\"http:\/\/ludmannsdorf.at\/#website\"},\"primaryImageOfPage\":{\"@id\":\"https:\/\/ludmannsdorf.at\/sl\/elementor-5762\/#primaryimage\"},\"image\":{\"@id\":\"https:\/\/ludmannsdorf.at\/sl\/elementor-5762\/#primaryimage\"},\"thumbnailUrl\":\"http:\/\/ludmannsdorf.at\/wp-content\/uploads\/2024\/07\/file-1-1024x123.jpeg\",\"datePublished\":\"2023-04-02T18:58:52+00:00\",\"dateModified\":\"2024-10-25T11:25:25+00:00\",\"breadcrumb\":{\"@id\":\"https:\/\/ludmannsdorf.at\/sl\/elementor-5762\/#breadcrumb\"},\"inLanguage\":\"sl-SI\",\"potentialAction\":[{\"@type\":\"ReadAction\",\"target\":[\"https:\/\/ludmannsdorf.at\/sl\/elementor-5762\/\"]}]},{\"@type\":\"ImageObject\",\"inLanguage\":\"sl-SI\",\"@id\":\"https:\/\/ludmannsdorf.at\/sl\/elementor-5762\/#primaryimage\",\"url\":\"http:\/\/ludmannsdorf.at\/wp-content\/uploads\/2024\/07\/file-1-1024x123.jpeg\",\"contentUrl\":\"http:\/\/ludmannsdorf.at\/wp-content\/uploads\/2024\/07\/file-1-1024x123.jpeg\"},{\"@type\":\"BreadcrumbList\",\"@id\":\"https:\/\/ludmannsdorf.at\/sl\/elementor-5762\/#breadcrumb\",\"itemListElement\":[{\"@type\":\"ListItem\",\"position\":1,\"name\":\"Startseite\",\"item\":\"https:\/\/ludmannsdorf.at\/\"},{\"@type\":\"ListItem\",\"position\":2,\"name\":\"Zadruga 2.0\"}]},{\"@type\":\"WebSite\",\"@id\":\"http:\/\/ludmannsdorf.at\/#website\",\"url\":\"http:\/\/ludmannsdorf.at\/\",\"name\":\"Gemeinde Ludmannsdorf\",\"description\":\"Willkommen in Ludmannsdorf\/Bil\u010dovs!\",\"publisher\":{\"@id\":\"http:\/\/ludmannsdorf.at\/#organization\"},\"potentialAction\":[{\"@type\":\"SearchAction\",\"target\":{\"@type\":\"EntryPoint\",\"urlTemplate\":\"http:\/\/ludmannsdorf.at\/?s={search_term_string}\"},\"query-input\":{\"@type\":\"PropertyValueSpecification\",\"valueRequired\":true,\"valueName\":\"search_term_string\"}}],\"inLanguage\":\"sl-SI\"},{\"@type\":\"Organization\",\"@id\":\"http:\/\/ludmannsdorf.at\/#organization\",\"name\":\"Gemeinde Ludmannsdorf\",\"url\":\"http:\/\/ludmannsdorf.at\/\",\"logo\":{\"@type\":\"ImageObject\",\"inLanguage\":\"sl-SI\",\"@id\":\"http:\/\/ludmannsdorf.at\/#\/schema\/logo\/image\/\",\"url\":\"https:\/\/ludmannsdorf.at\/wp-content\/uploads\/2020\/12\/cropped-wappen_Page_1-1.png\",\"contentUrl\":\"https:\/\/ludmannsdorf.at\/wp-content\/uploads\/2020\/12\/cropped-wappen_Page_1-1.png\",\"width\":512,\"height\":512,\"caption\":\"Gemeinde Ludmannsdorf\"},\"image\":{\"@id\":\"http:\/\/ludmannsdorf.at\/#\/schema\/logo\/image\/\"}}]}<\/script>\n<!-- \/ Yoast SEO plugin. -->","yoast_head_json":{"title":"Zadruga 2.0 - Gemeinde Ludmannsdorf","robots":{"index":"index","follow":"follow","max-snippet":"max-snippet:-1","max-image-preview":"max-image-preview:large","max-video-preview":"max-video-preview:-1"},"canonical":"https:\/\/ludmannsdorf.at\/sl\/elementor-5762\/","og_locale":"sl_SI","og_type":"article","og_title":"Zadruga 2.0 - Gemeinde Ludmannsdorf","og_description":"KiKu &#8211; Kinder&#038;Kultur Baukultur st\u00e4rkt und belebt den Ortskern Situation und Aufgabenstellung: Der Ortskern von Ludmannsdorf\/Bil\u010dovs ist in den vergangenen 70 Jahren durch die Ansiedlung einer Bank und der Zadruga Genossenschaft entstanden. Beide Institutionen wurden mittlerweile geschlossen und die bestehenden Geb\u00e4ude von der Gemeinde gekauft. Das Gemeindeamt ist bereits in die R\u00e4umlichkeiten der ehemaligen Bank [&hellip;]","og_url":"https:\/\/ludmannsdorf.at\/sl\/elementor-5762\/","og_site_name":"Gemeinde Ludmannsdorf","article_modified_time":"2024-10-25T11:25:25+00:00","og_image":[{"url":"http:\/\/ludmannsdorf.at\/wp-content\/uploads\/2024\/07\/file-1-1024x123.jpeg","type":"","width":"","height":""}],"twitter_card":"summary_large_image","twitter_misc":{"Est. reading time":"3 minute"},"schema":{"@context":"https:\/\/schema.org","@graph":[{"@type":"WebPage","@id":"https:\/\/ludmannsdorf.at\/sl\/elementor-5762\/","url":"https:\/\/ludmannsdorf.at\/sl\/elementor-5762\/","name":"Zadruga 2.0 - Gemeinde Ludmannsdorf","isPartOf":{"@id":"http:\/\/ludmannsdorf.at\/#website"},"primaryImageOfPage":{"@id":"https:\/\/ludmannsdorf.at\/sl\/elementor-5762\/#primaryimage"},"image":{"@id":"https:\/\/ludmannsdorf.at\/sl\/elementor-5762\/#primaryimage"},"thumbnailUrl":"http:\/\/ludmannsdorf.at\/wp-content\/uploads\/2024\/07\/file-1-1024x123.jpeg","datePublished":"2023-04-02T18:58:52+00:00","dateModified":"2024-10-25T11:25:25+00:00","breadcrumb":{"@id":"https:\/\/ludmannsdorf.at\/sl\/elementor-5762\/#breadcrumb"},"inLanguage":"sl-SI","potentialAction":[{"@type":"ReadAction","target":["https:\/\/ludmannsdorf.at\/sl\/elementor-5762\/"]}]},{"@type":"ImageObject","inLanguage":"sl-SI","@id":"https:\/\/ludmannsdorf.at\/sl\/elementor-5762\/#primaryimage","url":"http:\/\/ludmannsdorf.at\/wp-content\/uploads\/2024\/07\/file-1-1024x123.jpeg","contentUrl":"http:\/\/ludmannsdorf.at\/wp-content\/uploads\/2024\/07\/file-1-1024x123.jpeg"},{"@type":"BreadcrumbList","@id":"https:\/\/ludmannsdorf.at\/sl\/elementor-5762\/#breadcrumb","itemListElement":[{"@type":"ListItem","position":1,"name":"Startseite","item":"https:\/\/ludmannsdorf.at\/"},{"@type":"ListItem","position":2,"name":"Zadruga 2.0"}]},{"@type":"WebSite","@id":"http:\/\/ludmannsdorf.at\/#website","url":"http:\/\/ludmannsdorf.at\/","name":"Ob\u010dina Bil\u010dovs","description":"Dobrodo\u0161li v Ludmannsdorf\/Bil\u010dovs!","publisher":{"@id":"http:\/\/ludmannsdorf.at\/#organization"},"potentialAction":[{"@type":"SearchAction","target":{"@type":"EntryPoint","urlTemplate":"http:\/\/ludmannsdorf.at\/?s={search_term_string}"},"query-input":{"@type":"PropertyValueSpecification","valueRequired":true,"valueName":"search_term_string"}}],"inLanguage":"sl-SI"},{"@type":"Organization","@id":"http:\/\/ludmannsdorf.at\/#organization","name":"Ob\u010dina Bil\u010dovs","url":"http:\/\/ludmannsdorf.at\/","logo":{"@type":"ImageObject","inLanguage":"sl-SI","@id":"http:\/\/ludmannsdorf.at\/#\/schema\/logo\/image\/","url":"https:\/\/ludmannsdorf.at\/wp-content\/uploads\/2020\/12\/cropped-wappen_Page_1-1.png","contentUrl":"https:\/\/ludmannsdorf.at\/wp-content\/uploads\/2020\/12\/cropped-wappen_Page_1-1.png","width":512,"height":512,"caption":"Gemeinde Ludmannsdorf"},"image":{"@id":"http:\/\/ludmannsdorf.at\/#\/schema\/logo\/image\/"}}]}},"_links":{"self":[{"href":"https:\/\/ludmannsdorf.at\/sl\/wp-json\/wp\/v2\/pages\/5762"}],"collection":[{"href":"https:\/\/ludmannsdorf.at\/sl\/wp-json\/wp\/v2\/pages"}],"about":[{"href":"https:\/\/ludmannsdorf.at\/sl\/wp-json\/wp\/v2\/types\/page"}],"author":[{"embeddable":true,"href":"https:\/\/ludmannsdorf.at\/sl\/wp-json\/wp\/v2\/users\/1"}],"replies":[{"embeddable":true,"href":"https:\/\/ludmannsdorf.at\/sl\/wp-json\/wp\/v2\/comments?post=5762"}],"version-history":[{"count":62,"href":"https:\/\/ludmannsdorf.at\/sl\/wp-json\/wp\/v2\/pages\/5762\/revisions"}],"predecessor-version":[{"id":6300,"href":"https:\/\/ludmannsdorf.at\/sl\/wp-json\/wp\/v2\/pages\/5762\/revisions\/6300"}],"wp:attachment":[{"href":"https:\/\/ludmannsdorf.at\/sl\/wp-json\/wp\/v2\/media?parent=5762"}],"curies":[{"name":"wp","href":"https:\/\/api.w.org\/{rel}","templated":true}]}}