{"id":2497,"date":"2021-03-03T14:32:54","date_gmt":"2021-03-03T14:32:54","guid":{"rendered":"https:\/\/ludmannsdorf.axandu.com\/?page_id=2497"},"modified":"2021-03-03T14:54:52","modified_gmt":"2021-03-03T14:54:52","slug":"allgemeines","status":"publish","type":"page","link":"https:\/\/ludmannsdorf.at\/sl\/allgemeines\/","title":{"rendered":"Splo\u0161no"},"content":{"rendered":"<div data-elementor-type=\"wp-page\" data-elementor-id=\"2497\" class=\"elementor elementor-2497\" data-elementor-post-type=\"page\">\n\t\t\t\t\t\t<section class=\"elementor-section elementor-top-section elementor-element elementor-element-66696845 elementor-section-full_width elementor-section-height-default elementor-section-height-default\" data-id=\"66696845\" data-element_type=\"section\" data-e-type=\"section\" data-settings=\"{&quot;shape_divider_bottom&quot;:&quot;wave-brush&quot;}\">\n\t\t\t\t\t<div class=\"elementor-shape elementor-shape-bottom\" aria-hidden=\"true\" data-negative=\"false\">\n\t\t\t<svg xmlns=\"http:\/\/www.w3.org\/2000\/svg\" viewbox=\"0 0 283.5 27.8\" preserveaspectratio=\"none\">\n\t<path class=\"elementor-shape-fill\" d=\"M283.5,9.7c0,0-7.3,4.3-14,4.6c-6.8,0.3-12.6,0-20.9-1.5c-11.3-2-33.1-10.1-44.7-5.7\ts-12.1,4.6-18,7.4c-6.6,3.2-20,9.6-36.6,9.3C131.6,23.5,99.5,7.2,86.3,8c-1.4,0.1-6.6,0.8-10.5,2c-3.8,1.2-9.4,3.8-17,4.7\tc-3.2,0.4-8.3,1.1-14.2,0.9c-1.5-0.1-6.3-0.4-12-1.6c-5.7-1.2-11-3.1-15.8-3.7C6.5,9.2,0,10.8,0,10.8V0h283.5V9.7z M260.8,11.3\tc-0.7-1-2-0.4-4.3-0.4c-2.3,0-6.1-1.2-5.8-1.1c0.3,0.1,3.1,1.5,6,1.9C259.7,12.2,261.4,12.3,260.8,11.3z M242.4,8.6\tc0,0-2.4-0.2-5.6-0.9c-3.2-0.8-10.3-2.8-15.1-3.5c-8.2-1.1-15.8,0-15.1,0.1c0.8,0.1,9.6-0.6,17.6,1.1c3.3,0.7,9.3,2.2,12.4,2.7\tC239.9,8.7,242.4,8.6,242.4,8.6z M185.2,8.5c1.7-0.7-13.3,4.7-18.5,6.1c-2.1,0.6-6.2,1.6-10,2c-3.9,0.4-8.9,0.4-8.8,0.5\tc0,0.2,5.8,0.8,11.2,0c5.4-0.8,5.2-1.1,7.6-1.6C170.5,14.7,183.5,9.2,185.2,8.5z M199.1,6.9c0.2,0-0.8-0.4-4.8,1.1\tc-4,1.5-6.7,3.5-6.9,3.7c-0.2,0.1,3.5-1.8,6.6-3C197,7.5,199,6.9,199.1,6.9z M283,6c-0.1,0.1-1.9,1.1-4.8,2.5s-6.9,2.8-6.7,2.7\tc0.2,0,3.5-0.6,7.4-2.5C282.8,6.8,283.1,5.9,283,6z M31.3,11.6c0.1-0.2-1.9-0.2-4.5-1.2s-5.4-1.6-7.8-2C15,7.6,7.3,8.5,7.7,8.6\tC8,8.7,15.9,8.3,20.2,9.3c2.2,0.5,2.4,0.5,5.7,1.6S31.2,11.9,31.3,11.6z M73,9.2c0.4-0.1,3.5-1.6,8.4-2.6c4.9-1.1,8.9-0.5,8.9-0.8\tc0-0.3-1-0.9-6.2-0.3S72.6,9.3,73,9.2z M71.6,6.7C71.8,6.8,75,5.4,77.3,5c2.3-0.3,1.9-0.5,1.9-0.6c0-0.1-1.1-0.2-2.7,0.2\tC74.8,5.1,71.4,6.6,71.6,6.7z M93.6,4.4c0.1,0.2,3.5,0.8,5.6,1.8c2.1,1,1.8,0.6,1.9,0.5c0.1-0.1-0.8-0.8-2.4-1.3\tC97.1,4.8,93.5,4.2,93.6,4.4z M65.4,11.1c-0.1,0.3,0.3,0.5,1.9-0.2s2.6-1.3,2.2-1.2s-0.9,0.4-2.5,0.8C65.3,10.9,65.5,10.8,65.4,11.1\tz M34.5,12.4c-0.2,0,2.1,0.8,3.3,0.9c1.2,0.1,2,0.1,2-0.2c0-0.3-0.1-0.5-1.6-0.4C36.6,12.8,34.7,12.4,34.5,12.4z M152.2,21.1\tc-0.1,0.1-2.4-0.3-7.5-0.3c-5,0-13.6-2.4-17.2-3.5c-3.6-1.1,10,3.9,16.5,4.1C150.5,21.6,152.3,21,152.2,21.1z\"\/>\n\t<path class=\"elementor-shape-fill\" d=\"M269.6,18c-0.1-0.1-4.6,0.3-7.2,0c-7.3-0.7-17-3.2-16.6-2.9c0.4,0.3,13.7,3.1,17,3.3\tC267.7,18.8,269.7,18,269.6,18z\"\/>\n\t<path class=\"elementor-shape-fill\" d=\"M227.4,9.8c-0.2-0.1-4.5-1-9.5-1.2c-5-0.2-12.7,0.6-12.3,0.5c0.3-0.1,5.9-1.8,13.3-1.2\tS227.6,9.9,227.4,9.8z\"\/>\n\t<path class=\"elementor-shape-fill\" d=\"M204.5,13.4c-0.1-0.1,2-1,3.2-1.1c1.2-0.1,2,0,2,0.3c0,0.3-0.1,0.5-1.6,0.4\tC206.4,12.9,204.6,13.5,204.5,13.4z\"\/>\n\t<path class=\"elementor-shape-fill\" d=\"M201,10.6c0-0.1-4.4,1.2-6.3,2.2c-1.9,0.9-6.2,3.1-6.1,3.1c0.1,0.1,4.2-1.6,6.3-2.6\tS201,10.7,201,10.6z\"\/>\n\t<path class=\"elementor-shape-fill\" d=\"M154.5,26.7c-0.1-0.1-4.6,0.3-7.2,0c-7.3-0.7-17-3.2-16.6-2.9c0.4,0.3,13.7,3.1,17,3.3\tC152.6,27.5,154.6,26.8,154.5,26.7z\"\/>\n\t<path class=\"elementor-shape-fill\" d=\"M41.9,19.3c0,0,1.2-0.3,2.9-0.1c1.7,0.2,5.8,0.9,8.2,0.7c4.2-0.4,7.4-2.7,7-2.6\tc-0.4,0-4.3,2.2-8.6,1.9c-1.8-0.1-5.1-0.5-6.7-0.4S41.9,19.3,41.9,19.3z\"\/>\n\t<path class=\"elementor-shape-fill\" d=\"M75.5,12.6c0.2,0.1,2-0.8,4.3-1.1c2.3-0.2,2.1-0.3,2.1-0.5c0-0.1-1.8-0.4-3.4,0\tC76.9,11.5,75.3,12.5,75.5,12.6z\"\/>\n\t<path class=\"elementor-shape-fill\" d=\"M15.6,13.2c0-0.1,4.3,0,6.7,0.5c2.4,0.5,5,1.9,5,2c0,0.1-2.7-0.8-5.1-1.4\tC19.9,13.7,15.7,13.3,15.6,13.2z\"\/>\n<\/svg>\t\t<\/div>\n\t\t\t\t\t<div class=\"elementor-container elementor-column-gap-default\">\n\t\t\t\t\t<div class=\"elementor-column elementor-col-100 elementor-top-column elementor-element elementor-element-626a1354\" data-id=\"626a1354\" data-element_type=\"column\" data-e-type=\"column\">\n\t\t\t<div class=\"elementor-widget-wrap elementor-element-populated\">\n\t\t\t\t\t\t<div class=\"elementor-element elementor-element-7c6092b elementor--h-position-center elementor--v-position-middle elementor-arrows-position-inside elementor-pagination-position-inside elementor-widget elementor-widget-slides\" data-id=\"7c6092b\" data-element_type=\"widget\" data-e-type=\"widget\" data-settings=\"{&quot;autoplay_speed&quot;:7000,&quot;navigation&quot;:&quot;both&quot;,&quot;autoplay&quot;:&quot;yes&quot;,&quot;pause_on_hover&quot;:&quot;yes&quot;,&quot;pause_on_interaction&quot;:&quot;yes&quot;,&quot;infinite&quot;:&quot;yes&quot;,&quot;transition&quot;:&quot;slide&quot;,&quot;transition_speed&quot;:500}\" data-widget_type=\"slides.default\">\n\t\t\t\t<div class=\"elementor-widget-container\">\n\t\t\t\t\t\t\t\t\t<div class=\"elementor-swiper\">\n\t\t\t\t\t<div class=\"elementor-slides-wrapper elementor-main-swiper swiper\" role=\"region\" aria-roledescription=\"carousel\" aria-label=\"Slides\" dir=\"ltr\" data-animation=\"fadeInDown\">\n\t\t\t\t<div class=\"swiper-wrapper elementor-slides\">\n\t\t\t\t\t\t\t\t\t\t<div class=\"elementor-repeater-item-dc2b20d swiper-slide\" role=\"group\" aria-roledescription=\"slide\"><div class=\"swiper-slide-bg elementor-ken-burns elementor-ken-burns--in\" role=\"img\"><\/div><div class=\"swiper-slide-inner\" ><div class=\"swiper-slide-contents\"><div class=\"elementor-slide-heading\">Splo\u0161no<\/div><\/div><\/div><\/div>\t\t\t\t<\/div>\n\t\t\t\t\t\t\t<\/div>\n\t\t\t\t<\/div>\n\t\t\t\t\t\t\t\t<\/div>\n\t\t\t\t<\/div>\n\t\t\t\t\t<\/div>\n\t\t<\/div>\n\t\t\t\t\t<\/div>\n\t\t<\/section>\n\t\t\t\t<section class=\"elementor-section elementor-top-section elementor-element elementor-element-4b3b481c elementor-section-boxed elementor-section-height-default elementor-section-height-default\" data-id=\"4b3b481c\" data-element_type=\"section\" data-e-type=\"section\">\n\t\t\t\t\t\t<div class=\"elementor-container elementor-column-gap-default\">\n\t\t\t\t\t<div class=\"elementor-column elementor-col-100 elementor-top-column elementor-element elementor-element-64e36a9e\" data-id=\"64e36a9e\" data-element_type=\"column\" data-e-type=\"column\">\n\t\t\t<div class=\"elementor-widget-wrap elementor-element-populated\">\n\t\t\t\t\t\t<div class=\"elementor-element elementor-element-3afb0804 elementor-widget elementor-widget-wp-widget-gap1_widget\" data-id=\"3afb0804\" data-element_type=\"widget\" data-e-type=\"widget\" data-widget_type=\"wp-widget-gap1_widget.default\">\n\t\t\t\t<div class=\"elementor-widget-container\">\n\t\t\t\t\t<div class=\"documentContainer\" style=\"                                                                        \"><div style='font-family:Roboto'>                <div onclick=\"location.href='https:\/\/fsw.amtsweg.gv.at\/formularserver\/user\/formular.aspx?pn=B3a6ff3b92de5431eb17f5425112295eb&pid=4268cfed78544bab8e7b40ea3ed1a93f';\" class=\"container\">\n                    <div class=\"row\">\n                        <div class=\"col-4\">\n                            <img decoding=\"async\" width=\"170px\" class=\"img-thumbnail documentPicture\" src=\"https:\/\/ludmannsdorf.at\/wp-content\/plugins\/gap1\/includes\/widget\/images\/documentLinkImg.png\" alt=\"documentWithLink\">\n                        <\/div>\n                        <div class=\"col-8\">\n                            <h5 style='text-align: left; font-size: 1.2rem'>Allgemeines Anbringen<\/h5>                            <p>\n                                                                                            <\/p>\n                            <p> Formular f\u00fcr allgemeines Anbringen. Mit diesem Formular k\u00f6nnen Sie rechtsg\u00fcltig Antr\u00e4ge, f\u00fcr die es kein eigenes Online-Formular gibt, bei der Gemeinde einbringen. Es handelt sich dabei um ein normiertes Formular (Absender, Empf\u00e4nger, Betreff, Text, Anlage(n)) und ersetzt E-Mails an die personalisierten E-Mail-Adressen der Gemeindemitarbeiter...  <\/p>\n                        <\/div>\n                    <\/div>\n                <\/div>\n                                <div onclick=\"location.href='https:\/\/fsw.amtsweg.gv.at\/formularserver\/user\/formular.aspx?pn=B8411cbc968674db0ad001df36b551751&pid=4268cfed78544bab8e7b40ea3ed1a93f';\" class=\"container\">\n                    <div class=\"row\">\n                        <div class=\"col-4\">\n                            <img decoding=\"async\" width=\"170px\" class=\"img-thumbnail documentPicture\" src=\"https:\/\/ludmannsdorf.at\/wp-content\/plugins\/gap1\/includes\/widget\/images\/documentLinkImg.png\" alt=\"documentWithLink\">\n                        <\/div>\n                        <div class=\"col-8\">\n                            <h5 style='text-align: left; font-size: 1.2rem'>Bewerbung um Aufnahme in ein Dienstverh\u00e4ltnis<\/h5>                            <p>\n                                                                                            <\/p>\n                            <p> Mit diesem Formular bewerben Sie sich um die Aufnahme in den \u00f6ffentlichen Dienst.\r\nVoraussetzungen: Geburtsurkunde, Zeugnis der 9. Schulstufe oder Abschlusszeugnis einer h\u00f6her bildenden Schule, Weiterbildungsurkunden (falls vorhanden), \r\neinschl\u00e4gige Unterlagen f\u00fcr die Bereich Verwaltung, Kindererziehung oder Bauhof <\/p>\n                        <\/div>\n                    <\/div>\n                <\/div>\n                                <div onclick=\"location.href='https:\/\/gemeindeappstorage.blob.core.windows.net\/usercontent\/a5e4cc2c-8317-42f8-b412-f45ae80baf24\/full\/f582fa4e-cef4-4670-b8af-b54112a7d430\/Mitteilung%20bzw.%20Ansuchen%20Brauchtumsfeuer_online.pdf';\" class=\"container\">\n                    <div class=\"row\">\n                        <div class=\"col-4\">\n                            <img decoding=\"async\" class=\"img-thumbnail documentPicture\" src=\"https:\/\/gemeindeappstorage.blob.core.windows.net\/usercontent\/a5e4cc2c-8317-42f8-b412-f45ae80baf24\/thumbnail\/f582fa4e-cef4-4670-b8af-b54112a7d430\/Mitteilung%20bzw.%20Ansuchen%20Brauchtumsfeuer_online.jpg\" alt=\"Brauchtumsfeuer\">\n                        <\/div>\n                        <div class=\"col-8\">\n                            <h5 style='text-align: left; font-size: 1.2rem'>Brauchtumsfeuer<\/h5>                            <p>\n                                                                                            <\/p>\n                            <p> Mitteilung \u00fcber das Abbrennen eines Brauchtumsfeuers (gem. \u00a7 2 Abs. 4 \u2013 K\u00e4rntner Verbrennungsverbot-Ausnahmeverordnung 2011 idgF)\r\nVoraussetzungen: Lageplan der Feuerstelle und Angaben der Gr\u00f6\u00dfe\r\nAnfallende Kosten und Geb\u00fchren: kostenfrei im unbebauten Gebiet, in bebauten Gebiet ca. 30,00 \u20ac Geb\u00fchren f\u00fcr die Ausnahmegenehmigung\r\nTermine:...  <\/p>\n                        <\/div>\n                    <\/div>\n                <\/div>\n                <\/div><\/div>\t\t\t\t<\/div>\n\t\t\t\t<\/div>\n\t\t\t\t\t<\/div>\n\t\t<\/div>\n\t\t\t\t\t<\/div>\n\t\t<\/section>\n\t\t\t\t<\/div>","protected":false},"excerpt":{"rendered":"<p>Splo\u0161no<\/p>","protected":false},"author":1,"featured_media":0,"parent":0,"menu_order":0,"comment_status":"closed","ping_status":"closed","template":"","meta":{"footnotes":""},"class_list":["post-2497","page","type-page","status-publish","hentry"],"yoast_head":"<!-- This site is optimized with the Yoast SEO plugin v25.6 - https:\/\/yoast.com\/wordpress\/plugins\/seo\/ -->\n<title>Allgemeines - Gemeinde Ludmannsdorf<\/title>\n<meta name=\"robots\" content=\"index, follow, max-snippet:-1, max-image-preview:large, max-video-preview:-1\" \/>\n<link rel=\"canonical\" href=\"http:\/\/ludmannsdorf.at\/sl\/allgemeines\/\" \/>\n<meta property=\"og:locale\" content=\"sl_SI\" \/>\n<meta property=\"og:type\" content=\"article\" \/>\n<meta property=\"og:title\" content=\"Allgemeines - Gemeinde Ludmannsdorf\" \/>\n<meta property=\"og:description\" content=\"Allgemeines\" \/>\n<meta property=\"og:url\" content=\"http:\/\/ludmannsdorf.at\/sl\/allgemeines\/\" \/>\n<meta property=\"og:site_name\" content=\"Gemeinde Ludmannsdorf\" \/>\n<meta property=\"article:modified_time\" content=\"2021-03-03T14:54:52+00:00\" \/>\n<meta name=\"twitter:card\" content=\"summary_large_image\" \/>\n<meta name=\"twitter:label1\" content=\"Est. reading time\" \/>\n\t<meta name=\"twitter:data1\" content=\"2 minuti\" \/>\n<script type=\"application\/ld+json\" class=\"yoast-schema-graph\">{\"@context\":\"https:\/\/schema.org\",\"@graph\":[{\"@type\":\"WebPage\",\"@id\":\"http:\/\/ludmannsdorf.at\/allgemeines\/\",\"url\":\"http:\/\/ludmannsdorf.at\/allgemeines\/\",\"name\":\"Allgemeines - Gemeinde Ludmannsdorf\",\"isPartOf\":{\"@id\":\"https:\/\/ludmannsdorf.at\/#website\"},\"datePublished\":\"2021-03-03T14:32:54+00:00\",\"dateModified\":\"2021-03-03T14:54:52+00:00\",\"breadcrumb\":{\"@id\":\"http:\/\/ludmannsdorf.at\/allgemeines\/#breadcrumb\"},\"inLanguage\":\"sl-SI\",\"potentialAction\":[{\"@type\":\"ReadAction\",\"target\":[\"http:\/\/ludmannsdorf.at\/allgemeines\/\"]}]},{\"@type\":\"BreadcrumbList\",\"@id\":\"http:\/\/ludmannsdorf.at\/allgemeines\/#breadcrumb\",\"itemListElement\":[{\"@type\":\"ListItem\",\"position\":1,\"name\":\"Startseite\",\"item\":\"https:\/\/ludmannsdorf.at\/\"},{\"@type\":\"ListItem\",\"position\":2,\"name\":\"Allgemeines\"}]},{\"@type\":\"WebSite\",\"@id\":\"https:\/\/ludmannsdorf.at\/#website\",\"url\":\"https:\/\/ludmannsdorf.at\/\",\"name\":\"Gemeinde Ludmannsdorf\",\"description\":\"Willkommen in Ludmannsdorf\/Bil\u010dovs!\",\"publisher\":{\"@id\":\"https:\/\/ludmannsdorf.at\/#organization\"},\"potentialAction\":[{\"@type\":\"SearchAction\",\"target\":{\"@type\":\"EntryPoint\",\"urlTemplate\":\"https:\/\/ludmannsdorf.at\/?s={search_term_string}\"},\"query-input\":{\"@type\":\"PropertyValueSpecification\",\"valueRequired\":true,\"valueName\":\"search_term_string\"}}],\"inLanguage\":\"sl-SI\"},{\"@type\":\"Organization\",\"@id\":\"https:\/\/ludmannsdorf.at\/#organization\",\"name\":\"Gemeinde Ludmannsdorf\",\"url\":\"https:\/\/ludmannsdorf.at\/\",\"logo\":{\"@type\":\"ImageObject\",\"inLanguage\":\"sl-SI\",\"@id\":\"https:\/\/ludmannsdorf.at\/#\/schema\/logo\/image\/\",\"url\":\"https:\/\/ludmannsdorf.at\/wp-content\/uploads\/2020\/12\/cropped-wappen_Page_1-1.png\",\"contentUrl\":\"https:\/\/ludmannsdorf.at\/wp-content\/uploads\/2020\/12\/cropped-wappen_Page_1-1.png\",\"width\":512,\"height\":512,\"caption\":\"Gemeinde Ludmannsdorf\"},\"image\":{\"@id\":\"https:\/\/ludmannsdorf.at\/#\/schema\/logo\/image\/\"}}]}<\/script>\n<!-- \/ Yoast SEO plugin. -->","yoast_head_json":{"title":"Allgemeines - Gemeinde Ludmannsdorf","robots":{"index":"index","follow":"follow","max-snippet":"max-snippet:-1","max-image-preview":"max-image-preview:large","max-video-preview":"max-video-preview:-1"},"canonical":"http:\/\/ludmannsdorf.at\/sl\/allgemeines\/","og_locale":"sl_SI","og_type":"article","og_title":"Allgemeines - Gemeinde Ludmannsdorf","og_description":"Allgemeines","og_url":"http:\/\/ludmannsdorf.at\/sl\/allgemeines\/","og_site_name":"Gemeinde Ludmannsdorf","article_modified_time":"2021-03-03T14:54:52+00:00","twitter_card":"summary_large_image","twitter_misc":{"Est. reading time":"2 minuti"},"schema":{"@context":"https:\/\/schema.org","@graph":[{"@type":"WebPage","@id":"http:\/\/ludmannsdorf.at\/allgemeines\/","url":"http:\/\/ludmannsdorf.at\/allgemeines\/","name":"Allgemeines - Gemeinde Ludmannsdorf","isPartOf":{"@id":"https:\/\/ludmannsdorf.at\/#website"},"datePublished":"2021-03-03T14:32:54+00:00","dateModified":"2021-03-03T14:54:52+00:00","breadcrumb":{"@id":"http:\/\/ludmannsdorf.at\/allgemeines\/#breadcrumb"},"inLanguage":"sl-SI","potentialAction":[{"@type":"ReadAction","target":["http:\/\/ludmannsdorf.at\/allgemeines\/"]}]},{"@type":"BreadcrumbList","@id":"http:\/\/ludmannsdorf.at\/allgemeines\/#breadcrumb","itemListElement":[{"@type":"ListItem","position":1,"name":"Startseite","item":"https:\/\/ludmannsdorf.at\/"},{"@type":"ListItem","position":2,"name":"Allgemeines"}]},{"@type":"WebSite","@id":"https:\/\/ludmannsdorf.at\/#website","url":"https:\/\/ludmannsdorf.at\/","name":"Ob\u010dina Bil\u010dovs","description":"Dobrodo\u0161li v Ludmannsdorf\/Bil\u010dovs!","publisher":{"@id":"https:\/\/ludmannsdorf.at\/#organization"},"potentialAction":[{"@type":"SearchAction","target":{"@type":"EntryPoint","urlTemplate":"https:\/\/ludmannsdorf.at\/?s={search_term_string}"},"query-input":{"@type":"PropertyValueSpecification","valueRequired":true,"valueName":"search_term_string"}}],"inLanguage":"sl-SI"},{"@type":"Organization","@id":"https:\/\/ludmannsdorf.at\/#organization","name":"Ob\u010dina Bil\u010dovs","url":"https:\/\/ludmannsdorf.at\/","logo":{"@type":"ImageObject","inLanguage":"sl-SI","@id":"https:\/\/ludmannsdorf.at\/#\/schema\/logo\/image\/","url":"https:\/\/ludmannsdorf.at\/wp-content\/uploads\/2020\/12\/cropped-wappen_Page_1-1.png","contentUrl":"https:\/\/ludmannsdorf.at\/wp-content\/uploads\/2020\/12\/cropped-wappen_Page_1-1.png","width":512,"height":512,"caption":"Gemeinde Ludmannsdorf"},"image":{"@id":"https:\/\/ludmannsdorf.at\/#\/schema\/logo\/image\/"}}]}},"_links":{"self":[{"href":"https:\/\/ludmannsdorf.at\/sl\/wp-json\/wp\/v2\/pages\/2497"}],"collection":[{"href":"https:\/\/ludmannsdorf.at\/sl\/wp-json\/wp\/v2\/pages"}],"about":[{"href":"https:\/\/ludmannsdorf.at\/sl\/wp-json\/wp\/v2\/types\/page"}],"author":[{"embeddable":true,"href":"https:\/\/ludmannsdorf.at\/sl\/wp-json\/wp\/v2\/users\/1"}],"replies":[{"embeddable":true,"href":"https:\/\/ludmannsdorf.at\/sl\/wp-json\/wp\/v2\/comments?post=2497"}],"version-history":[{"count":10,"href":"https:\/\/ludmannsdorf.at\/sl\/wp-json\/wp\/v2\/pages\/2497\/revisions"}],"predecessor-version":[{"id":2620,"href":"https:\/\/ludmannsdorf.at\/sl\/wp-json\/wp\/v2\/pages\/2497\/revisions\/2620"}],"wp:attachment":[{"href":"https:\/\/ludmannsdorf.at\/sl\/wp-json\/wp\/v2\/media?parent=2497"}],"curies":[{"name":"wp","href":"https:\/\/api.w.org\/{rel}","templated":true}]}}