{"id":2356,"date":"2021-03-03T10:11:23","date_gmt":"2021-03-03T10:11:23","guid":{"rendered":"https:\/\/ludmannsdorf.axandu.com\/?page_id=2356"},"modified":"2021-03-03T10:36:07","modified_gmt":"2021-03-03T10:36:07","slug":"familienfreundlichegemeinde","status":"publish","type":"page","link":"https:\/\/ludmannsdorf.at\/sl\/familienfreundlichegemeinde\/","title":{"rendered":"FamilienfreundlicheGemeinde"},"content":{"rendered":"<div data-elementor-type=\"wp-page\" data-elementor-id=\"2356\" class=\"elementor elementor-2356\" data-elementor-post-type=\"page\">\n\t\t\t\t\t\t<section class=\"elementor-section elementor-top-section elementor-element elementor-element-642f4b4 elementor-section-full_width elementor-section-height-default elementor-section-height-default\" data-id=\"642f4b4\" data-element_type=\"section\" data-e-type=\"section\" data-settings=\"{&quot;shape_divider_bottom&quot;:&quot;wave-brush&quot;}\">\n\t\t\t\t\t<div class=\"elementor-shape elementor-shape-bottom\" aria-hidden=\"true\" data-negative=\"false\">\n\t\t\t<svg xmlns=\"http:\/\/www.w3.org\/2000\/svg\" viewbox=\"0 0 283.5 27.8\" preserveaspectratio=\"none\">\n\t<path class=\"elementor-shape-fill\" d=\"M283.5,9.7c0,0-7.3,4.3-14,4.6c-6.8,0.3-12.6,0-20.9-1.5c-11.3-2-33.1-10.1-44.7-5.7\ts-12.1,4.6-18,7.4c-6.6,3.2-20,9.6-36.6,9.3C131.6,23.5,99.5,7.2,86.3,8c-1.4,0.1-6.6,0.8-10.5,2c-3.8,1.2-9.4,3.8-17,4.7\tc-3.2,0.4-8.3,1.1-14.2,0.9c-1.5-0.1-6.3-0.4-12-1.6c-5.7-1.2-11-3.1-15.8-3.7C6.5,9.2,0,10.8,0,10.8V0h283.5V9.7z M260.8,11.3\tc-0.7-1-2-0.4-4.3-0.4c-2.3,0-6.1-1.2-5.8-1.1c0.3,0.1,3.1,1.5,6,1.9C259.7,12.2,261.4,12.3,260.8,11.3z M242.4,8.6\tc0,0-2.4-0.2-5.6-0.9c-3.2-0.8-10.3-2.8-15.1-3.5c-8.2-1.1-15.8,0-15.1,0.1c0.8,0.1,9.6-0.6,17.6,1.1c3.3,0.7,9.3,2.2,12.4,2.7\tC239.9,8.7,242.4,8.6,242.4,8.6z M185.2,8.5c1.7-0.7-13.3,4.7-18.5,6.1c-2.1,0.6-6.2,1.6-10,2c-3.9,0.4-8.9,0.4-8.8,0.5\tc0,0.2,5.8,0.8,11.2,0c5.4-0.8,5.2-1.1,7.6-1.6C170.5,14.7,183.5,9.2,185.2,8.5z M199.1,6.9c0.2,0-0.8-0.4-4.8,1.1\tc-4,1.5-6.7,3.5-6.9,3.7c-0.2,0.1,3.5-1.8,6.6-3C197,7.5,199,6.9,199.1,6.9z M283,6c-0.1,0.1-1.9,1.1-4.8,2.5s-6.9,2.8-6.7,2.7\tc0.2,0,3.5-0.6,7.4-2.5C282.8,6.8,283.1,5.9,283,6z M31.3,11.6c0.1-0.2-1.9-0.2-4.5-1.2s-5.4-1.6-7.8-2C15,7.6,7.3,8.5,7.7,8.6\tC8,8.7,15.9,8.3,20.2,9.3c2.2,0.5,2.4,0.5,5.7,1.6S31.2,11.9,31.3,11.6z M73,9.2c0.4-0.1,3.5-1.6,8.4-2.6c4.9-1.1,8.9-0.5,8.9-0.8\tc0-0.3-1-0.9-6.2-0.3S72.6,9.3,73,9.2z M71.6,6.7C71.8,6.8,75,5.4,77.3,5c2.3-0.3,1.9-0.5,1.9-0.6c0-0.1-1.1-0.2-2.7,0.2\tC74.8,5.1,71.4,6.6,71.6,6.7z M93.6,4.4c0.1,0.2,3.5,0.8,5.6,1.8c2.1,1,1.8,0.6,1.9,0.5c0.1-0.1-0.8-0.8-2.4-1.3\tC97.1,4.8,93.5,4.2,93.6,4.4z M65.4,11.1c-0.1,0.3,0.3,0.5,1.9-0.2s2.6-1.3,2.2-1.2s-0.9,0.4-2.5,0.8C65.3,10.9,65.5,10.8,65.4,11.1\tz M34.5,12.4c-0.2,0,2.1,0.8,3.3,0.9c1.2,0.1,2,0.1,2-0.2c0-0.3-0.1-0.5-1.6-0.4C36.6,12.8,34.7,12.4,34.5,12.4z M152.2,21.1\tc-0.1,0.1-2.4-0.3-7.5-0.3c-5,0-13.6-2.4-17.2-3.5c-3.6-1.1,10,3.9,16.5,4.1C150.5,21.6,152.3,21,152.2,21.1z\"\/>\n\t<path class=\"elementor-shape-fill\" d=\"M269.6,18c-0.1-0.1-4.6,0.3-7.2,0c-7.3-0.7-17-3.2-16.6-2.9c0.4,0.3,13.7,3.1,17,3.3\tC267.7,18.8,269.7,18,269.6,18z\"\/>\n\t<path class=\"elementor-shape-fill\" d=\"M227.4,9.8c-0.2-0.1-4.5-1-9.5-1.2c-5-0.2-12.7,0.6-12.3,0.5c0.3-0.1,5.9-1.8,13.3-1.2\tS227.6,9.9,227.4,9.8z\"\/>\n\t<path class=\"elementor-shape-fill\" d=\"M204.5,13.4c-0.1-0.1,2-1,3.2-1.1c1.2-0.1,2,0,2,0.3c0,0.3-0.1,0.5-1.6,0.4\tC206.4,12.9,204.6,13.5,204.5,13.4z\"\/>\n\t<path class=\"elementor-shape-fill\" d=\"M201,10.6c0-0.1-4.4,1.2-6.3,2.2c-1.9,0.9-6.2,3.1-6.1,3.1c0.1,0.1,4.2-1.6,6.3-2.6\tS201,10.7,201,10.6z\"\/>\n\t<path class=\"elementor-shape-fill\" d=\"M154.5,26.7c-0.1-0.1-4.6,0.3-7.2,0c-7.3-0.7-17-3.2-16.6-2.9c0.4,0.3,13.7,3.1,17,3.3\tC152.6,27.5,154.6,26.8,154.5,26.7z\"\/>\n\t<path class=\"elementor-shape-fill\" d=\"M41.9,19.3c0,0,1.2-0.3,2.9-0.1c1.7,0.2,5.8,0.9,8.2,0.7c4.2-0.4,7.4-2.7,7-2.6\tc-0.4,0-4.3,2.2-8.6,1.9c-1.8-0.1-5.1-0.5-6.7-0.4S41.9,19.3,41.9,19.3z\"\/>\n\t<path class=\"elementor-shape-fill\" d=\"M75.5,12.6c0.2,0.1,2-0.8,4.3-1.1c2.3-0.2,2.1-0.3,2.1-0.5c0-0.1-1.8-0.4-3.4,0\tC76.9,11.5,75.3,12.5,75.5,12.6z\"\/>\n\t<path class=\"elementor-shape-fill\" d=\"M15.6,13.2c0-0.1,4.3,0,6.7,0.5c2.4,0.5,5,1.9,5,2c0,0.1-2.7-0.8-5.1-1.4\tC19.9,13.7,15.7,13.3,15.6,13.2z\"\/>\n<\/svg>\t\t<\/div>\n\t\t\t\t\t<div class=\"elementor-container elementor-column-gap-default\">\n\t\t\t\t\t<div class=\"elementor-column elementor-col-100 elementor-top-column elementor-element elementor-element-238e295d\" data-id=\"238e295d\" data-element_type=\"column\" data-e-type=\"column\">\n\t\t\t<div class=\"elementor-widget-wrap elementor-element-populated\">\n\t\t\t\t\t\t<div class=\"elementor-element elementor-element-33955ca8 elementor--h-position-center elementor--v-position-middle elementor-arrows-position-inside elementor-pagination-position-inside elementor-widget elementor-widget-slides\" data-id=\"33955ca8\" data-element_type=\"widget\" data-e-type=\"widget\" data-settings=\"{&quot;autoplay_speed&quot;:7000,&quot;navigation&quot;:&quot;both&quot;,&quot;autoplay&quot;:&quot;yes&quot;,&quot;pause_on_hover&quot;:&quot;yes&quot;,&quot;pause_on_interaction&quot;:&quot;yes&quot;,&quot;infinite&quot;:&quot;yes&quot;,&quot;transition&quot;:&quot;slide&quot;,&quot;transition_speed&quot;:500}\" data-widget_type=\"slides.default\">\n\t\t\t\t<div class=\"elementor-widget-container\">\n\t\t\t\t\t\t\t\t\t<div class=\"elementor-swiper\">\n\t\t\t\t\t<div class=\"elementor-slides-wrapper elementor-main-swiper swiper\" role=\"region\" aria-roledescription=\"carousel\" aria-label=\"Slides\" dir=\"ltr\" data-animation=\"fadeInDown\">\n\t\t\t\t<div class=\"swiper-wrapper elementor-slides\">\n\t\t\t\t\t\t\t\t\t\t<div class=\"elementor-repeater-item-dc2b20d swiper-slide\" role=\"group\" aria-roledescription=\"slide\"><div class=\"swiper-slide-bg elementor-ken-burns elementor-ken-burns--in\" role=\"img\"><\/div><div class=\"swiper-slide-inner\" ><div class=\"swiper-slide-contents\"><div class=\"elementor-slide-heading\">Dru\u017einam prijazna ob\u010dina<\/div><\/div><\/div><\/div>\t\t\t\t<\/div>\n\t\t\t\t\t\t\t<\/div>\n\t\t\t\t<\/div>\n\t\t\t\t\t\t\t\t<\/div>\n\t\t\t\t<\/div>\n\t\t\t\t\t<\/div>\n\t\t<\/div>\n\t\t\t\t\t<\/div>\n\t\t<\/section>\n\t\t\t\t<section class=\"elementor-section elementor-top-section elementor-element elementor-element-1d78669 elementor-section-boxed elementor-section-height-default elementor-section-height-default\" data-id=\"1d78669\" data-element_type=\"section\" data-e-type=\"section\">\n\t\t\t\t\t\t<div class=\"elementor-container elementor-column-gap-default\">\n\t\t\t\t\t<div class=\"elementor-column elementor-col-100 elementor-top-column elementor-element elementor-element-8828a61\" data-id=\"8828a61\" data-element_type=\"column\" data-e-type=\"column\">\n\t\t\t<div class=\"elementor-widget-wrap elementor-element-populated\">\n\t\t\t\t\t\t<div class=\"elementor-element elementor-element-660a91e elementor-widget elementor-widget-heading\" data-id=\"660a91e\" data-element_type=\"widget\" data-e-type=\"widget\" data-widget_type=\"heading.default\">\n\t\t\t\t<div class=\"elementor-widget-container\">\n\t\t\t\t\t<h3 class=\"elementor-heading-title elementor-size-default\">Dru\u017eina je najpomembnej\u0161i steber v na\u0161em \u017eivljenju, daje nam za\u0161\u010dito, varnost, \u010dustveno oporo in ljubezen.<\/h3>\t\t\t\t<\/div>\n\t\t\t\t<\/div>\n\t\t\t\t<div class=\"elementor-element elementor-element-929fe0f elementor-widget elementor-widget-text-editor\" data-id=\"929fe0f\" data-element_type=\"widget\" data-e-type=\"widget\" data-widget_type=\"text-editor.default\">\n\t\t\t\t<div class=\"elementor-widget-container\">\n\t\t\t\t\t\t\t\t\t<p><img decoding=\"async\" class=\"size-full wp-image-1962 alignright\" src=\"https:\/\/ludmannsdorf.axandu.com\/wp-content\/uploads\/2021\/02\/familienfreundliche_gemeinde.png\" alt=\"\" width=\"200\" height=\"81\" srcset=\"https:\/\/ludmannsdorf.at\/wp-content\/uploads\/2021\/02\/familienfreundliche_gemeinde.png 200w, https:\/\/ludmannsdorf.at\/wp-content\/uploads\/2021\/02\/familienfreundliche_gemeinde-16x6.png 16w\" sizes=\"(max-width: 200px) 100vw, 200px\" \/>Na\u0161a naloga je, da dru\u017einam v Bil\u010dovsu zagotovimo okolje, v katerem bodo rade in sre\u010dno \u017eivele.<\/p><p><a class=\"link-style\" href=\"https:\/\/www.eltern-bildung.at\/\">https:\/\/www.eltern-bildung.at\/<\/a><\/p><p><a class=\"link-style\" href=\"https:\/\/www.eltern-bildung.at\/sicher-unterwegs-im-internet\/\">https:\/\/www.eltern-bildung.at\/sicher-unterwegs-im-internet\/<\/a><\/p>\t\t\t\t\t\t\t\t<\/div>\n\t\t\t\t<\/div>\n\t\t\t\t<div class=\"elementor-element elementor-element-8ef450f elementor-widget elementor-widget-heading\" data-id=\"8ef450f\" data-element_type=\"widget\" data-e-type=\"widget\" data-widget_type=\"heading.default\">\n\t\t\t\t<div class=\"elementor-widget-container\">\n\t\t\t\t\t<h3 class=\"elementor-heading-title elementor-size-default\">Startschuss zum Grundzertifikat  <\/h3>\t\t\t\t<\/div>\n\t\t\t\t<\/div>\n\t\t\t\t<div class=\"elementor-element elementor-element-e253ed9 elementor-widget elementor-widget-text-editor\" data-id=\"e253ed9\" data-element_type=\"widget\" data-e-type=\"widget\" data-widget_type=\"text-editor.default\">\n\t\t\t\t<div class=\"elementor-widget-container\">\n\t\t\t\t\t\t\t\t\t<p style=\"margin-right: 0px; margin-bottom: 8.5px; margin-left: 0px;\">Eine eigens daf\u00fcr gegr\u00fcndete Projektgruppe hat&nbsp;<b>\u00fcber ein Jahr lang<\/b>&nbsp;mit gro\u00dfem Einsatz das Projekt&nbsp;<b>\u201efamilienfreundlichegemeinde\u201c<\/b>&nbsp;unterst\u00fctzt und an den einzelnen Prozessabl\u00e4ufen aktiv mitgearbeitet.<\/p><p style=\"margin-right: 0px; margin-bottom: 8.5px; margin-left: 0px;\">Als erste Ma\u00dfnahme wurde von den insgesamt 26 Projektgruppenmitgliedern der&nbsp;<b>Ist-Stand<\/b>&nbsp;aller bereits in unserer Gemeinde&nbsp;<b>vorhandenen familien- und<\/b>&nbsp;<b>kinderfreundlichen Ma\u00dfnahmen<\/b>&nbsp;eruiert und schriftlich festgehalten.<\/p><p style=\"margin-right: 0px; margin-bottom: 8.5px; margin-left: 0px;\">Der Ist-Stand steht Ihnen auf unserer Homepage&nbsp;<a target=\"_blank\" href=\"http:\/\/www.ludmannsdorf.gv.at\/\" style=\"background-image: initial; background-position: initial; background-size: initial; background-repeat: initial; background-attachment: initial; background-origin: initial; background-clip: initial; color: rgb(243, 163, 1);\">www.ludmannsdorf.gv.at<\/a>&nbsp;(unter der Rubrik \u201e\u00dcber die Gemeinde\u201c) zu Ihrer Information zur Verf\u00fcgung.<\/p><p style=\"margin-right: 0px; margin-bottom: 8.5px; margin-left: 0px;\">Im n\u00e4chsten Schritt wurden alle Gemeindeb\u00fcrgerInnen gebeten, ihre W\u00fcnsche, Ideen und Anregungen mittels einem eigens daf\u00fcr ausgearbeiteten&nbsp;<b>Fragebogen unter dem Motto \u201eMach mit!\u201c<\/b>&nbsp;der Gemeinde mitzuteilen.<\/p><p style=\"margin-right: 0px; margin-bottom: 8.5px; margin-left: 0px;\">Aus dieser Ideenvielfalt wurden von der Projektgruppe und der Firma Quantum, Frau Mag. Maria Bogensberger,&nbsp;<b>27 Sollma\u00dfnahmen<\/b>&nbsp;erarbeitet und&nbsp;<b>nach Priorit\u00e4ten gereiht<\/b>. Auch diese Auswertung der Fragenb\u00f6gen sowie der Sollma\u00dfnahmenplan stehen Ihnen auf unserer Gemeindehomepage nunmehr zur Verf\u00fcgung.<\/p><p style=\"margin-right: 0px; margin-bottom: 8.5px; margin-left: 0px;\">Der&nbsp;<b>Ob\u010dinski svetnik<\/b>&nbsp;hat in seiner Sitzung am&nbsp;<b>28. M\u00e4rz 2017<\/b>&nbsp;von insgesamt 28 Sollma\u00dfnahmen die Umsetzung folgender Projekte&nbsp;<b>einstimmig<\/b>&nbsp;beschlossen:&nbsp;<\/p><ol style=\"margin-bottom: 8.5px;\"><li><b>Popoldne v Bil\u010dovsu za dru\u017eine in igre<\/b><\/li><li><b>otro\u0161ki bol\u0161ji trg,<\/b><\/li><li><b>otro\u0161ka \u0161ola risanja z mentorico za otroke, stare od 6 do 10 let,<\/b><\/li><li><b>Kam hiti\u0161 \u2013 kupi, kjer \u017eivi\u0161!<\/b><\/li><li><b>&nbsp;Izdaja\/prodaja ribolovnih dovolilnic v ob\u010dinskem uradu&nbsp;&nbsp;&nbsp;&nbsp;&nbsp;&nbsp;&nbsp;&nbsp;&nbsp;&nbsp;&nbsp;&nbsp;&nbsp;&nbsp;&nbsp;&nbsp;&nbsp;&nbsp;&nbsp;&nbsp;&nbsp;&nbsp;&nbsp;&nbsp;&nbsp;&nbsp;&nbsp;&nbsp;&nbsp;&nbsp;&nbsp;&nbsp;&nbsp;&nbsp;&nbsp;&nbsp;&nbsp;&nbsp;&nbsp;&nbsp;&nbsp;&nbsp;&nbsp;&nbsp;&nbsp;&nbsp;&nbsp;&nbsp;&nbsp;&nbsp;&nbsp;&nbsp;&nbsp;&nbsp;&nbsp;&nbsp;&nbsp;&nbsp;&nbsp;&nbsp;&nbsp;&nbsp;&nbsp;&nbsp;&nbsp;&nbsp;&nbsp;&nbsp;&nbsp;&nbsp;<\/b><\/li><\/ol><p style=\"margin-right: 0px; margin-bottom: 8.5px; margin-left: 0px;\"><\/p><p style=\"margin-right: 0px; margin-bottom: 8.5px; margin-left: 0px;\">In der n\u00e4chsten Prozessphase werden diese Projekte durch einen&nbsp;<b>externen Gutachter<\/b>&nbsp;gepr\u00fcft und danach erh\u00e4lt die Gemeinde das&nbsp;<b>Grundzertifikat als<\/b>&nbsp;<b>\u201efamilienfreundlichegemeinde\u201c.<\/b>&nbsp;Die Projekte m\u00fcssen in 3 Jahren umgesetzt werden, wo wiederum die Projektgruppe und die Mitglieder des Familienausschusses ihre aktive Mitarbeit und Unterst\u00fctzung zugesagt haben. Ein besonderer Dank an dieser Stelle an alle MitarbeiterInnen!<\/p><p style=\"margin-right: 0px; margin-bottom: 8.5px; margin-left: 0px;\"><b>Vabimo vse ob\u010dane in ob\u010danke, da se poslu\u017eijo projektnih ponudb!<\/b><\/p><p style=\"margin-right: 0px; margin-bottom: 8.5px; margin-left: 0px;\"><br style=\"font-family: latoregular, Arial; font-size: 12px; text-align: start;\"><\/p>\t\t\t\t\t\t\t\t<\/div>\n\t\t\t\t<\/div>\n\t\t\t\t<div class=\"elementor-element elementor-element-6f9efd2 elementor-widget elementor-widget-heading\" data-id=\"6f9efd2\" data-element_type=\"widget\" data-e-type=\"widget\" data-widget_type=\"heading.default\">\n\t\t\t\t<div class=\"elementor-widget-container\">\n\t\t\t\t\t<h3 class=\"elementor-heading-title elementor-size-default\">Prenosi<\/h3>\t\t\t\t<\/div>\n\t\t\t\t<\/div>\n\t\t\t\t<div class=\"elementor-element elementor-element-3871ad6 elementor-widget elementor-widget-text-editor\" data-id=\"3871ad6\" data-element_type=\"widget\" data-e-type=\"widget\" data-widget_type=\"text-editor.default\">\n\t\t\t\t<div class=\"elementor-widget-container\">\n\t\t\t\t\t\t\t\t\t<p><a class=\"link-style\" href=\"https:\/\/ludmannsdorf.axandu.com\/wp-content\/uploads\/2021\/03\/IST-Zustand.pdf\" target=\"_blank\" rel=\"noopener\">Ist-Zustand 2016<\/a><\/p><p><a class=\"link-style\" href=\"https:\/\/ludmannsdorf.axandu.com\/wp-content\/uploads\/2021\/03\/1-fortschrittsbericht-2017-2018-.pdf\" target=\"_blank\" rel=\"noopener\">1. Fortschrittsbericht 2017-2018<\/a><\/p><p><a class=\"link-style\" href=\"https:\/\/ludmannsdorf.axandu.com\/wp-content\/uploads\/2021\/03\/2-fortschrittsbericht-2018-2019.pdf\" target=\"_blank\" rel=\"noopener\">2. Fortschrittsbericht 2018-2019<\/a><\/p><p><a class=\"link-style\" href=\"https:\/\/ludmannsdorf.axandu.com\/wp-content\/uploads\/2021\/03\/Ludmannsdorf-Grundzertifikat-Zielvereinbarung.pdf\" target=\"_blank\" rel=\"noopener\">Umsetzungsbericht &#8211; Entwurf 2020<\/a><\/p><p><a class=\"link-style\" href=\"https:\/\/ludmannsdorf.axandu.com\/wp-content\/uploads\/2021\/03\/Familienfreundliche-Gemeinde.pdf\" target=\"_blank\" rel=\"noopener\">Auswertung des Fragebogens<\/a><\/p><p><a class=\"link-style\" href=\"https:\/\/ludmannsdorf.axandu.com\/wp-content\/uploads\/2021\/03\/Massnahmenplan.pdf\" target=\"_blank\" rel=\"noopener\">Ma\u00dfnahmenplan 2016<\/a><\/p><p><a class=\"link-style\" href=\"https:\/\/ludmannsdorf.axandu.com\/wp-content\/uploads\/2021\/03\/Broschuere-Antragloses-Kindergeld.pdf\" target=\"_blank\" rel=\"noopener\">Brosch\u00fcre Antragloses Kindergeld<\/a><\/p><p><a class=\"link-style\" href=\"https:\/\/ludmannsdorf.axandu.com\/wp-content\/uploads\/2021\/03\/Flyer-Schnelle-Hilfe.pdf\" target=\"_blank\" rel=\"noopener\">Schnelle Hilfe &#8211; Wir betreuen Ihr krankes Kind<\/a><\/p>\t\t\t\t\t\t\t\t<\/div>\n\t\t\t\t<\/div>\n\t\t\t\t\t<\/div>\n\t\t<\/div>\n\t\t\t\t\t<\/div>\n\t\t<\/section>\n\t\t\t\t<\/div>","protected":false},"excerpt":{"rendered":"<p>Familienfreundliche Gemeinde \u201eDie Familie ist die wichtigste S\u00e4ule in unserem Leben, sie bietet uns Schutz, Sicherheit, Geborgenheit und Liebe!\u201c Unsere Aufgabe ist es, den Familien in Ludmannsdorf\/Bil\u010dovs ein Umfeld zu bieten, in dem sie gerne leben und gl\u00fccklich sein k\u00f6nnen. https:\/\/www.eltern-bildung.at\/ https:\/\/www.eltern-bildung.at\/sicher-unterwegs-im-internet\/ Startschuss zum Grundzertifikat Eine eigens daf\u00fcr gegr\u00fcndete Projektgruppe hat&nbsp;\u00fcber ein Jahr lang&nbsp;mit gro\u00dfem [&hellip;]<\/p>\n","protected":false},"author":1,"featured_media":0,"parent":0,"menu_order":0,"comment_status":"closed","ping_status":"closed","template":"","meta":{"footnotes":""},"class_list":["post-2356","page","type-page","status-publish","hentry"],"yoast_head":"<!-- This site is optimized with the Yoast SEO plugin v25.6 - https:\/\/yoast.com\/wordpress\/plugins\/seo\/ -->\n<title>FamilienfreundlicheGemeinde - Gemeinde Ludmannsdorf<\/title>\n<meta name=\"robots\" content=\"index, follow, max-snippet:-1, max-image-preview:large, max-video-preview:-1\" \/>\n<link rel=\"canonical\" href=\"http:\/\/ludmannsdorf.at\/sl\/familienfreundlichegemeinde\/\" \/>\n<meta property=\"og:locale\" content=\"sl_SI\" \/>\n<meta property=\"og:type\" content=\"article\" \/>\n<meta property=\"og:title\" content=\"FamilienfreundlicheGemeinde - Gemeinde Ludmannsdorf\" \/>\n<meta property=\"og:description\" content=\"Familienfreundliche Gemeinde \u201eDie Familie ist die wichtigste S\u00e4ule in unserem Leben, sie bietet uns Schutz, Sicherheit, Geborgenheit und Liebe!\u201c Unsere Aufgabe ist es, den Familien in Ludmannsdorf\/Bil\u010dovs ein Umfeld zu bieten, in dem sie gerne leben und gl\u00fccklich sein k\u00f6nnen. https:\/\/www.eltern-bildung.at\/ https:\/\/www.eltern-bildung.at\/sicher-unterwegs-im-internet\/ Startschuss zum Grundzertifikat Eine eigens daf\u00fcr gegr\u00fcndete Projektgruppe hat&nbsp;\u00fcber ein Jahr lang&nbsp;mit gro\u00dfem [&hellip;]\" \/>\n<meta property=\"og:url\" content=\"http:\/\/ludmannsdorf.at\/sl\/familienfreundlichegemeinde\/\" \/>\n<meta property=\"og:site_name\" content=\"Gemeinde Ludmannsdorf\" \/>\n<meta property=\"article:modified_time\" content=\"2021-03-03T10:36:07+00:00\" \/>\n<meta property=\"og:image\" content=\"https:\/\/ludmannsdorf.axandu.com\/wp-content\/uploads\/2021\/02\/familienfreundliche_gemeinde.png\" \/>\n<meta name=\"twitter:card\" content=\"summary_large_image\" \/>\n<meta name=\"twitter:label1\" content=\"Est. reading time\" \/>\n\t<meta name=\"twitter:data1\" content=\"2 minuti\" \/>\n<script type=\"application\/ld+json\" class=\"yoast-schema-graph\">{\"@context\":\"https:\/\/schema.org\",\"@graph\":[{\"@type\":\"WebPage\",\"@id\":\"http:\/\/ludmannsdorf.at\/familienfreundlichegemeinde\/\",\"url\":\"http:\/\/ludmannsdorf.at\/familienfreundlichegemeinde\/\",\"name\":\"FamilienfreundlicheGemeinde - Gemeinde Ludmannsdorf\",\"isPartOf\":{\"@id\":\"https:\/\/ludmannsdorf.at\/#website\"},\"primaryImageOfPage\":{\"@id\":\"http:\/\/ludmannsdorf.at\/familienfreundlichegemeinde\/#primaryimage\"},\"image\":{\"@id\":\"http:\/\/ludmannsdorf.at\/familienfreundlichegemeinde\/#primaryimage\"},\"thumbnailUrl\":\"https:\/\/ludmannsdorf.axandu.com\/wp-content\/uploads\/2021\/02\/familienfreundliche_gemeinde.png\",\"datePublished\":\"2021-03-03T10:11:23+00:00\",\"dateModified\":\"2021-03-03T10:36:07+00:00\",\"breadcrumb\":{\"@id\":\"http:\/\/ludmannsdorf.at\/familienfreundlichegemeinde\/#breadcrumb\"},\"inLanguage\":\"sl-SI\",\"potentialAction\":[{\"@type\":\"ReadAction\",\"target\":[\"http:\/\/ludmannsdorf.at\/familienfreundlichegemeinde\/\"]}]},{\"@type\":\"ImageObject\",\"inLanguage\":\"sl-SI\",\"@id\":\"http:\/\/ludmannsdorf.at\/familienfreundlichegemeinde\/#primaryimage\",\"url\":\"https:\/\/ludmannsdorf.axandu.com\/wp-content\/uploads\/2021\/02\/familienfreundliche_gemeinde.png\",\"contentUrl\":\"https:\/\/ludmannsdorf.axandu.com\/wp-content\/uploads\/2021\/02\/familienfreundliche_gemeinde.png\"},{\"@type\":\"BreadcrumbList\",\"@id\":\"http:\/\/ludmannsdorf.at\/familienfreundlichegemeinde\/#breadcrumb\",\"itemListElement\":[{\"@type\":\"ListItem\",\"position\":1,\"name\":\"Startseite\",\"item\":\"https:\/\/ludmannsdorf.at\/\"},{\"@type\":\"ListItem\",\"position\":2,\"name\":\"FamilienfreundlicheGemeinde\"}]},{\"@type\":\"WebSite\",\"@id\":\"https:\/\/ludmannsdorf.at\/#website\",\"url\":\"https:\/\/ludmannsdorf.at\/\",\"name\":\"Gemeinde Ludmannsdorf\",\"description\":\"Willkommen in Ludmannsdorf\/Bil\u010dovs!\",\"publisher\":{\"@id\":\"https:\/\/ludmannsdorf.at\/#organization\"},\"potentialAction\":[{\"@type\":\"SearchAction\",\"target\":{\"@type\":\"EntryPoint\",\"urlTemplate\":\"https:\/\/ludmannsdorf.at\/?s={search_term_string}\"},\"query-input\":{\"@type\":\"PropertyValueSpecification\",\"valueRequired\":true,\"valueName\":\"search_term_string\"}}],\"inLanguage\":\"sl-SI\"},{\"@type\":\"Organization\",\"@id\":\"https:\/\/ludmannsdorf.at\/#organization\",\"name\":\"Gemeinde Ludmannsdorf\",\"url\":\"https:\/\/ludmannsdorf.at\/\",\"logo\":{\"@type\":\"ImageObject\",\"inLanguage\":\"sl-SI\",\"@id\":\"https:\/\/ludmannsdorf.at\/#\/schema\/logo\/image\/\",\"url\":\"https:\/\/ludmannsdorf.at\/wp-content\/uploads\/2020\/12\/cropped-wappen_Page_1-1.png\",\"contentUrl\":\"https:\/\/ludmannsdorf.at\/wp-content\/uploads\/2020\/12\/cropped-wappen_Page_1-1.png\",\"width\":512,\"height\":512,\"caption\":\"Gemeinde Ludmannsdorf\"},\"image\":{\"@id\":\"https:\/\/ludmannsdorf.at\/#\/schema\/logo\/image\/\"}}]}<\/script>\n<!-- \/ Yoast SEO plugin. -->","yoast_head_json":{"title":"FamilienfreundlicheGemeinde - Gemeinde Ludmannsdorf","robots":{"index":"index","follow":"follow","max-snippet":"max-snippet:-1","max-image-preview":"max-image-preview:large","max-video-preview":"max-video-preview:-1"},"canonical":"http:\/\/ludmannsdorf.at\/sl\/familienfreundlichegemeinde\/","og_locale":"sl_SI","og_type":"article","og_title":"FamilienfreundlicheGemeinde - Gemeinde Ludmannsdorf","og_description":"Familienfreundliche Gemeinde \u201eDie Familie ist die wichtigste S\u00e4ule in unserem Leben, sie bietet uns Schutz, Sicherheit, Geborgenheit und Liebe!\u201c Unsere Aufgabe ist es, den Familien in Ludmannsdorf\/Bil\u010dovs ein Umfeld zu bieten, in dem sie gerne leben und gl\u00fccklich sein k\u00f6nnen. https:\/\/www.eltern-bildung.at\/ https:\/\/www.eltern-bildung.at\/sicher-unterwegs-im-internet\/ Startschuss zum Grundzertifikat Eine eigens daf\u00fcr gegr\u00fcndete Projektgruppe hat&nbsp;\u00fcber ein Jahr lang&nbsp;mit gro\u00dfem [&hellip;]","og_url":"http:\/\/ludmannsdorf.at\/sl\/familienfreundlichegemeinde\/","og_site_name":"Gemeinde Ludmannsdorf","article_modified_time":"2021-03-03T10:36:07+00:00","og_image":[{"url":"https:\/\/ludmannsdorf.axandu.com\/wp-content\/uploads\/2021\/02\/familienfreundliche_gemeinde.png","type":"","width":"","height":""}],"twitter_card":"summary_large_image","twitter_misc":{"Est. reading time":"2 minuti"},"schema":{"@context":"https:\/\/schema.org","@graph":[{"@type":"WebPage","@id":"http:\/\/ludmannsdorf.at\/familienfreundlichegemeinde\/","url":"http:\/\/ludmannsdorf.at\/familienfreundlichegemeinde\/","name":"FamilienfreundlicheGemeinde - Gemeinde Ludmannsdorf","isPartOf":{"@id":"https:\/\/ludmannsdorf.at\/#website"},"primaryImageOfPage":{"@id":"http:\/\/ludmannsdorf.at\/familienfreundlichegemeinde\/#primaryimage"},"image":{"@id":"http:\/\/ludmannsdorf.at\/familienfreundlichegemeinde\/#primaryimage"},"thumbnailUrl":"https:\/\/ludmannsdorf.axandu.com\/wp-content\/uploads\/2021\/02\/familienfreundliche_gemeinde.png","datePublished":"2021-03-03T10:11:23+00:00","dateModified":"2021-03-03T10:36:07+00:00","breadcrumb":{"@id":"http:\/\/ludmannsdorf.at\/familienfreundlichegemeinde\/#breadcrumb"},"inLanguage":"sl-SI","potentialAction":[{"@type":"ReadAction","target":["http:\/\/ludmannsdorf.at\/familienfreundlichegemeinde\/"]}]},{"@type":"ImageObject","inLanguage":"sl-SI","@id":"http:\/\/ludmannsdorf.at\/familienfreundlichegemeinde\/#primaryimage","url":"https:\/\/ludmannsdorf.axandu.com\/wp-content\/uploads\/2021\/02\/familienfreundliche_gemeinde.png","contentUrl":"https:\/\/ludmannsdorf.axandu.com\/wp-content\/uploads\/2021\/02\/familienfreundliche_gemeinde.png"},{"@type":"BreadcrumbList","@id":"http:\/\/ludmannsdorf.at\/familienfreundlichegemeinde\/#breadcrumb","itemListElement":[{"@type":"ListItem","position":1,"name":"Startseite","item":"https:\/\/ludmannsdorf.at\/"},{"@type":"ListItem","position":2,"name":"FamilienfreundlicheGemeinde"}]},{"@type":"WebSite","@id":"https:\/\/ludmannsdorf.at\/#website","url":"https:\/\/ludmannsdorf.at\/","name":"Ob\u010dina Bil\u010dovs","description":"Dobrodo\u0161li v Ludmannsdorf\/Bil\u010dovs!","publisher":{"@id":"https:\/\/ludmannsdorf.at\/#organization"},"potentialAction":[{"@type":"SearchAction","target":{"@type":"EntryPoint","urlTemplate":"https:\/\/ludmannsdorf.at\/?s={search_term_string}"},"query-input":{"@type":"PropertyValueSpecification","valueRequired":true,"valueName":"search_term_string"}}],"inLanguage":"sl-SI"},{"@type":"Organization","@id":"https:\/\/ludmannsdorf.at\/#organization","name":"Ob\u010dina Bil\u010dovs","url":"https:\/\/ludmannsdorf.at\/","logo":{"@type":"ImageObject","inLanguage":"sl-SI","@id":"https:\/\/ludmannsdorf.at\/#\/schema\/logo\/image\/","url":"https:\/\/ludmannsdorf.at\/wp-content\/uploads\/2020\/12\/cropped-wappen_Page_1-1.png","contentUrl":"https:\/\/ludmannsdorf.at\/wp-content\/uploads\/2020\/12\/cropped-wappen_Page_1-1.png","width":512,"height":512,"caption":"Gemeinde Ludmannsdorf"},"image":{"@id":"https:\/\/ludmannsdorf.at\/#\/schema\/logo\/image\/"}}]}},"_links":{"self":[{"href":"https:\/\/ludmannsdorf.at\/sl\/wp-json\/wp\/v2\/pages\/2356"}],"collection":[{"href":"https:\/\/ludmannsdorf.at\/sl\/wp-json\/wp\/v2\/pages"}],"about":[{"href":"https:\/\/ludmannsdorf.at\/sl\/wp-json\/wp\/v2\/types\/page"}],"author":[{"embeddable":true,"href":"https:\/\/ludmannsdorf.at\/sl\/wp-json\/wp\/v2\/users\/1"}],"replies":[{"embeddable":true,"href":"https:\/\/ludmannsdorf.at\/sl\/wp-json\/wp\/v2\/comments?post=2356"}],"version-history":[{"count":19,"href":"https:\/\/ludmannsdorf.at\/sl\/wp-json\/wp\/v2\/pages\/2356\/revisions"}],"predecessor-version":[{"id":2389,"href":"https:\/\/ludmannsdorf.at\/sl\/wp-json\/wp\/v2\/pages\/2356\/revisions\/2389"}],"wp:attachment":[{"href":"https:\/\/ludmannsdorf.at\/sl\/wp-json\/wp\/v2\/media?parent=2356"}],"curies":[{"name":"wp","href":"https:\/\/api.w.org\/{rel}","templated":true}]}}