{"id":2098,"date":"2021-03-01T12:42:37","date_gmt":"2021-03-01T12:42:37","guid":{"rendered":"https:\/\/ludmannsdorf.axandu.com\/?page_id=2098"},"modified":"2024-05-20T14:00:06","modified_gmt":"2024-05-20T12:00:06","slug":"wirtschaftshof","status":"publish","type":"page","link":"https:\/\/ludmannsdorf.at\/sl\/wirtschaftshof\/","title":{"rendered":"Javne slu\u017ebe"},"content":{"rendered":"<div data-elementor-type=\"wp-page\" data-elementor-id=\"2098\" class=\"elementor elementor-2098\" data-elementor-post-type=\"page\">\n\t\t\t\t\t\t<section class=\"elementor-section elementor-top-section elementor-element elementor-element-4365b02c elementor-section-full_width elementor-section-height-default elementor-section-height-default\" data-id=\"4365b02c\" data-element_type=\"section\" data-e-type=\"section\" data-settings=\"{&quot;shape_divider_bottom&quot;:&quot;wave-brush&quot;}\">\n\t\t\t\t\t<div class=\"elementor-shape elementor-shape-bottom\" aria-hidden=\"true\" data-negative=\"false\">\n\t\t\t<svg xmlns=\"http:\/\/www.w3.org\/2000\/svg\" viewbox=\"0 0 283.5 27.8\" preserveaspectratio=\"none\">\n\t<path class=\"elementor-shape-fill\" d=\"M283.5,9.7c0,0-7.3,4.3-14,4.6c-6.8,0.3-12.6,0-20.9-1.5c-11.3-2-33.1-10.1-44.7-5.7\ts-12.1,4.6-18,7.4c-6.6,3.2-20,9.6-36.6,9.3C131.6,23.5,99.5,7.2,86.3,8c-1.4,0.1-6.6,0.8-10.5,2c-3.8,1.2-9.4,3.8-17,4.7\tc-3.2,0.4-8.3,1.1-14.2,0.9c-1.5-0.1-6.3-0.4-12-1.6c-5.7-1.2-11-3.1-15.8-3.7C6.5,9.2,0,10.8,0,10.8V0h283.5V9.7z M260.8,11.3\tc-0.7-1-2-0.4-4.3-0.4c-2.3,0-6.1-1.2-5.8-1.1c0.3,0.1,3.1,1.5,6,1.9C259.7,12.2,261.4,12.3,260.8,11.3z M242.4,8.6\tc0,0-2.4-0.2-5.6-0.9c-3.2-0.8-10.3-2.8-15.1-3.5c-8.2-1.1-15.8,0-15.1,0.1c0.8,0.1,9.6-0.6,17.6,1.1c3.3,0.7,9.3,2.2,12.4,2.7\tC239.9,8.7,242.4,8.6,242.4,8.6z M185.2,8.5c1.7-0.7-13.3,4.7-18.5,6.1c-2.1,0.6-6.2,1.6-10,2c-3.9,0.4-8.9,0.4-8.8,0.5\tc0,0.2,5.8,0.8,11.2,0c5.4-0.8,5.2-1.1,7.6-1.6C170.5,14.7,183.5,9.2,185.2,8.5z M199.1,6.9c0.2,0-0.8-0.4-4.8,1.1\tc-4,1.5-6.7,3.5-6.9,3.7c-0.2,0.1,3.5-1.8,6.6-3C197,7.5,199,6.9,199.1,6.9z M283,6c-0.1,0.1-1.9,1.1-4.8,2.5s-6.9,2.8-6.7,2.7\tc0.2,0,3.5-0.6,7.4-2.5C282.8,6.8,283.1,5.9,283,6z M31.3,11.6c0.1-0.2-1.9-0.2-4.5-1.2s-5.4-1.6-7.8-2C15,7.6,7.3,8.5,7.7,8.6\tC8,8.7,15.9,8.3,20.2,9.3c2.2,0.5,2.4,0.5,5.7,1.6S31.2,11.9,31.3,11.6z M73,9.2c0.4-0.1,3.5-1.6,8.4-2.6c4.9-1.1,8.9-0.5,8.9-0.8\tc0-0.3-1-0.9-6.2-0.3S72.6,9.3,73,9.2z M71.6,6.7C71.8,6.8,75,5.4,77.3,5c2.3-0.3,1.9-0.5,1.9-0.6c0-0.1-1.1-0.2-2.7,0.2\tC74.8,5.1,71.4,6.6,71.6,6.7z M93.6,4.4c0.1,0.2,3.5,0.8,5.6,1.8c2.1,1,1.8,0.6,1.9,0.5c0.1-0.1-0.8-0.8-2.4-1.3\tC97.1,4.8,93.5,4.2,93.6,4.4z M65.4,11.1c-0.1,0.3,0.3,0.5,1.9-0.2s2.6-1.3,2.2-1.2s-0.9,0.4-2.5,0.8C65.3,10.9,65.5,10.8,65.4,11.1\tz M34.5,12.4c-0.2,0,2.1,0.8,3.3,0.9c1.2,0.1,2,0.1,2-0.2c0-0.3-0.1-0.5-1.6-0.4C36.6,12.8,34.7,12.4,34.5,12.4z M152.2,21.1\tc-0.1,0.1-2.4-0.3-7.5-0.3c-5,0-13.6-2.4-17.2-3.5c-3.6-1.1,10,3.9,16.5,4.1C150.5,21.6,152.3,21,152.2,21.1z\"\/>\n\t<path class=\"elementor-shape-fill\" d=\"M269.6,18c-0.1-0.1-4.6,0.3-7.2,0c-7.3-0.7-17-3.2-16.6-2.9c0.4,0.3,13.7,3.1,17,3.3\tC267.7,18.8,269.7,18,269.6,18z\"\/>\n\t<path class=\"elementor-shape-fill\" d=\"M227.4,9.8c-0.2-0.1-4.5-1-9.5-1.2c-5-0.2-12.7,0.6-12.3,0.5c0.3-0.1,5.9-1.8,13.3-1.2\tS227.6,9.9,227.4,9.8z\"\/>\n\t<path class=\"elementor-shape-fill\" d=\"M204.5,13.4c-0.1-0.1,2-1,3.2-1.1c1.2-0.1,2,0,2,0.3c0,0.3-0.1,0.5-1.6,0.4\tC206.4,12.9,204.6,13.5,204.5,13.4z\"\/>\n\t<path class=\"elementor-shape-fill\" d=\"M201,10.6c0-0.1-4.4,1.2-6.3,2.2c-1.9,0.9-6.2,3.1-6.1,3.1c0.1,0.1,4.2-1.6,6.3-2.6\tS201,10.7,201,10.6z\"\/>\n\t<path class=\"elementor-shape-fill\" d=\"M154.5,26.7c-0.1-0.1-4.6,0.3-7.2,0c-7.3-0.7-17-3.2-16.6-2.9c0.4,0.3,13.7,3.1,17,3.3\tC152.6,27.5,154.6,26.8,154.5,26.7z\"\/>\n\t<path class=\"elementor-shape-fill\" d=\"M41.9,19.3c0,0,1.2-0.3,2.9-0.1c1.7,0.2,5.8,0.9,8.2,0.7c4.2-0.4,7.4-2.7,7-2.6\tc-0.4,0-4.3,2.2-8.6,1.9c-1.8-0.1-5.1-0.5-6.7-0.4S41.9,19.3,41.9,19.3z\"\/>\n\t<path class=\"elementor-shape-fill\" d=\"M75.5,12.6c0.2,0.1,2-0.8,4.3-1.1c2.3-0.2,2.1-0.3,2.1-0.5c0-0.1-1.8-0.4-3.4,0\tC76.9,11.5,75.3,12.5,75.5,12.6z\"\/>\n\t<path class=\"elementor-shape-fill\" d=\"M15.6,13.2c0-0.1,4.3,0,6.7,0.5c2.4,0.5,5,1.9,5,2c0,0.1-2.7-0.8-5.1-1.4\tC19.9,13.7,15.7,13.3,15.6,13.2z\"\/>\n<\/svg>\t\t<\/div>\n\t\t\t\t\t<div class=\"elementor-container elementor-column-gap-default\">\n\t\t\t\t\t<div class=\"elementor-column elementor-col-100 elementor-top-column elementor-element elementor-element-1f670a27\" data-id=\"1f670a27\" data-element_type=\"column\" data-e-type=\"column\">\n\t\t\t<div class=\"elementor-widget-wrap elementor-element-populated\">\n\t\t\t\t\t\t<div class=\"elementor-element elementor-element-238f53a1 elementor--h-position-center elementor--v-position-middle elementor-arrows-position-inside elementor-pagination-position-inside elementor-widget elementor-widget-slides\" data-id=\"238f53a1\" data-element_type=\"widget\" data-e-type=\"widget\" data-settings=\"{&quot;autoplay_speed&quot;:7000,&quot;navigation&quot;:&quot;both&quot;,&quot;autoplay&quot;:&quot;yes&quot;,&quot;pause_on_hover&quot;:&quot;yes&quot;,&quot;pause_on_interaction&quot;:&quot;yes&quot;,&quot;infinite&quot;:&quot;yes&quot;,&quot;transition&quot;:&quot;slide&quot;,&quot;transition_speed&quot;:500}\" data-widget_type=\"slides.default\">\n\t\t\t\t<div class=\"elementor-widget-container\">\n\t\t\t\t\t\t\t\t\t<div class=\"elementor-swiper\">\n\t\t\t\t\t<div class=\"elementor-slides-wrapper elementor-main-swiper swiper\" role=\"region\" aria-roledescription=\"carousel\" aria-label=\"Slides\" dir=\"ltr\" data-animation=\"fadeInDown\">\n\t\t\t\t<div class=\"swiper-wrapper elementor-slides\">\n\t\t\t\t\t\t\t\t\t\t<div class=\"elementor-repeater-item-dc2b20d swiper-slide\" role=\"group\" aria-roledescription=\"slide\"><div class=\"swiper-slide-bg elementor-ken-burns elementor-ken-burns--out\" role=\"img\"><\/div><div class=\"swiper-slide-inner\" ><div class=\"swiper-slide-contents\"><div class=\"elementor-slide-heading\">Javne slu\u017ebe<\/div><\/div><\/div><\/div>\t\t\t\t<\/div>\n\t\t\t\t\t\t\t<\/div>\n\t\t\t\t<\/div>\n\t\t\t\t\t\t\t\t<\/div>\n\t\t\t\t<\/div>\n\t\t\t\t\t<\/div>\n\t\t<\/div>\n\t\t\t\t\t<\/div>\n\t\t<\/section>\n\t\t\t\t<section class=\"elementor-section elementor-top-section elementor-element elementor-element-c5e65c2 elementor-section-boxed elementor-section-height-default elementor-section-height-default\" data-id=\"c5e65c2\" data-element_type=\"section\" data-e-type=\"section\">\n\t\t\t\t\t\t<div class=\"elementor-container elementor-column-gap-default\">\n\t\t\t\t\t<div class=\"elementor-column elementor-col-100 elementor-top-column elementor-element elementor-element-211ff64\" data-id=\"211ff64\" data-element_type=\"column\" data-e-type=\"column\">\n\t\t\t<div class=\"elementor-widget-wrap elementor-element-populated\">\n\t\t\t\t\t\t<div class=\"elementor-element elementor-element-6522285 elementor-widget elementor-widget-heading\" data-id=\"6522285\" data-element_type=\"widget\" data-e-type=\"widget\" data-widget_type=\"heading.default\">\n\t\t\t\t<div class=\"elementor-widget-container\">\n\t\t\t\t\t<h3 class=\"elementor-heading-title elementor-size-default\">Naloge<\/h3>\t\t\t\t<\/div>\n\t\t\t\t<\/div>\n\t\t\t\t<div class=\"elementor-element elementor-element-27670da elementor-widget elementor-widget-text-editor\" data-id=\"27670da\" data-element_type=\"widget\" data-e-type=\"widget\" data-widget_type=\"text-editor.default\">\n\t\t\t\t<div class=\"elementor-widget-container\">\n\t\t\t\t\t\t\t\t\t<p style=\"text-align: justify;\">Zaposleni v javnih slu\u017ebah imajo zelo \u0161irok nabor nalog, saj javne slu\u017ebe zagotavljajo pomembne storitve. Sem spadajo zlasti vzdr\u017eevanje in \u010di\u0161\u010denje cest in poti, odstranjevanje snega pozimi, vzdr\u017eevanje ob\u010dinskih stavb, skrb za rekreacijske in \u0161portne objekte ter ravnanje z odpadki.<\/p>\t\t\t\t\t\t\t\t<\/div>\n\t\t\t\t<\/div>\n\t\t\t\t<section class=\"elementor-section elementor-inner-section elementor-element elementor-element-002ace9 elementor-section-boxed elementor-section-height-default elementor-section-height-default\" data-id=\"002ace9\" data-element_type=\"section\" data-e-type=\"section\">\n\t\t\t\t\t\t<div class=\"elementor-container elementor-column-gap-default\">\n\t\t\t\t\t<div class=\"elementor-column elementor-col-50 elementor-inner-column elementor-element elementor-element-a87f98a\" data-id=\"a87f98a\" data-element_type=\"column\" data-e-type=\"column\">\n\t\t\t<div class=\"elementor-widget-wrap elementor-element-populated\">\n\t\t\t\t\t\t<div class=\"elementor-element elementor-element-fa40e2c elementor-widget elementor-widget-text-editor\" data-id=\"fa40e2c\" data-element_type=\"widget\" data-e-type=\"widget\" data-widget_type=\"text-editor.default\">\n\t\t\t\t<div class=\"elementor-widget-container\">\n\t\t\t\t\t\t\t\t\t<h3>\u010cistilni napravi v Velinji vasi in \u017delu\u010dah<\/h3><p><img fetchpriority=\"high\" decoding=\"async\" class=\"wp-image-648 size-full aligncenter\" src=\"https:\/\/ludmannsdorf.axandu.com\/wp-content\/uploads\/2021\/02\/ARA.jpg\" alt=\"\" width=\"533\" height=\"400\" srcset=\"https:\/\/ludmannsdorf.at\/wp-content\/uploads\/2021\/02\/ARA.jpg 533w, https:\/\/ludmannsdorf.at\/wp-content\/uploads\/2021\/02\/ARA-300x225.jpg 300w, https:\/\/ludmannsdorf.at\/wp-content\/uploads\/2021\/02\/ARA-16x12.jpg 16w\" sizes=\"(max-width: 533px) 100vw, 533px\" \/><\/p><div><p class=\"translation-block\">\u010ci\u0161\u010denje odpadnih voda v ob\u010dini Bil\u010dovs izvajamo v dveh \u010distilnih napravah, ARA Velinja vas (3000 prebivalcev) in ARA \u017delu\u010de (124 prebivalcev).<\/p><p>Poleg izgradnje kanalizacije smo obnovili in delno raz\u0161irili tudi vodovodno omre\u017eje.<\/p><p class=\"translation-block\">Med letoma 2003 in 2015 smo v na\u0161i ob\u010dini polo\u017eili in vgradili skupaj 50.313,19 teko\u010dega metra kanalizacije, 15 \u010drpalnih postaj, 601 hi\u0161ni priklju\u010dek in 169 priklju\u010dkov do zemlji\u0161\u010d.<\/p><p>Die bisherigen <strong>Investitionskosten<\/strong> f\u00fcr die Bauabschnitte 01 bis 06 belaufen sich auf <strong>\u20ac 9,938 Millionen<\/strong>.<\/p><p class=\"translation-block\">Upravljalec \u010distilne naprave: Franz Potocnik (0664\/1485849)\nNamestnik upravljalca \u010distilne naprave: Alfred Schellander (0664\/5441312)<\/p><\/div><div><h3>Ne odvajajte meteorne vode (de\u017eevnica s strehe) v kanalizacijo!<\/h3><\/div><div>Po predpisih de\u017eele Koro\u0161ke je odvajanje meteorne vode (de\u017eevnica s strehe) v kanalizacijo prepovedano!<br \/><strong>Prosimo, da upo\u0161tevate te predpise.<\/strong><\/div><div><h3>\u00a0<\/h3><h3>Strani\u0161\u010de ni kanta za smeti.<\/h3><\/div><div><strong>Nepremi\u0161ljeno ravnanje z odpadki<\/strong><br \/>Veliko snovi, ki se nepremi\u0161ljeno odvr\u017eejo v strani\u0161\u010de, pomivalno korito ali umivalnik, povzro\u010da veliko te\u017eav pri \u010di\u0161\u010denju odpadnih voda. Te snovi ne onesna\u017eujejo le prekomerno odpadnih voda, temve\u010d ru\u0161ijo biolo\u0161ko ravnovesje \u010distilne naprave. Poleg tega je zaradi usedlin in zama\u0161ene kanalizacija potrebnega ve\u010d vzdr\u017eevanja in sanacij.<br \/>V \u010distilni napravi Velinja vas vsako leto iz odpadnih voda izlo\u010dimo okoli 100 ton trdnih delcev, ki jih ni mogo\u010de pre\u010distiti.<\/div>\t\t\t\t\t\t\t\t<\/div>\n\t\t\t\t<\/div>\n\t\t\t\t\t<\/div>\n\t\t<\/div>\n\t\t\t\t<div class=\"elementor-column elementor-col-50 elementor-inner-column elementor-element elementor-element-e47e309\" data-id=\"e47e309\" data-element_type=\"column\" data-e-type=\"column\">\n\t\t\t<div class=\"elementor-widget-wrap elementor-element-populated\">\n\t\t\t\t\t\t<div class=\"elementor-element elementor-element-9c2be9e elementor-widget elementor-widget-text-editor\" data-id=\"9c2be9e\" data-element_type=\"widget\" data-e-type=\"widget\" data-widget_type=\"text-editor.default\">\n\t\t\t\t<div class=\"elementor-widget-container\">\n\t\t\t\t\t\t\t\t\t<h3>Vodarna Bil\u010dovs<\/h3><p>Oskrba s pitno vodo je na\u0161a najpomembnej\u0161a skrb.<\/p><p><img decoding=\"async\" class=\"aligncenter wp-image-647 size-full\" src=\"https:\/\/ludmannsdorf.axandu.com\/wp-content\/uploads\/2021\/02\/2017-4-August.jpg\" alt=\"\" width=\"800\" height=\"600\" srcset=\"https:\/\/ludmannsdorf.at\/wp-content\/uploads\/2021\/02\/2017-4-August.jpg 800w, https:\/\/ludmannsdorf.at\/wp-content\/uploads\/2021\/02\/2017-4-August-300x225.jpg 300w, https:\/\/ludmannsdorf.at\/wp-content\/uploads\/2021\/02\/2017-4-August-768x576.jpg 768w, https:\/\/ludmannsdorf.at\/wp-content\/uploads\/2021\/02\/2017-4-August-16x12.jpg 16w\" sizes=\"(max-width: 800px) 100vw, 800px\" \/><\/p><p>Tako vodovodne zadruge kot zasebni lastniki virov imajo dovolj rezerve, trenutno pa je tudi ob\u010dinska mre\u017ea dovolj izdatna. Urejamo nove vire ali jih vsaj pridobivamo za ob\u010dinsko mre\u017eo, da bomo zagotovili dolgoro\u010dno preskrbljenost.<\/p><p>Ob\u010dinska vodarna Bil\u010dovs ima trenutno \u0161tiri vodne vire z izdatnostjo okoli 7,5 l\/s in dva vodohrana (kapaciteta 200 in 100 m3).<\/p><p>350 hi\u0161 z glavnim \u0161tevcem uporablja ob\u010dinsko vodo.<\/p>\t\t\t\t\t\t\t\t<\/div>\n\t\t\t\t<\/div>\n\t\t\t\t\t<\/div>\n\t\t<\/div>\n\t\t\t\t\t<\/div>\n\t\t<\/section>\n\t\t\t\t<div class=\"elementor-element elementor-element-5dc56f7 elementor-widget elementor-widget-heading\" data-id=\"5dc56f7\" data-element_type=\"widget\" data-e-type=\"widget\" data-widget_type=\"heading.default\">\n\t\t\t\t<div class=\"elementor-widget-container\">\n\t\t\t\t\t<h3 class=\"elementor-heading-title elementor-size-default\"><br>Izposoja strojev<\/h3>\t\t\t\t<\/div>\n\t\t\t\t<\/div>\n\t\t\t\t<div class=\"elementor-element elementor-element-8d901be elementor-widget elementor-widget-text-editor\" data-id=\"8d901be\" data-element_type=\"widget\" data-e-type=\"widget\" data-widget_type=\"text-editor.default\">\n\t\t\t\t<div class=\"elementor-widget-container\">\n\t\t\t\t\t\t\t\t\t<p><span style=\"color: var( --e-global-color-text ); font-family: var( --e-global-typography-text-font-family ), Sans-serif; font-weight: var( --e-global-typography-text-font-weight ); font-size: 1rem;\">Pri javnih slu\u017ebah ob\u010dine Bil\u010dovs si lahko izposodite ve\u010d strojev: 04228\/2220<\/span><\/p>\t\t\t\t\t\t\t\t<\/div>\n\t\t\t\t<\/div>\n\t\t\t\t<div class=\"elementor-element elementor-element-e2eab26 elementor-widget elementor-widget-text-editor\" data-id=\"e2eab26\" data-element_type=\"widget\" data-e-type=\"widget\" data-widget_type=\"text-editor.default\">\n\t\t\t\t<div class=\"elementor-widget-container\">\n\t\t\t\t\t\t\t\t\t<table><tbody><tr><td><b>Stroj za izposojo<\/b><\/td><td><b>Znesek v \u20ac<\/b><\/td><td>\u00a0<b>Uporaba<\/b><\/td><\/tr><tr><td>Viehtransporter neu<\/td><td>25,00<\/td><td>\u00a0na dan<\/td><\/tr><tr><td>vitel<\/td><td>20,00<\/td><td>\u00a0na dan<\/td><\/tr><tr><td>Spalter liegend 2017<\/td><td>40,00<\/td><td>\u00a0na dan<\/td><\/tr><tr><td>Spalter stehend (20 Tonnen)<\/td><td>30,00<\/td><td>\u00a0na dan<\/td><\/tr><tr><td>Spalter stehend (26 Tonnen)<\/td><td>30,00<\/td><td>\u00a0na dan<\/td><\/tr><tr><td>sveder za zemljo<\/td><td>15,00<\/td><td>\u00a0na dan<\/td><\/tr><tr><td>pr\u0161ilnik za apno<\/td><td>15,00<\/td><td>\u00a0na dan<\/td><\/tr><tr><td>travni\u0161ka brana<\/td><td>25,00<\/td><td>\u00a0na dan<\/td><\/tr><tr><td>sekljalnik koruze<\/td><td>20,00<\/td><td>\u00a0pro ha<\/td><\/tr><tr><td>Sch\u00e4lmaschine (Zaunpfahl)<\/td><td>20,00<\/td><td>\u00a0na dan<\/td><\/tr><tr><td>kro\u017ena \u017eaga<\/td><td>15,00<\/td><td>\u00a0na dan<\/td><\/tr><tr><td>drobilnik<\/td><td>20,00<\/td><td>\u00a0na dan<\/td><\/tr><tr><td>prikolica za avto<\/td><td>15,00<\/td><td>\u00a0na dan<\/td><\/tr><tr><td>Streuger\u00e4t (Kunstd\u00fcnger)<\/td><td>15,00<\/td><td>\u00a0na dan<\/td><\/tr><tr><td>kultivator<\/td><td>15,00<\/td><td>\u00a0na dan<\/td><\/tr><tr><td>mul\u010der<\/td><td>50,00<\/td><td>\u00a0na dan<\/td><\/tr><tr><td>valj<\/td><td>20,00<\/td><td>\u00a0na dan<\/td><\/tr><\/tbody><\/table><p>\u00a0<\/p><p>Ausleihmodalit\u00e4ten Leihger\u00e4te (Oktober bis April: um 07:00 und 16:00 Uhr , Mai bis September um 06:00 bis 14:00 Uhr).<\/p><p><strong>Ausgabe \u00fcber Bauhof; Ausleihung nur mehr ganztags<\/strong><\/p><p>\u00a0<\/p>\t\t\t\t\t\t\t\t<\/div>\n\t\t\t\t<\/div>\n\t\t\t\t<div class=\"elementor-element elementor-element-d0cd495 elementor-widget elementor-widget-text-editor\" data-id=\"d0cd495\" data-element_type=\"widget\" data-e-type=\"widget\" data-widget_type=\"text-editor.default\">\n\t\t\t\t<div class=\"elementor-widget-container\">\n\t\t\t\t\t\t\t\t\t<p class=\"translation-block\">Izposoja je mo\u017ena le po predhodni prijavi na ob\u010dinskem uradu. S stroji in napravami ravnajte skrbno.<\/p><ul><li class=\"translation-block\">Izposoja brez predhodne rezervacije termina pri ob\u010dini ni mogo\u010da (kmetje ne morejo med seboj menjati opreme).<\/li><li>Kadarkoli jih lahko dobite na ob\u010dinskem uradu.<\/li><li>Kadarkoli jih lahko dobite na ob\u010dinskem uradu.<\/li><li><strong>S stroji in napravami ravnajte skrbno in vestno.<\/strong><\/li><li>Po\u0161kodbe, napake in \u0161kodo nemudoma javite.<\/li><li>Transporter za \u017eivino pred vra\u010dilom o\u010distite.<\/li><\/ul><p>Morebitne stro\u0161ke \u010di\u0161\u010denja in popravil bomo zara\u010dunali posameznemu uporabniku.<\/p>\t\t\t\t\t\t\t\t<\/div>\n\t\t\t\t<\/div>\n\t\t\t\t<div class=\"elementor-element elementor-element-23f5c24 elementor-widget elementor-widget-text-editor\" data-id=\"23f5c24\" data-element_type=\"widget\" data-e-type=\"widget\" data-widget_type=\"text-editor.default\">\n\t\t\t\t<div class=\"elementor-widget-container\">\n\t\t\t\t\t\t\t\t\t<p><strong>Izposoja kardanskih gredi<\/strong><br \/>Ob\u010dina poleg naprav in strojev seveda brezpla\u010dno izposoja tudi kardanske gredi.<br \/>\u010ce nimamo ustrezne, morate sami poskrbeti zanjo.<\/p>\t\t\t\t\t\t\t\t<\/div>\n\t\t\t\t<\/div>\n\t\t\t\t\t<\/div>\n\t\t<\/div>\n\t\t\t\t\t<\/div>\n\t\t<\/section>\n\t\t\t\t<\/div>","protected":false},"excerpt":{"rendered":"<p>Wirtschaftshof Aufgabenbereich Unsere Mitarbeiter des Wirtschaftshofes haben einen sehr umfangeichen Aufgabenbereich, da der Wirtschaftshof eine wichtige Serviceeinrichtung darstellt. Dazu z\u00e4hlen vor allem die Erhaltung und Reinigung der Stra\u00dfen und der Wege, die Schneer\u00e4umung im Winter, die Instandhaltung der gemeindeeigenen Geb\u00e4uden, die Betreuung unserer Freizeit- und Sportanlagen und die Abfallentsorgung. Abwasserreinigungsanlage in Wellersdorf und Selkach Die [&hellip;]<\/p>\n","protected":false},"author":1,"featured_media":0,"parent":0,"menu_order":0,"comment_status":"closed","ping_status":"closed","template":"","meta":{"footnotes":""},"class_list":["post-2098","page","type-page","status-publish","hentry"],"yoast_head":"<!-- This site is optimized with the Yoast SEO plugin v25.6 - https:\/\/yoast.com\/wordpress\/plugins\/seo\/ -->\n<title>Wirtschaftshof - Gemeinde Ludmannsdorf<\/title>\n<meta name=\"robots\" content=\"index, follow, max-snippet:-1, max-image-preview:large, max-video-preview:-1\" \/>\n<link rel=\"canonical\" href=\"http:\/\/ludmannsdorf.at\/sl\/wirtschaftshof\/\" \/>\n<meta property=\"og:locale\" content=\"sl_SI\" \/>\n<meta property=\"og:type\" content=\"article\" \/>\n<meta property=\"og:title\" content=\"Wirtschaftshof - Gemeinde Ludmannsdorf\" \/>\n<meta property=\"og:description\" content=\"Wirtschaftshof Aufgabenbereich Unsere Mitarbeiter des Wirtschaftshofes haben einen sehr umfangeichen Aufgabenbereich, da der Wirtschaftshof eine wichtige Serviceeinrichtung darstellt. Dazu z\u00e4hlen vor allem die Erhaltung und Reinigung der Stra\u00dfen und der Wege, die Schneer\u00e4umung im Winter, die Instandhaltung der gemeindeeigenen Geb\u00e4uden, die Betreuung unserer Freizeit- und Sportanlagen und die Abfallentsorgung. Abwasserreinigungsanlage in Wellersdorf und Selkach Die [&hellip;]\" \/>\n<meta property=\"og:url\" content=\"http:\/\/ludmannsdorf.at\/sl\/wirtschaftshof\/\" \/>\n<meta property=\"og:site_name\" content=\"Gemeinde Ludmannsdorf\" \/>\n<meta property=\"article:modified_time\" content=\"2024-05-20T12:00:06+00:00\" \/>\n<meta property=\"og:image\" content=\"https:\/\/ludmannsdorf.axandu.com\/wp-content\/uploads\/2021\/02\/ARA.jpg\" \/>\n<meta name=\"twitter:card\" content=\"summary_large_image\" \/>\n<meta name=\"twitter:label1\" content=\"Est. reading time\" \/>\n\t<meta name=\"twitter:data1\" content=\"4 minute\" \/>\n<script type=\"application\/ld+json\" class=\"yoast-schema-graph\">{\"@context\":\"https:\/\/schema.org\",\"@graph\":[{\"@type\":\"WebPage\",\"@id\":\"http:\/\/ludmannsdorf.at\/wirtschaftshof\/\",\"url\":\"http:\/\/ludmannsdorf.at\/wirtschaftshof\/\",\"name\":\"Wirtschaftshof - Gemeinde Ludmannsdorf\",\"isPartOf\":{\"@id\":\"https:\/\/ludmannsdorf.at\/#website\"},\"primaryImageOfPage\":{\"@id\":\"http:\/\/ludmannsdorf.at\/wirtschaftshof\/#primaryimage\"},\"image\":{\"@id\":\"http:\/\/ludmannsdorf.at\/wirtschaftshof\/#primaryimage\"},\"thumbnailUrl\":\"https:\/\/ludmannsdorf.axandu.com\/wp-content\/uploads\/2021\/02\/ARA.jpg\",\"datePublished\":\"2021-03-01T12:42:37+00:00\",\"dateModified\":\"2024-05-20T12:00:06+00:00\",\"breadcrumb\":{\"@id\":\"http:\/\/ludmannsdorf.at\/wirtschaftshof\/#breadcrumb\"},\"inLanguage\":\"sl-SI\",\"potentialAction\":[{\"@type\":\"ReadAction\",\"target\":[\"http:\/\/ludmannsdorf.at\/wirtschaftshof\/\"]}]},{\"@type\":\"ImageObject\",\"inLanguage\":\"sl-SI\",\"@id\":\"http:\/\/ludmannsdorf.at\/wirtschaftshof\/#primaryimage\",\"url\":\"https:\/\/ludmannsdorf.axandu.com\/wp-content\/uploads\/2021\/02\/ARA.jpg\",\"contentUrl\":\"https:\/\/ludmannsdorf.axandu.com\/wp-content\/uploads\/2021\/02\/ARA.jpg\"},{\"@type\":\"BreadcrumbList\",\"@id\":\"http:\/\/ludmannsdorf.at\/wirtschaftshof\/#breadcrumb\",\"itemListElement\":[{\"@type\":\"ListItem\",\"position\":1,\"name\":\"Startseite\",\"item\":\"https:\/\/ludmannsdorf.at\/\"},{\"@type\":\"ListItem\",\"position\":2,\"name\":\"Wirtschaftshof\"}]},{\"@type\":\"WebSite\",\"@id\":\"https:\/\/ludmannsdorf.at\/#website\",\"url\":\"https:\/\/ludmannsdorf.at\/\",\"name\":\"Gemeinde Ludmannsdorf\",\"description\":\"Willkommen in Ludmannsdorf\/Bil\u010dovs!\",\"publisher\":{\"@id\":\"https:\/\/ludmannsdorf.at\/#organization\"},\"potentialAction\":[{\"@type\":\"SearchAction\",\"target\":{\"@type\":\"EntryPoint\",\"urlTemplate\":\"https:\/\/ludmannsdorf.at\/?s={search_term_string}\"},\"query-input\":{\"@type\":\"PropertyValueSpecification\",\"valueRequired\":true,\"valueName\":\"search_term_string\"}}],\"inLanguage\":\"sl-SI\"},{\"@type\":\"Organization\",\"@id\":\"https:\/\/ludmannsdorf.at\/#organization\",\"name\":\"Gemeinde Ludmannsdorf\",\"url\":\"https:\/\/ludmannsdorf.at\/\",\"logo\":{\"@type\":\"ImageObject\",\"inLanguage\":\"sl-SI\",\"@id\":\"https:\/\/ludmannsdorf.at\/#\/schema\/logo\/image\/\",\"url\":\"https:\/\/ludmannsdorf.at\/wp-content\/uploads\/2020\/12\/cropped-wappen_Page_1-1.png\",\"contentUrl\":\"https:\/\/ludmannsdorf.at\/wp-content\/uploads\/2020\/12\/cropped-wappen_Page_1-1.png\",\"width\":512,\"height\":512,\"caption\":\"Gemeinde Ludmannsdorf\"},\"image\":{\"@id\":\"https:\/\/ludmannsdorf.at\/#\/schema\/logo\/image\/\"}}]}<\/script>\n<!-- \/ Yoast SEO plugin. -->","yoast_head_json":{"title":"Wirtschaftshof - Gemeinde Ludmannsdorf","robots":{"index":"index","follow":"follow","max-snippet":"max-snippet:-1","max-image-preview":"max-image-preview:large","max-video-preview":"max-video-preview:-1"},"canonical":"http:\/\/ludmannsdorf.at\/sl\/wirtschaftshof\/","og_locale":"sl_SI","og_type":"article","og_title":"Wirtschaftshof - Gemeinde Ludmannsdorf","og_description":"Wirtschaftshof Aufgabenbereich Unsere Mitarbeiter des Wirtschaftshofes haben einen sehr umfangeichen Aufgabenbereich, da der Wirtschaftshof eine wichtige Serviceeinrichtung darstellt. Dazu z\u00e4hlen vor allem die Erhaltung und Reinigung der Stra\u00dfen und der Wege, die Schneer\u00e4umung im Winter, die Instandhaltung der gemeindeeigenen Geb\u00e4uden, die Betreuung unserer Freizeit- und Sportanlagen und die Abfallentsorgung. Abwasserreinigungsanlage in Wellersdorf und Selkach Die [&hellip;]","og_url":"http:\/\/ludmannsdorf.at\/sl\/wirtschaftshof\/","og_site_name":"Gemeinde Ludmannsdorf","article_modified_time":"2024-05-20T12:00:06+00:00","og_image":[{"url":"https:\/\/ludmannsdorf.axandu.com\/wp-content\/uploads\/2021\/02\/ARA.jpg","type":"","width":"","height":""}],"twitter_card":"summary_large_image","twitter_misc":{"Est. reading time":"4 minute"},"schema":{"@context":"https:\/\/schema.org","@graph":[{"@type":"WebPage","@id":"http:\/\/ludmannsdorf.at\/wirtschaftshof\/","url":"http:\/\/ludmannsdorf.at\/wirtschaftshof\/","name":"Wirtschaftshof - Gemeinde Ludmannsdorf","isPartOf":{"@id":"https:\/\/ludmannsdorf.at\/#website"},"primaryImageOfPage":{"@id":"http:\/\/ludmannsdorf.at\/wirtschaftshof\/#primaryimage"},"image":{"@id":"http:\/\/ludmannsdorf.at\/wirtschaftshof\/#primaryimage"},"thumbnailUrl":"https:\/\/ludmannsdorf.axandu.com\/wp-content\/uploads\/2021\/02\/ARA.jpg","datePublished":"2021-03-01T12:42:37+00:00","dateModified":"2024-05-20T12:00:06+00:00","breadcrumb":{"@id":"http:\/\/ludmannsdorf.at\/wirtschaftshof\/#breadcrumb"},"inLanguage":"sl-SI","potentialAction":[{"@type":"ReadAction","target":["http:\/\/ludmannsdorf.at\/wirtschaftshof\/"]}]},{"@type":"ImageObject","inLanguage":"sl-SI","@id":"http:\/\/ludmannsdorf.at\/wirtschaftshof\/#primaryimage","url":"https:\/\/ludmannsdorf.axandu.com\/wp-content\/uploads\/2021\/02\/ARA.jpg","contentUrl":"https:\/\/ludmannsdorf.axandu.com\/wp-content\/uploads\/2021\/02\/ARA.jpg"},{"@type":"BreadcrumbList","@id":"http:\/\/ludmannsdorf.at\/wirtschaftshof\/#breadcrumb","itemListElement":[{"@type":"ListItem","position":1,"name":"Startseite","item":"https:\/\/ludmannsdorf.at\/"},{"@type":"ListItem","position":2,"name":"Wirtschaftshof"}]},{"@type":"WebSite","@id":"https:\/\/ludmannsdorf.at\/#website","url":"https:\/\/ludmannsdorf.at\/","name":"Ob\u010dina Bil\u010dovs","description":"Dobrodo\u0161li v Ludmannsdorf\/Bil\u010dovs!","publisher":{"@id":"https:\/\/ludmannsdorf.at\/#organization"},"potentialAction":[{"@type":"SearchAction","target":{"@type":"EntryPoint","urlTemplate":"https:\/\/ludmannsdorf.at\/?s={search_term_string}"},"query-input":{"@type":"PropertyValueSpecification","valueRequired":true,"valueName":"search_term_string"}}],"inLanguage":"sl-SI"},{"@type":"Organization","@id":"https:\/\/ludmannsdorf.at\/#organization","name":"Ob\u010dina Bil\u010dovs","url":"https:\/\/ludmannsdorf.at\/","logo":{"@type":"ImageObject","inLanguage":"sl-SI","@id":"https:\/\/ludmannsdorf.at\/#\/schema\/logo\/image\/","url":"https:\/\/ludmannsdorf.at\/wp-content\/uploads\/2020\/12\/cropped-wappen_Page_1-1.png","contentUrl":"https:\/\/ludmannsdorf.at\/wp-content\/uploads\/2020\/12\/cropped-wappen_Page_1-1.png","width":512,"height":512,"caption":"Gemeinde Ludmannsdorf"},"image":{"@id":"https:\/\/ludmannsdorf.at\/#\/schema\/logo\/image\/"}}]}},"_links":{"self":[{"href":"https:\/\/ludmannsdorf.at\/sl\/wp-json\/wp\/v2\/pages\/2098"}],"collection":[{"href":"https:\/\/ludmannsdorf.at\/sl\/wp-json\/wp\/v2\/pages"}],"about":[{"href":"https:\/\/ludmannsdorf.at\/sl\/wp-json\/wp\/v2\/types\/page"}],"author":[{"embeddable":true,"href":"https:\/\/ludmannsdorf.at\/sl\/wp-json\/wp\/v2\/users\/1"}],"replies":[{"embeddable":true,"href":"https:\/\/ludmannsdorf.at\/sl\/wp-json\/wp\/v2\/comments?post=2098"}],"version-history":[{"count":49,"href":"https:\/\/ludmannsdorf.at\/sl\/wp-json\/wp\/v2\/pages\/2098\/revisions"}],"predecessor-version":[{"id":6222,"href":"https:\/\/ludmannsdorf.at\/sl\/wp-json\/wp\/v2\/pages\/2098\/revisions\/6222"}],"wp:attachment":[{"href":"https:\/\/ludmannsdorf.at\/sl\/wp-json\/wp\/v2\/media?parent=2098"}],"curies":[{"name":"wp","href":"https:\/\/api.w.org\/{rel}","templated":true}]}}