{"id":2064,"date":"2021-03-01T10:35:53","date_gmt":"2021-03-01T10:35:53","guid":{"rendered":"https:\/\/ludmannsdorf.axandu.com\/?page_id=2064"},"modified":"2025-07-23T09:20:04","modified_gmt":"2025-07-23T07:20:04","slug":"trauerfall-und-bestattung","status":"publish","type":"page","link":"http:\/\/ludmannsdorf.at\/sl\/trauerfall-und-bestattung\/","title":{"rendered":"Sterbefall und Bestattung"},"content":{"rendered":"<div data-elementor-type=\"wp-page\" data-elementor-id=\"2064\" class=\"elementor elementor-2064\" data-elementor-post-type=\"page\">\n\t\t\t\t\t\t<section class=\"elementor-section elementor-top-section elementor-element elementor-element-5f047548 elementor-section-full_width elementor-section-height-default elementor-section-height-default\" data-id=\"5f047548\" data-element_type=\"section\" data-e-type=\"section\" data-settings=\"{&quot;shape_divider_bottom&quot;:&quot;wave-brush&quot;}\">\n\t\t\t\t\t<div class=\"elementor-shape elementor-shape-bottom\" aria-hidden=\"true\" data-negative=\"false\">\n\t\t\t<svg xmlns=\"http:\/\/www.w3.org\/2000\/svg\" viewbox=\"0 0 283.5 27.8\" preserveaspectratio=\"none\">\n\t<path class=\"elementor-shape-fill\" d=\"M283.5,9.7c0,0-7.3,4.3-14,4.6c-6.8,0.3-12.6,0-20.9-1.5c-11.3-2-33.1-10.1-44.7-5.7\ts-12.1,4.6-18,7.4c-6.6,3.2-20,9.6-36.6,9.3C131.6,23.5,99.5,7.2,86.3,8c-1.4,0.1-6.6,0.8-10.5,2c-3.8,1.2-9.4,3.8-17,4.7\tc-3.2,0.4-8.3,1.1-14.2,0.9c-1.5-0.1-6.3-0.4-12-1.6c-5.7-1.2-11-3.1-15.8-3.7C6.5,9.2,0,10.8,0,10.8V0h283.5V9.7z M260.8,11.3\tc-0.7-1-2-0.4-4.3-0.4c-2.3,0-6.1-1.2-5.8-1.1c0.3,0.1,3.1,1.5,6,1.9C259.7,12.2,261.4,12.3,260.8,11.3z M242.4,8.6\tc0,0-2.4-0.2-5.6-0.9c-3.2-0.8-10.3-2.8-15.1-3.5c-8.2-1.1-15.8,0-15.1,0.1c0.8,0.1,9.6-0.6,17.6,1.1c3.3,0.7,9.3,2.2,12.4,2.7\tC239.9,8.7,242.4,8.6,242.4,8.6z M185.2,8.5c1.7-0.7-13.3,4.7-18.5,6.1c-2.1,0.6-6.2,1.6-10,2c-3.9,0.4-8.9,0.4-8.8,0.5\tc0,0.2,5.8,0.8,11.2,0c5.4-0.8,5.2-1.1,7.6-1.6C170.5,14.7,183.5,9.2,185.2,8.5z M199.1,6.9c0.2,0-0.8-0.4-4.8,1.1\tc-4,1.5-6.7,3.5-6.9,3.7c-0.2,0.1,3.5-1.8,6.6-3C197,7.5,199,6.9,199.1,6.9z M283,6c-0.1,0.1-1.9,1.1-4.8,2.5s-6.9,2.8-6.7,2.7\tc0.2,0,3.5-0.6,7.4-2.5C282.8,6.8,283.1,5.9,283,6z M31.3,11.6c0.1-0.2-1.9-0.2-4.5-1.2s-5.4-1.6-7.8-2C15,7.6,7.3,8.5,7.7,8.6\tC8,8.7,15.9,8.3,20.2,9.3c2.2,0.5,2.4,0.5,5.7,1.6S31.2,11.9,31.3,11.6z M73,9.2c0.4-0.1,3.5-1.6,8.4-2.6c4.9-1.1,8.9-0.5,8.9-0.8\tc0-0.3-1-0.9-6.2-0.3S72.6,9.3,73,9.2z M71.6,6.7C71.8,6.8,75,5.4,77.3,5c2.3-0.3,1.9-0.5,1.9-0.6c0-0.1-1.1-0.2-2.7,0.2\tC74.8,5.1,71.4,6.6,71.6,6.7z M93.6,4.4c0.1,0.2,3.5,0.8,5.6,1.8c2.1,1,1.8,0.6,1.9,0.5c0.1-0.1-0.8-0.8-2.4-1.3\tC97.1,4.8,93.5,4.2,93.6,4.4z M65.4,11.1c-0.1,0.3,0.3,0.5,1.9-0.2s2.6-1.3,2.2-1.2s-0.9,0.4-2.5,0.8C65.3,10.9,65.5,10.8,65.4,11.1\tz M34.5,12.4c-0.2,0,2.1,0.8,3.3,0.9c1.2,0.1,2,0.1,2-0.2c0-0.3-0.1-0.5-1.6-0.4C36.6,12.8,34.7,12.4,34.5,12.4z M152.2,21.1\tc-0.1,0.1-2.4-0.3-7.5-0.3c-5,0-13.6-2.4-17.2-3.5c-3.6-1.1,10,3.9,16.5,4.1C150.5,21.6,152.3,21,152.2,21.1z\"\/>\n\t<path class=\"elementor-shape-fill\" d=\"M269.6,18c-0.1-0.1-4.6,0.3-7.2,0c-7.3-0.7-17-3.2-16.6-2.9c0.4,0.3,13.7,3.1,17,3.3\tC267.7,18.8,269.7,18,269.6,18z\"\/>\n\t<path class=\"elementor-shape-fill\" d=\"M227.4,9.8c-0.2-0.1-4.5-1-9.5-1.2c-5-0.2-12.7,0.6-12.3,0.5c0.3-0.1,5.9-1.8,13.3-1.2\tS227.6,9.9,227.4,9.8z\"\/>\n\t<path class=\"elementor-shape-fill\" d=\"M204.5,13.4c-0.1-0.1,2-1,3.2-1.1c1.2-0.1,2,0,2,0.3c0,0.3-0.1,0.5-1.6,0.4\tC206.4,12.9,204.6,13.5,204.5,13.4z\"\/>\n\t<path class=\"elementor-shape-fill\" d=\"M201,10.6c0-0.1-4.4,1.2-6.3,2.2c-1.9,0.9-6.2,3.1-6.1,3.1c0.1,0.1,4.2-1.6,6.3-2.6\tS201,10.7,201,10.6z\"\/>\n\t<path class=\"elementor-shape-fill\" d=\"M154.5,26.7c-0.1-0.1-4.6,0.3-7.2,0c-7.3-0.7-17-3.2-16.6-2.9c0.4,0.3,13.7,3.1,17,3.3\tC152.6,27.5,154.6,26.8,154.5,26.7z\"\/>\n\t<path class=\"elementor-shape-fill\" d=\"M41.9,19.3c0,0,1.2-0.3,2.9-0.1c1.7,0.2,5.8,0.9,8.2,0.7c4.2-0.4,7.4-2.7,7-2.6\tc-0.4,0-4.3,2.2-8.6,1.9c-1.8-0.1-5.1-0.5-6.7-0.4S41.9,19.3,41.9,19.3z\"\/>\n\t<path class=\"elementor-shape-fill\" d=\"M75.5,12.6c0.2,0.1,2-0.8,4.3-1.1c2.3-0.2,2.1-0.3,2.1-0.5c0-0.1-1.8-0.4-3.4,0\tC76.9,11.5,75.3,12.5,75.5,12.6z\"\/>\n\t<path class=\"elementor-shape-fill\" d=\"M15.6,13.2c0-0.1,4.3,0,6.7,0.5c2.4,0.5,5,1.9,5,2c0,0.1-2.7-0.8-5.1-1.4\tC19.9,13.7,15.7,13.3,15.6,13.2z\"\/>\n<\/svg>\t\t<\/div>\n\t\t\t\t\t<div class=\"elementor-container elementor-column-gap-default\">\n\t\t\t\t\t<div class=\"elementor-column elementor-col-100 elementor-top-column elementor-element elementor-element-7481036f\" data-id=\"7481036f\" data-element_type=\"column\" data-e-type=\"column\">\n\t\t\t<div class=\"elementor-widget-wrap elementor-element-populated\">\n\t\t\t\t\t\t<div class=\"elementor-element elementor-element-628bf877 elementor--h-position-center elementor--v-position-middle elementor-arrows-position-inside elementor-pagination-position-inside elementor-widget elementor-widget-slides\" data-id=\"628bf877\" data-element_type=\"widget\" data-e-type=\"widget\" data-settings=\"{&quot;autoplay_speed&quot;:7000,&quot;navigation&quot;:&quot;both&quot;,&quot;autoplay&quot;:&quot;yes&quot;,&quot;pause_on_hover&quot;:&quot;yes&quot;,&quot;pause_on_interaction&quot;:&quot;yes&quot;,&quot;infinite&quot;:&quot;yes&quot;,&quot;transition&quot;:&quot;slide&quot;,&quot;transition_speed&quot;:500}\" data-widget_type=\"slides.default\">\n\t\t\t\t<div class=\"elementor-widget-container\">\n\t\t\t\t\t\t\t\t\t<div class=\"elementor-swiper\">\n\t\t\t\t\t<div class=\"elementor-slides-wrapper elementor-main-swiper swiper\" role=\"region\" aria-roledescription=\"carousel\" aria-label=\"Slider\" dir=\"ltr\" data-animation=\"fadeInDown\">\n\t\t\t\t<div class=\"swiper-wrapper elementor-slides\">\n\t\t\t\t\t\t\t\t\t\t<div class=\"elementor-repeater-item-dc2b20d swiper-slide\" role=\"group\" aria-roledescription=\"slide\"><div class=\"swiper-slide-bg elementor-ken-burns elementor-ken-burns--in\" role=\"img\"><\/div><div class=\"swiper-slide-inner\" ><div class=\"swiper-slide-contents\"><div class=\"elementor-slide-heading\">Smrt in pogrebne storitve<\/div><\/div><\/div><\/div>\t\t\t\t<\/div>\n\t\t\t\t\t\t\t<\/div>\n\t\t\t\t<\/div>\n\t\t\t\t\t\t\t\t<\/div>\n\t\t\t\t<\/div>\n\t\t\t\t\t<\/div>\n\t\t<\/div>\n\t\t\t\t\t<\/div>\n\t\t<\/section>\n\t\t\t\t<section class=\"elementor-section elementor-top-section elementor-element elementor-element-3de9a3a elementor-section-boxed elementor-section-height-default elementor-section-height-default\" data-id=\"3de9a3a\" data-element_type=\"section\" data-e-type=\"section\">\n\t\t\t\t\t\t<div class=\"elementor-container elementor-column-gap-default\">\n\t\t\t\t\t<div class=\"elementor-column elementor-col-100 elementor-top-column elementor-element elementor-element-ef8cb87\" data-id=\"ef8cb87\" data-element_type=\"column\" data-e-type=\"column\">\n\t\t\t<div class=\"elementor-widget-wrap elementor-element-populated\">\n\t\t\t\t\t\t<div class=\"elementor-element elementor-element-13ec3c3 elementor-widget elementor-widget-heading\" data-id=\"13ec3c3\" data-element_type=\"widget\" data-e-type=\"widget\" data-widget_type=\"heading.default\">\n\t\t\t\t<div class=\"elementor-widget-container\">\n\t\t\t\t\t<h3 class=\"elementor-heading-title elementor-size-default\">Smrt<\/h3>\t\t\t\t<\/div>\n\t\t\t\t<\/div>\n\t\t\t\t<div class=\"elementor-element elementor-element-0fa0fa9 elementor-widget elementor-widget-text-editor\" data-id=\"0fa0fa9\" data-element_type=\"widget\" data-e-type=\"widget\" data-widget_type=\"text-editor.default\">\n\t\t\t\t<div class=\"elementor-widget-container\">\n\t\t\t\t\t\t\t\t\tOb smrti je treba izvesti ve\u010d ukrepov in opraviti ve\u010d uradnih poti. Pri tem vam bodo pomagali mati\u010dni urad, izvajalec pogrebnih storitev in uprava pokopali\u0161\u010da.\t\t\t\t\t\t\t\t<\/div>\n\t\t\t\t<\/div>\n\t\t\t\t<div class=\"elementor-element elementor-element-2eb4b27 elementor-widget elementor-widget-heading\" data-id=\"2eb4b27\" data-element_type=\"widget\" data-e-type=\"widget\" data-widget_type=\"heading.default\">\n\t\t\t\t<div class=\"elementor-widget-container\">\n\t\t\t\t\t<h4 class=\"elementor-heading-title elementor-size-default\">Prijava smrti<\/h4>\t\t\t\t<\/div>\n\t\t\t\t<\/div>\n\t\t\t\t<div class=\"elementor-element elementor-element-01c3034 elementor-widget elementor-widget-text-editor\" data-id=\"01c3034\" data-element_type=\"widget\" data-e-type=\"widget\" data-widget_type=\"text-editor.default\">\n\t\t\t\t<div class=\"elementor-widget-container\">\n\t\t\t\t\t\t\t\t\tSmrt je treba prijaviti pristojnemu mati\u010dnemu uradu. Prijavo smrti na\u010deloma opravi zdravstvena ustanova, bolni\u0161nica, zdravnik oz. zdravnica ali mrli\u0161ki oglednik oz. oglednica, odvisno od okoli\u0161\u010din. Ve\u010dinoma vam pri tem pomaga izvajalec pogrebnih storitev, ki opravi te poti.\t\t\t\t\t\t\t\t<\/div>\n\t\t\t\t<\/div>\n\t\t\t\t<div class=\"elementor-element elementor-element-69f9a60 elementor-widget elementor-widget-heading\" data-id=\"69f9a60\" data-element_type=\"widget\" data-e-type=\"widget\" data-widget_type=\"heading.default\">\n\t\t\t\t<div class=\"elementor-widget-container\">\n\t\t\t\t\t<h4 class=\"elementor-heading-title elementor-size-default\">Potrebni dokumenti<\/h4>\t\t\t\t<\/div>\n\t\t\t\t<\/div>\n\t\t\t\t<div class=\"elementor-element elementor-element-3d2526b elementor-widget elementor-widget-text-editor\" data-id=\"3d2526b\" data-element_type=\"widget\" data-e-type=\"widget\" data-widget_type=\"text-editor.default\">\n\t\t\t\t<div class=\"elementor-widget-container\">\n\t\t\t\t\t\t\t\t\tZa izdajo mrli\u0161kega lista potrebujete naslednje dokumente pokojne osebe:\n<ul>\n<li>rojstni list,<\/li>\n<li>dokazilo o dr\u017eavljanstvu,<\/li>\n<li>dokazilo o izobrazbi,<\/li>\n<li>za poro\u010dene osebe, osebe v partnerski zvezi lo\u010dene ali ovdovele osebe: poro\u010dni list, listino o registriranem partnerstvu, pravnomo\u010dni sklep o lo\u010ditvi oz. mrli\u0161ki list zakonca.<\/li>\n<\/ul>\nVse dokumente, ki jih je treba izro\u010diti mati\u010dnemu uradu, lahko v izvirniku izro\u010dite izvajalcu pogrebnih storitev, ki bo z veseljem za vas opravil uradne poti.\n\t\t\t\t\t\t\t\t<\/div>\n\t\t\t\t<\/div>\n\t\t\t\t<div class=\"elementor-element elementor-element-a33f98c elementor-widget elementor-widget-heading\" data-id=\"a33f98c\" data-element_type=\"widget\" data-e-type=\"widget\" data-widget_type=\"heading.default\">\n\t\t\t\t<div class=\"elementor-widget-container\">\n\t\t\t\t\t<h3 class=\"elementor-heading-title elementor-size-default\">Izvajalec pogrebnih storitev<\/h3>\t\t\t\t<\/div>\n\t\t\t\t<\/div>\n\t\t\t\t<div class=\"elementor-element elementor-element-514d282 elementor-widget elementor-widget-text-editor\" data-id=\"514d282\" data-element_type=\"widget\" data-e-type=\"widget\" data-widget_type=\"text-editor.default\">\n\t\t\t\t<div class=\"elementor-widget-container\">\n\t\t\t\t\t\t\t\t\t<p>Izvajalec pogrebnih storitev je sogovornik v vseh zadevah, povezanih s smrtjo, in si prizadeva stati ob strani ljudem, ki v te\u017ekem \u010dasu potrebujejo pomo\u010d.<br \/>Izvajalec pogrebnih storitev prevzame naslednje storitve:<\/p><ul><li>obvesti mrli\u0161kega oglednika oz. oglednico,<\/li><li>umije, oble\u010de in polo\u017ei pokojnika oz. pokojnico v krsto in ga\/jo odpelje na pokopali\u0161\u010de,<\/li><li>priskrbi mrli\u0161ki list in morebitne dokumente za prevoz v drugo dr\u017eavo,<\/li><li>organizira \u017ealno slovesnost,<\/li><li>dogovori se za \u010das pogreba z duhovnikom,<\/li><li>obvesti pristojni \u017eupnijski urad,<\/li><li>naro\u010di tisk osmrtnice, zahval in spominske slike,<\/li><li>da na voljo \u017ealno knjigo.<\/li><\/ul><div>\u00a0<\/div><p>Izvajalec pogrebnih storitev:<\/p><ul><li><a class=\"link-style\" href=\"https:\/\/ihre-bestattung.at\/\" target=\"_blank\" rel=\"noopener\">Bestattung K\u00e4rnten<\/a><\/li><li><a class=\"link-style\" href=\"https:\/\/www.bestattung-pax.at\/\" target=\"_blank\" rel=\"noopener\">PAX Bestattung<\/a><\/li><\/ul>\t\t\t\t\t\t\t\t<\/div>\n\t\t\t\t<\/div>\n\t\t\t\t\t<\/div>\n\t\t<\/div>\n\t\t\t\t\t<\/div>\n\t\t<\/section>\n\t\t\t\t<section class=\"elementor-section elementor-top-section elementor-element elementor-element-e4e1e4f elementor-section-boxed elementor-section-height-default elementor-section-height-default\" data-id=\"e4e1e4f\" data-element_type=\"section\" data-e-type=\"section\">\n\t\t\t\t\t\t<div class=\"elementor-container elementor-column-gap-default\">\n\t\t\t\t\t<div class=\"elementor-column elementor-col-100 elementor-top-column elementor-element elementor-element-f767973\" data-id=\"f767973\" data-element_type=\"column\" data-e-type=\"column\">\n\t\t\t<div class=\"elementor-widget-wrap elementor-element-populated\">\n\t\t\t\t\t\t<div class=\"elementor-element elementor-element-39c3dd6 elementor-widget elementor-widget-wp-widget-gap1_widget\" data-id=\"39c3dd6\" data-element_type=\"widget\" data-e-type=\"widget\" data-widget_type=\"wp-widget-gap1_widget.default\">\n\t\t\t\t<div class=\"elementor-widget-container\">\n\t\t\t\t\t<div style='font-family:Roboto'><div class=\"peopleContainer\">\n                    <div onclick=\"printPeopleInformation('ac0eb33ad7c54397b98d988151f74b6b')\" class=\"container clickable\">\n                        <div class=\"row\">\n                            <div class=\"clickable col-md-4 col-sm-6\">\n                                <img decoding=\"async\" class=\"img-thumbnail personpicture\" src=\"https:\/\/gemeindeappstorage.blob.core.windows.net\/usercontent\/a5e4cc2c-8317-42f8-b412-f45ae80baf24\/full\/fc140b80-a1f5-46cd-b68e-0f09c2f1e04a\/Rosi.jpg\" alt=\"Rosi.jpg\">                            <\/div>\n                            <div style=\" \"\n                                 id=\"shortPeopleInformationac0eb33ad7c54397b98d988151f74b6b\">\n                                <h6> Rosi  Stelzl<\/h6>\n                                <i>Amtsleitung-Stv., Finanzverwalterin, Standesbeamtin<\/i><br\/>\n                                <i><\/i>\n                            <\/div>\n\n                            <div style=\"display: none\"\n                                 id=\"peopleInformationac0eb33ad7c54397b98d988151f74b6b\"\n                                 class=\"col-md-8 col-sm-6\">\n                                <h6> Rosi  Stelzl<\/h6>\n                                <i>Amtsleitung-Stv., Finanzverwalterin, Standesbeamtin<\/i><br\/>\n                                <i><\/i>\n\n                                <p>Mail: rosi.stelzl@ktn.gde.at<br\/>Tel: +43 4228 222011<br\/>Fax: +43 4228 222020<br\/><\/p>                            <\/div>\n                        <\/div>\n                    <\/div>\n                    \n                    <div onclick=\"printPeopleInformation('0f41ce56e95e440796b6c27b2edcccba')\" class=\"container clickable\">\n                        <div class=\"row\">\n                            <div class=\"clickable col-md-4 col-sm-6\">\n                                <img decoding=\"async\" class=\"img-thumbnail personpicture\" src=\"https:\/\/gemeindeappstorage.blob.core.windows.net\/usercontent\/a5e4cc2c-8317-42f8-b412-f45ae80baf24\/full\/b73c30bd-5ab6-49ab-8a4c-a7d0102718c8\/Bild%20Corina.jpg\" alt=\"Bild Corina.jpg\">                            <\/div>\n                            <div style=\" \"\n                                 id=\"shortPeopleInformation0f41ce56e95e440796b6c27b2edcccba\">\n                                <h6> Corina  Stelzl<\/h6>\n                                <i>Finanzverwalterin-Stv., Buchhaltung<\/i><br\/>\n                                <i><\/i>\n                            <\/div>\n\n                            <div style=\"display: none\"\n                                 id=\"peopleInformation0f41ce56e95e440796b6c27b2edcccba\"\n                                 class=\"col-md-8 col-sm-6\">\n                                <h6> Corina  Stelzl<\/h6>\n                                <i>Finanzverwalterin-Stv., Buchhaltung<\/i><br\/>\n                                <i><\/i>\n\n                                <p>Mail: corina.stelzl@ktn.gde.at<br\/>Tel: +43 4228 222012<br\/><\/p>                            <\/div>\n                        <\/div>\n                    <\/div>\n                    <\/div><\/div>\t\t\t\t<\/div>\n\t\t\t\t<\/div>\n\t\t\t\t\t<\/div>\n\t\t<\/div>\n\t\t\t\t\t<\/div>\n\t\t<\/section>\n\t\t\t\t<\/div>","protected":false},"excerpt":{"rendered":"<p>Trauerfall und Bestattung Sterbefall Ist ein Todesfall eingetreten, sind verschiedene Ma\u00dfnahmen zu setzen und Beh\u00f6rdenwege zu erledigen. Gerne sind die Servicestellen Standesamt, Bestattung und Friedhofsverwaltung dabei behilflich. Meldung eines Sterbefalles Der Tod eines Menschen muss dem zust\u00e4ndigen Standesamt angezeigt werden. Die &#8222;Anzeige des Todes&#8220; wird grunds\u00e4tzlich, abh\u00e4ngig von den Umst\u00e4nden, von der Krankenanstalt, dem Krankenhaus, [&hellip;]<\/p>\n","protected":false},"author":1,"featured_media":0,"parent":0,"menu_order":0,"comment_status":"closed","ping_status":"closed","template":"","meta":{"footnotes":""},"class_list":["post-2064","page","type-page","status-publish","hentry"],"yoast_head":"<!-- This site is optimized with the Yoast SEO plugin v25.6 - https:\/\/yoast.com\/wordpress\/plugins\/seo\/ -->\n<title>Sterbefall und Bestattung - Gemeinde Ludmannsdorf<\/title>\n<meta name=\"robots\" content=\"index, follow, max-snippet:-1, max-image-preview:large, max-video-preview:-1\" \/>\n<link rel=\"canonical\" href=\"https:\/\/ludmannsdorf.at\/sl\/trauerfall-und-bestattung\/\" \/>\n<meta property=\"og:locale\" content=\"sl_SI\" \/>\n<meta property=\"og:type\" content=\"article\" \/>\n<meta property=\"og:title\" content=\"Sterbefall und Bestattung - Gemeinde Ludmannsdorf\" \/>\n<meta property=\"og:description\" content=\"Trauerfall und Bestattung Sterbefall Ist ein Todesfall eingetreten, sind verschiedene Ma\u00dfnahmen zu setzen und Beh\u00f6rdenwege zu erledigen. Gerne sind die Servicestellen Standesamt, Bestattung und Friedhofsverwaltung dabei behilflich. Meldung eines Sterbefalles Der Tod eines Menschen muss dem zust\u00e4ndigen Standesamt angezeigt werden. Die &#8222;Anzeige des Todes&#8220; wird grunds\u00e4tzlich, abh\u00e4ngig von den Umst\u00e4nden, von der Krankenanstalt, dem Krankenhaus, [&hellip;]\" \/>\n<meta property=\"og:url\" content=\"https:\/\/ludmannsdorf.at\/sl\/trauerfall-und-bestattung\/\" \/>\n<meta property=\"og:site_name\" content=\"Gemeinde Ludmannsdorf\" \/>\n<meta property=\"article:modified_time\" content=\"2025-07-23T07:20:04+00:00\" \/>\n<meta name=\"twitter:card\" content=\"summary_large_image\" \/>\n<meta name=\"twitter:label1\" content=\"Est. reading time\" \/>\n\t<meta name=\"twitter:data1\" content=\"2 minuti\" \/>\n<script type=\"application\/ld+json\" class=\"yoast-schema-graph\">{\"@context\":\"https:\/\/schema.org\",\"@graph\":[{\"@type\":\"WebPage\",\"@id\":\"https:\/\/ludmannsdorf.at\/trauerfall-und-bestattung\/\",\"url\":\"https:\/\/ludmannsdorf.at\/trauerfall-und-bestattung\/\",\"name\":\"Sterbefall und Bestattung - Gemeinde Ludmannsdorf\",\"isPartOf\":{\"@id\":\"http:\/\/ludmannsdorf.at\/#website\"},\"datePublished\":\"2021-03-01T10:35:53+00:00\",\"dateModified\":\"2025-07-23T07:20:04+00:00\",\"breadcrumb\":{\"@id\":\"https:\/\/ludmannsdorf.at\/trauerfall-und-bestattung\/#breadcrumb\"},\"inLanguage\":\"sl-SI\",\"potentialAction\":[{\"@type\":\"ReadAction\",\"target\":[\"https:\/\/ludmannsdorf.at\/trauerfall-und-bestattung\/\"]}]},{\"@type\":\"BreadcrumbList\",\"@id\":\"https:\/\/ludmannsdorf.at\/trauerfall-und-bestattung\/#breadcrumb\",\"itemListElement\":[{\"@type\":\"ListItem\",\"position\":1,\"name\":\"Startseite\",\"item\":\"http:\/\/ludmannsdorf.at\/\"},{\"@type\":\"ListItem\",\"position\":2,\"name\":\"Sterbefall und Bestattung\"}]},{\"@type\":\"WebSite\",\"@id\":\"http:\/\/ludmannsdorf.at\/#website\",\"url\":\"http:\/\/ludmannsdorf.at\/\",\"name\":\"Gemeinde Ludmannsdorf\",\"description\":\"Willkommen in Ludmannsdorf\/Bil\u010dovs!\",\"publisher\":{\"@id\":\"http:\/\/ludmannsdorf.at\/#organization\"},\"potentialAction\":[{\"@type\":\"SearchAction\",\"target\":{\"@type\":\"EntryPoint\",\"urlTemplate\":\"http:\/\/ludmannsdorf.at\/?s={search_term_string}\"},\"query-input\":{\"@type\":\"PropertyValueSpecification\",\"valueRequired\":true,\"valueName\":\"search_term_string\"}}],\"inLanguage\":\"sl-SI\"},{\"@type\":\"Organization\",\"@id\":\"http:\/\/ludmannsdorf.at\/#organization\",\"name\":\"Gemeinde Ludmannsdorf\",\"url\":\"http:\/\/ludmannsdorf.at\/\",\"logo\":{\"@type\":\"ImageObject\",\"inLanguage\":\"sl-SI\",\"@id\":\"http:\/\/ludmannsdorf.at\/#\/schema\/logo\/image\/\",\"url\":\"http:\/\/ludmannsdorf.at\/wp-content\/uploads\/2020\/12\/cropped-wappen_Page_1-1.png\",\"contentUrl\":\"http:\/\/ludmannsdorf.at\/wp-content\/uploads\/2020\/12\/cropped-wappen_Page_1-1.png\",\"width\":512,\"height\":512,\"caption\":\"Gemeinde Ludmannsdorf\"},\"image\":{\"@id\":\"http:\/\/ludmannsdorf.at\/#\/schema\/logo\/image\/\"}}]}<\/script>\n<!-- \/ Yoast SEO plugin. -->","yoast_head_json":{"title":"Sterbefall und Bestattung - Gemeinde Ludmannsdorf","robots":{"index":"index","follow":"follow","max-snippet":"max-snippet:-1","max-image-preview":"max-image-preview:large","max-video-preview":"max-video-preview:-1"},"canonical":"https:\/\/ludmannsdorf.at\/sl\/trauerfall-und-bestattung\/","og_locale":"sl_SI","og_type":"article","og_title":"Sterbefall und Bestattung - Gemeinde Ludmannsdorf","og_description":"Trauerfall und Bestattung Sterbefall Ist ein Todesfall eingetreten, sind verschiedene Ma\u00dfnahmen zu setzen und Beh\u00f6rdenwege zu erledigen. Gerne sind die Servicestellen Standesamt, Bestattung und Friedhofsverwaltung dabei behilflich. Meldung eines Sterbefalles Der Tod eines Menschen muss dem zust\u00e4ndigen Standesamt angezeigt werden. Die &#8222;Anzeige des Todes&#8220; wird grunds\u00e4tzlich, abh\u00e4ngig von den Umst\u00e4nden, von der Krankenanstalt, dem Krankenhaus, [&hellip;]","og_url":"https:\/\/ludmannsdorf.at\/sl\/trauerfall-und-bestattung\/","og_site_name":"Gemeinde Ludmannsdorf","article_modified_time":"2025-07-23T07:20:04+00:00","twitter_card":"summary_large_image","twitter_misc":{"Est. reading time":"2 minuti"},"schema":{"@context":"https:\/\/schema.org","@graph":[{"@type":"WebPage","@id":"https:\/\/ludmannsdorf.at\/trauerfall-und-bestattung\/","url":"https:\/\/ludmannsdorf.at\/trauerfall-und-bestattung\/","name":"Sterbefall und Bestattung - Gemeinde Ludmannsdorf","isPartOf":{"@id":"http:\/\/ludmannsdorf.at\/#website"},"datePublished":"2021-03-01T10:35:53+00:00","dateModified":"2025-07-23T07:20:04+00:00","breadcrumb":{"@id":"https:\/\/ludmannsdorf.at\/trauerfall-und-bestattung\/#breadcrumb"},"inLanguage":"sl-SI","potentialAction":[{"@type":"ReadAction","target":["https:\/\/ludmannsdorf.at\/trauerfall-und-bestattung\/"]}]},{"@type":"BreadcrumbList","@id":"https:\/\/ludmannsdorf.at\/trauerfall-und-bestattung\/#breadcrumb","itemListElement":[{"@type":"ListItem","position":1,"name":"Startseite","item":"http:\/\/ludmannsdorf.at\/"},{"@type":"ListItem","position":2,"name":"Sterbefall und Bestattung"}]},{"@type":"WebSite","@id":"http:\/\/ludmannsdorf.at\/#website","url":"http:\/\/ludmannsdorf.at\/","name":"Ob\u010dina Bil\u010dovs","description":"Dobrodo\u0161li v Ludmannsdorf\/Bil\u010dovs!","publisher":{"@id":"http:\/\/ludmannsdorf.at\/#organization"},"potentialAction":[{"@type":"SearchAction","target":{"@type":"EntryPoint","urlTemplate":"http:\/\/ludmannsdorf.at\/?s={search_term_string}"},"query-input":{"@type":"PropertyValueSpecification","valueRequired":true,"valueName":"search_term_string"}}],"inLanguage":"sl-SI"},{"@type":"Organization","@id":"http:\/\/ludmannsdorf.at\/#organization","name":"Ob\u010dina Bil\u010dovs","url":"http:\/\/ludmannsdorf.at\/","logo":{"@type":"ImageObject","inLanguage":"sl-SI","@id":"http:\/\/ludmannsdorf.at\/#\/schema\/logo\/image\/","url":"http:\/\/ludmannsdorf.at\/wp-content\/uploads\/2020\/12\/cropped-wappen_Page_1-1.png","contentUrl":"http:\/\/ludmannsdorf.at\/wp-content\/uploads\/2020\/12\/cropped-wappen_Page_1-1.png","width":512,"height":512,"caption":"Gemeinde Ludmannsdorf"},"image":{"@id":"http:\/\/ludmannsdorf.at\/#\/schema\/logo\/image\/"}}]}},"_links":{"self":[{"href":"http:\/\/ludmannsdorf.at\/sl\/wp-json\/wp\/v2\/pages\/2064"}],"collection":[{"href":"http:\/\/ludmannsdorf.at\/sl\/wp-json\/wp\/v2\/pages"}],"about":[{"href":"http:\/\/ludmannsdorf.at\/sl\/wp-json\/wp\/v2\/types\/page"}],"author":[{"embeddable":true,"href":"http:\/\/ludmannsdorf.at\/sl\/wp-json\/wp\/v2\/users\/1"}],"replies":[{"embeddable":true,"href":"http:\/\/ludmannsdorf.at\/sl\/wp-json\/wp\/v2\/comments?post=2064"}],"version-history":[{"count":50,"href":"http:\/\/ludmannsdorf.at\/sl\/wp-json\/wp\/v2\/pages\/2064\/revisions"}],"predecessor-version":[{"id":6494,"href":"http:\/\/ludmannsdorf.at\/sl\/wp-json\/wp\/v2\/pages\/2064\/revisions\/6494"}],"wp:attachment":[{"href":"http:\/\/ludmannsdorf.at\/sl\/wp-json\/wp\/v2\/media?parent=2064"}],"curies":[{"name":"wp","href":"https:\/\/api.w.org\/{rel}","templated":true}]}}