{"id":1053,"date":"2021-02-10T20:43:11","date_gmt":"2021-02-10T20:43:11","guid":{"rendered":"https:\/\/ludmannsdorf.axandu.com\/?page_id=1053"},"modified":"2025-01-13T22:37:39","modified_gmt":"2025-01-13T20:37:39","slug":"immobilienborse","status":"publish","type":"page","link":"http:\/\/ludmannsdorf.at\/sl\/immobilienborse\/","title":{"rendered":"Nepremi\u010dninska borza"},"content":{"rendered":"<div data-elementor-type=\"wp-page\" data-elementor-id=\"1053\" class=\"elementor elementor-1053\" data-elementor-post-type=\"page\">\n\t\t\t\t\t\t<section class=\"elementor-section elementor-top-section elementor-element elementor-element-776c2507 elementor-section-full_width elementor-section-height-default elementor-section-height-default\" data-id=\"776c2507\" data-element_type=\"section\" data-e-type=\"section\" data-settings=\"{&quot;shape_divider_bottom&quot;:&quot;wave-brush&quot;}\">\n\t\t\t\t\t<div class=\"elementor-shape elementor-shape-bottom\" aria-hidden=\"true\" data-negative=\"false\">\n\t\t\t<svg xmlns=\"http:\/\/www.w3.org\/2000\/svg\" viewbox=\"0 0 283.5 27.8\" preserveaspectratio=\"none\">\n\t<path class=\"elementor-shape-fill\" d=\"M283.5,9.7c0,0-7.3,4.3-14,4.6c-6.8,0.3-12.6,0-20.9-1.5c-11.3-2-33.1-10.1-44.7-5.7\ts-12.1,4.6-18,7.4c-6.6,3.2-20,9.6-36.6,9.3C131.6,23.5,99.5,7.2,86.3,8c-1.4,0.1-6.6,0.8-10.5,2c-3.8,1.2-9.4,3.8-17,4.7\tc-3.2,0.4-8.3,1.1-14.2,0.9c-1.5-0.1-6.3-0.4-12-1.6c-5.7-1.2-11-3.1-15.8-3.7C6.5,9.2,0,10.8,0,10.8V0h283.5V9.7z M260.8,11.3\tc-0.7-1-2-0.4-4.3-0.4c-2.3,0-6.1-1.2-5.8-1.1c0.3,0.1,3.1,1.5,6,1.9C259.7,12.2,261.4,12.3,260.8,11.3z M242.4,8.6\tc0,0-2.4-0.2-5.6-0.9c-3.2-0.8-10.3-2.8-15.1-3.5c-8.2-1.1-15.8,0-15.1,0.1c0.8,0.1,9.6-0.6,17.6,1.1c3.3,0.7,9.3,2.2,12.4,2.7\tC239.9,8.7,242.4,8.6,242.4,8.6z M185.2,8.5c1.7-0.7-13.3,4.7-18.5,6.1c-2.1,0.6-6.2,1.6-10,2c-3.9,0.4-8.9,0.4-8.8,0.5\tc0,0.2,5.8,0.8,11.2,0c5.4-0.8,5.2-1.1,7.6-1.6C170.5,14.7,183.5,9.2,185.2,8.5z M199.1,6.9c0.2,0-0.8-0.4-4.8,1.1\tc-4,1.5-6.7,3.5-6.9,3.7c-0.2,0.1,3.5-1.8,6.6-3C197,7.5,199,6.9,199.1,6.9z M283,6c-0.1,0.1-1.9,1.1-4.8,2.5s-6.9,2.8-6.7,2.7\tc0.2,0,3.5-0.6,7.4-2.5C282.8,6.8,283.1,5.9,283,6z M31.3,11.6c0.1-0.2-1.9-0.2-4.5-1.2s-5.4-1.6-7.8-2C15,7.6,7.3,8.5,7.7,8.6\tC8,8.7,15.9,8.3,20.2,9.3c2.2,0.5,2.4,0.5,5.7,1.6S31.2,11.9,31.3,11.6z M73,9.2c0.4-0.1,3.5-1.6,8.4-2.6c4.9-1.1,8.9-0.5,8.9-0.8\tc0-0.3-1-0.9-6.2-0.3S72.6,9.3,73,9.2z M71.6,6.7C71.8,6.8,75,5.4,77.3,5c2.3-0.3,1.9-0.5,1.9-0.6c0-0.1-1.1-0.2-2.7,0.2\tC74.8,5.1,71.4,6.6,71.6,6.7z M93.6,4.4c0.1,0.2,3.5,0.8,5.6,1.8c2.1,1,1.8,0.6,1.9,0.5c0.1-0.1-0.8-0.8-2.4-1.3\tC97.1,4.8,93.5,4.2,93.6,4.4z M65.4,11.1c-0.1,0.3,0.3,0.5,1.9-0.2s2.6-1.3,2.2-1.2s-0.9,0.4-2.5,0.8C65.3,10.9,65.5,10.8,65.4,11.1\tz M34.5,12.4c-0.2,0,2.1,0.8,3.3,0.9c1.2,0.1,2,0.1,2-0.2c0-0.3-0.1-0.5-1.6-0.4C36.6,12.8,34.7,12.4,34.5,12.4z M152.2,21.1\tc-0.1,0.1-2.4-0.3-7.5-0.3c-5,0-13.6-2.4-17.2-3.5c-3.6-1.1,10,3.9,16.5,4.1C150.5,21.6,152.3,21,152.2,21.1z\"\/>\n\t<path class=\"elementor-shape-fill\" d=\"M269.6,18c-0.1-0.1-4.6,0.3-7.2,0c-7.3-0.7-17-3.2-16.6-2.9c0.4,0.3,13.7,3.1,17,3.3\tC267.7,18.8,269.7,18,269.6,18z\"\/>\n\t<path class=\"elementor-shape-fill\" d=\"M227.4,9.8c-0.2-0.1-4.5-1-9.5-1.2c-5-0.2-12.7,0.6-12.3,0.5c0.3-0.1,5.9-1.8,13.3-1.2\tS227.6,9.9,227.4,9.8z\"\/>\n\t<path class=\"elementor-shape-fill\" d=\"M204.5,13.4c-0.1-0.1,2-1,3.2-1.1c1.2-0.1,2,0,2,0.3c0,0.3-0.1,0.5-1.6,0.4\tC206.4,12.9,204.6,13.5,204.5,13.4z\"\/>\n\t<path class=\"elementor-shape-fill\" d=\"M201,10.6c0-0.1-4.4,1.2-6.3,2.2c-1.9,0.9-6.2,3.1-6.1,3.1c0.1,0.1,4.2-1.6,6.3-2.6\tS201,10.7,201,10.6z\"\/>\n\t<path class=\"elementor-shape-fill\" d=\"M154.5,26.7c-0.1-0.1-4.6,0.3-7.2,0c-7.3-0.7-17-3.2-16.6-2.9c0.4,0.3,13.7,3.1,17,3.3\tC152.6,27.5,154.6,26.8,154.5,26.7z\"\/>\n\t<path class=\"elementor-shape-fill\" d=\"M41.9,19.3c0,0,1.2-0.3,2.9-0.1c1.7,0.2,5.8,0.9,8.2,0.7c4.2-0.4,7.4-2.7,7-2.6\tc-0.4,0-4.3,2.2-8.6,1.9c-1.8-0.1-5.1-0.5-6.7-0.4S41.9,19.3,41.9,19.3z\"\/>\n\t<path class=\"elementor-shape-fill\" d=\"M75.5,12.6c0.2,0.1,2-0.8,4.3-1.1c2.3-0.2,2.1-0.3,2.1-0.5c0-0.1-1.8-0.4-3.4,0\tC76.9,11.5,75.3,12.5,75.5,12.6z\"\/>\n\t<path class=\"elementor-shape-fill\" d=\"M15.6,13.2c0-0.1,4.3,0,6.7,0.5c2.4,0.5,5,1.9,5,2c0,0.1-2.7-0.8-5.1-1.4\tC19.9,13.7,15.7,13.3,15.6,13.2z\"\/>\n<\/svg>\t\t<\/div>\n\t\t\t\t\t<div class=\"elementor-container elementor-column-gap-default\">\n\t\t\t\t\t<div class=\"elementor-column elementor-col-100 elementor-top-column elementor-element elementor-element-676805de\" data-id=\"676805de\" data-element_type=\"column\" data-e-type=\"column\">\n\t\t\t<div class=\"elementor-widget-wrap elementor-element-populated\">\n\t\t\t\t\t\t<div class=\"elementor-element elementor-element-1a1c7154 elementor--h-position-center elementor--v-position-middle elementor-arrows-position-inside elementor-pagination-position-inside elementor-widget elementor-widget-slides\" data-id=\"1a1c7154\" data-element_type=\"widget\" data-e-type=\"widget\" data-settings=\"{&quot;autoplay_speed&quot;:7000,&quot;navigation&quot;:&quot;both&quot;,&quot;autoplay&quot;:&quot;yes&quot;,&quot;pause_on_hover&quot;:&quot;yes&quot;,&quot;pause_on_interaction&quot;:&quot;yes&quot;,&quot;infinite&quot;:&quot;yes&quot;,&quot;transition&quot;:&quot;slide&quot;,&quot;transition_speed&quot;:500}\" data-widget_type=\"slides.default\">\n\t\t\t\t<div class=\"elementor-widget-container\">\n\t\t\t\t\t\t\t\t\t<div class=\"elementor-swiper\">\n\t\t\t\t\t<div class=\"elementor-slides-wrapper elementor-main-swiper swiper\" role=\"region\" aria-roledescription=\"carousel\" aria-label=\"Slider\" dir=\"ltr\" data-animation=\"fadeInDown\">\n\t\t\t\t<div class=\"swiper-wrapper elementor-slides\">\n\t\t\t\t\t\t\t\t\t\t<div class=\"elementor-repeater-item-dc2b20d swiper-slide\" role=\"group\" aria-roledescription=\"slide\"><div class=\"swiper-slide-bg elementor-ken-burns elementor-ken-burns--out\" role=\"img\"><\/div><div class=\"swiper-slide-inner\" ><div class=\"swiper-slide-contents\"><div class=\"elementor-slide-heading\">Nepremi\u010dninska borza<\/div><\/div><\/div><\/div>\t\t\t\t<\/div>\n\t\t\t\t\t\t\t<\/div>\n\t\t\t\t<\/div>\n\t\t\t\t\t\t\t\t<\/div>\n\t\t\t\t<\/div>\n\t\t\t\t\t<\/div>\n\t\t<\/div>\n\t\t\t\t\t<\/div>\n\t\t<\/section>\n\t\t\t\t<section class=\"elementor-section elementor-top-section elementor-element elementor-element-1874511 elementor-section-boxed elementor-section-height-default elementor-section-height-default\" data-id=\"1874511\" data-element_type=\"section\" data-e-type=\"section\">\n\t\t\t\t\t\t<div class=\"elementor-container elementor-column-gap-default\">\n\t\t\t\t\t<div class=\"elementor-column elementor-col-100 elementor-top-column elementor-element elementor-element-f08508b\" data-id=\"f08508b\" data-element_type=\"column\" data-e-type=\"column\">\n\t\t\t<div class=\"elementor-widget-wrap elementor-element-populated\">\n\t\t\t\t\t\t<div class=\"elementor-element elementor-element-2a8e858 elementor-widget elementor-widget-text-editor\" data-id=\"2a8e858\" data-element_type=\"widget\" data-e-type=\"widget\" data-widget_type=\"text-editor.default\">\n\t\t\t\t<div class=\"elementor-widget-container\">\n\t\t\t\t\t\t\t\t\t<p><strong>Ob\u010dina Bil\u010dovs je kot del brezpla\u010dnih storitev za prebivalke in prebivalce uredila borzo zemlji\u0161\u010d oz. nepremi\u010dnin kot enotno vstopno to\u010dko za vse, ki se zanimajo za nakup nepremi\u010dnine.<\/strong><\/p><p><strong>Namen:<\/strong><br \/>Uvedba razvida, iz katerega se lahko zainteresiranim kupcem na zahtevo posredujejo informacije o vseh zemlji\u0161\u010dih, ki se prodajajo v ob\u010dini (vklju\u010dno z informacijo o merah, ceni in prodajalcu oz. prodajalki).<\/p><p>Sedaj nas lahko obvestite o vseh zemlji\u0161\u010dih, ki so naprodaj.<\/p><p>\u0160e kak\u0161no vpra\u0161anje? Pokli\u010dite nas.<\/p><p>Upo\u0161tevajte, da so prikazana le zemlji\u0161\u010da, o katerih smo bili obve\u0161\u010deni. Po na\u0161ih izku\u0161njah se prodaja nepremi\u010dnin ogla\u0161uje na znanih nepremi\u010dninskih portalih.<\/p>\t\t\t\t\t\t\t\t<\/div>\n\t\t\t\t<\/div>\n\t\t\t\t<div class=\"elementor-element elementor-element-16e495c elementor-tabs-view-horizontal elementor-widget elementor-widget-tabs\" data-id=\"16e495c\" data-element_type=\"widget\" data-e-type=\"widget\" data-widget_type=\"tabs.default\">\n\t\t\t\t<div class=\"elementor-widget-container\">\n\t\t\t\t\t\t\t<div class=\"elementor-tabs\">\n\t\t\t<div class=\"elementor-tabs-wrapper\" role=\"tablist\" >\n\t\t\t\t\t\t\t\t\t<div id=\"elementor-tab-title-2401\" class=\"elementor-tab-title elementor-tab-desktop-title\" aria-selected=\"true\" data-tab=\"1\" role=\"tab\" tabindex=\"0\" aria-controls=\"elementor-tab-content-2401\" aria-expanded=\"false\">Zasebno<\/div>\n\t\t\t\t\t\t\t\t\t<div id=\"elementor-tab-title-2402\" class=\"elementor-tab-title elementor-tab-desktop-title\" aria-selected=\"false\" data-tab=\"2\" role=\"tab\" tabindex=\"-1\" aria-controls=\"elementor-tab-content-2402\" aria-expanded=\"false\">Ob\u010dina<\/div>\n\t\t\t\t\t\t\t<\/div>\n\t\t\t<div class=\"elementor-tabs-content-wrapper\" role=\"tablist\" aria-orientation=\"vertical\">\n\t\t\t\t\t\t\t\t\t<div class=\"elementor-tab-title elementor-tab-mobile-title\" aria-selected=\"true\" data-tab=\"1\" role=\"tab\" tabindex=\"0\" aria-controls=\"elementor-tab-content-2401\" aria-expanded=\"false\">Zasebno<\/div>\n\t\t\t\t\t<div id=\"elementor-tab-content-2401\" class=\"elementor-tab-content elementor-clearfix\" data-tab=\"1\" role=\"tabpanel\" aria-labelledby=\"elementor-tab-title-2401\" tabindex=\"0\" hidden=\"false\"><h3><strong>Iskanje zemlji\u0161\u010da<\/strong><\/h3><ol><li><a href=\"http:\/\/ludmannsdorf.at\/wp-content\/uploads\/2025\/01\/Auslagenexpose-Grundstueck-Ludmannsdorf.pdf\">Auslagenexpose Grundst\u00fcck Ludmannsdorf<\/a><\/li><\/ol><div class=\"typo3-neos-nodetypes-headline\"><div><h3><strong>Stanovanja v najem<\/strong><\/h3><\/div><\/div><p>&#8211;<\/p><\/div>\n\t\t\t\t\t\t\t\t\t<div class=\"elementor-tab-title elementor-tab-mobile-title\" aria-selected=\"false\" data-tab=\"2\" role=\"tab\" tabindex=\"-1\" aria-controls=\"elementor-tab-content-2402\" aria-expanded=\"false\">Ob\u010dina<\/div>\n\t\t\t\t\t<div id=\"elementor-tab-content-2402\" class=\"elementor-tab-content elementor-clearfix\" data-tab=\"2\" role=\"tabpanel\" aria-labelledby=\"elementor-tab-title-2402\" tabindex=\"0\" hidden=\"hidden\"><!-- <div class=\"typo3-neos-nodetypes-headline\">\n<h3><strong>Wohnungen zu vermieten<\/strong><\/h3>\n<div>\n<h5 style=\"text-align: left;\">Edling 41, 42 und 45<\/h5>\n<p style=\"text-align: left;\"><strong>Funktion:\u00a0<\/strong>Wohnungszuweisung\n<strong>Ansprechpartner:\u00a0<\/strong>Frau Doris Tumer, Gemeinde Ludmannsdorf\n<strong>Adresse:\u00a0<\/strong>9072 Ludmannsdorf 33\n+43 (0) 4228\/ 22 20 -16\n<a title=\"Senden Sie ein E-Mail an ludmannsdorf@ktn.gde.at\" href=\"mailto:ludmannsdorf@ktn.gde.at\">ludmannsdorf@ktn.gde.at<\/a><\/p>\n&nbsp;\n<table class=\" alignleft\" width=\"730\">\n<tbody>\n<tr>\n<td width=\"88\">\n<p style=\"text-align: center;\"><strong>Wohnblock<\/strong><\/p>\n<\/td>\n<td style=\"text-align: center;\" width=\"60\"><strong>Lage<\/strong><\/td>\n<td style=\"text-align: center;\" width=\"66\"><strong>Gr\u00f6\u00dfe<\/strong><\/td>\n<td style=\"text-align: center;\" width=\"86\"><strong>Miete<\/strong><\/td>\n<td style=\"text-align: center;\" width=\"125\"><strong>Finanzierungsbeitrag<\/strong><\/td>\n<td style=\"text-align: center;\" width=\"195\"><strong>\u00a0<\/strong><strong>Ausstattung<\/strong><\/td>\n<td width=\"109\">\n<p style=\"text-align: center;\"><strong>Bezug m\u00f6glich<\/strong><\/p>\n<\/td>\n<\/tr>\n<tr>\n<td width=\"88\">Edling 45 Top 9<\/td>\n<td width=\"60\">2. OG<\/td>\n<td width=\"66\">72,75 m\u00b3<\/td>\n<td width=\"86\">ca. \u20ac 600,-- inkl. BK und HK<\/td>\n<td width=\"125\">ca. \u20ac 1.460,--<\/td>\n<td width=\"195\">3 Zimmer, Kochnische, Vorzimmer, Innenflur, Abstellraum, Bad, WC, Loggia und Kellerabteil<\/td>\n<td width=\"109\"><strong>01.12.2022<\/strong><\/td>\n<\/tr>\n<\/tbody>\n<\/table>\n<\/div>\n<\/div> -->\n<\/div>\n\t\t\t\t\t\t\t<\/div>\n\t\t<\/div>\n\t\t\t\t\t\t<\/div>\n\t\t\t\t<\/div>\n\t\t\t\t\t<\/div>\n\t\t<\/div>\n\t\t\t\t\t<\/div>\n\t\t<\/section>\n\t\t\t\t<\/div>","protected":false},"excerpt":{"rendered":"<p>Immobilienb\u00f6rse Die Gemeinde Ludmannsdorf richtet als 1. Anlaufstelle f\u00fcr interessierte Grundst\u00fccksk\u00e4ufer:innen als kostenlosen B\u00fcrgerservice eine Grundst\u00fccksb\u00f6rse \/ Immobilienb\u00f6rse ein. Sinn &amp; Zweck:Auflage eines Verzeichnisses, wo alle in der Gemeinde zum Kauf angebotenen Grundst\u00fccke (inkl. Ausma\u00df, Grundst\u00fccks-preis &amp; Verk\u00e4uferin) auf Anfrage interessierten K\u00e4ufer:innen weitergegeben werden. Sie haben nunmehr ab sofort die M\u00f6glichkeit uns alle zum Verkauf [&hellip;]<\/p>\n","protected":false},"author":1,"featured_media":0,"parent":0,"menu_order":0,"comment_status":"closed","ping_status":"closed","template":"","meta":{"footnotes":""},"class_list":["post-1053","page","type-page","status-publish","hentry"],"yoast_head":"<!-- This site is optimized with the Yoast SEO plugin v25.6 - https:\/\/yoast.com\/wordpress\/plugins\/seo\/ -->\n<title>Immobilienb\u00f6rse - Gemeinde Ludmannsdorf<\/title>\n<meta name=\"robots\" content=\"index, follow, max-snippet:-1, max-image-preview:large, max-video-preview:-1\" \/>\n<link rel=\"canonical\" href=\"https:\/\/ludmannsdorf.at\/sl\/immobilienborse\/\" \/>\n<meta property=\"og:locale\" content=\"sl_SI\" \/>\n<meta property=\"og:type\" content=\"article\" \/>\n<meta property=\"og:title\" content=\"Immobilienb\u00f6rse - Gemeinde Ludmannsdorf\" \/>\n<meta property=\"og:description\" content=\"Immobilienb\u00f6rse Die Gemeinde Ludmannsdorf richtet als 1. Anlaufstelle f\u00fcr interessierte Grundst\u00fccksk\u00e4ufer:innen als kostenlosen B\u00fcrgerservice eine Grundst\u00fccksb\u00f6rse \/ Immobilienb\u00f6rse ein. Sinn &amp; Zweck:Auflage eines Verzeichnisses, wo alle in der Gemeinde zum Kauf angebotenen Grundst\u00fccke (inkl. Ausma\u00df, Grundst\u00fccks-preis &amp; Verk\u00e4uferin) auf Anfrage interessierten K\u00e4ufer:innen weitergegeben werden. Sie haben nunmehr ab sofort die M\u00f6glichkeit uns alle zum Verkauf [&hellip;]\" \/>\n<meta property=\"og:url\" content=\"https:\/\/ludmannsdorf.at\/sl\/immobilienborse\/\" \/>\n<meta property=\"og:site_name\" content=\"Gemeinde Ludmannsdorf\" \/>\n<meta property=\"article:modified_time\" content=\"2025-01-13T20:37:39+00:00\" \/>\n<meta name=\"twitter:card\" content=\"summary_large_image\" \/>\n<meta name=\"twitter:label1\" content=\"Est. reading time\" \/>\n\t<meta name=\"twitter:data1\" content=\"1 minuta\" \/>\n<script type=\"application\/ld+json\" class=\"yoast-schema-graph\">{\"@context\":\"https:\/\/schema.org\",\"@graph\":[{\"@type\":\"WebPage\",\"@id\":\"https:\/\/ludmannsdorf.at\/immobilienborse\/\",\"url\":\"https:\/\/ludmannsdorf.at\/immobilienborse\/\",\"name\":\"Immobilienb\u00f6rse - Gemeinde Ludmannsdorf\",\"isPartOf\":{\"@id\":\"http:\/\/ludmannsdorf.at\/#website\"},\"datePublished\":\"2021-02-10T20:43:11+00:00\",\"dateModified\":\"2025-01-13T20:37:39+00:00\",\"breadcrumb\":{\"@id\":\"https:\/\/ludmannsdorf.at\/immobilienborse\/#breadcrumb\"},\"inLanguage\":\"sl-SI\",\"potentialAction\":[{\"@type\":\"ReadAction\",\"target\":[\"https:\/\/ludmannsdorf.at\/immobilienborse\/\"]}]},{\"@type\":\"BreadcrumbList\",\"@id\":\"https:\/\/ludmannsdorf.at\/immobilienborse\/#breadcrumb\",\"itemListElement\":[{\"@type\":\"ListItem\",\"position\":1,\"name\":\"Startseite\",\"item\":\"http:\/\/ludmannsdorf.at\/\"},{\"@type\":\"ListItem\",\"position\":2,\"name\":\"Immobilienb\u00f6rse\"}]},{\"@type\":\"WebSite\",\"@id\":\"http:\/\/ludmannsdorf.at\/#website\",\"url\":\"http:\/\/ludmannsdorf.at\/\",\"name\":\"Gemeinde Ludmannsdorf\",\"description\":\"Willkommen in Ludmannsdorf\/Bil\u010dovs!\",\"publisher\":{\"@id\":\"http:\/\/ludmannsdorf.at\/#organization\"},\"potentialAction\":[{\"@type\":\"SearchAction\",\"target\":{\"@type\":\"EntryPoint\",\"urlTemplate\":\"http:\/\/ludmannsdorf.at\/?s={search_term_string}\"},\"query-input\":{\"@type\":\"PropertyValueSpecification\",\"valueRequired\":true,\"valueName\":\"search_term_string\"}}],\"inLanguage\":\"sl-SI\"},{\"@type\":\"Organization\",\"@id\":\"http:\/\/ludmannsdorf.at\/#organization\",\"name\":\"Gemeinde Ludmannsdorf\",\"url\":\"http:\/\/ludmannsdorf.at\/\",\"logo\":{\"@type\":\"ImageObject\",\"inLanguage\":\"sl-SI\",\"@id\":\"http:\/\/ludmannsdorf.at\/#\/schema\/logo\/image\/\",\"url\":\"http:\/\/ludmannsdorf.at\/wp-content\/uploads\/2020\/12\/cropped-wappen_Page_1-1.png\",\"contentUrl\":\"http:\/\/ludmannsdorf.at\/wp-content\/uploads\/2020\/12\/cropped-wappen_Page_1-1.png\",\"width\":512,\"height\":512,\"caption\":\"Gemeinde Ludmannsdorf\"},\"image\":{\"@id\":\"http:\/\/ludmannsdorf.at\/#\/schema\/logo\/image\/\"}}]}<\/script>\n<!-- \/ Yoast SEO plugin. -->","yoast_head_json":{"title":"Immobilienb\u00f6rse - Gemeinde Ludmannsdorf","robots":{"index":"index","follow":"follow","max-snippet":"max-snippet:-1","max-image-preview":"max-image-preview:large","max-video-preview":"max-video-preview:-1"},"canonical":"https:\/\/ludmannsdorf.at\/sl\/immobilienborse\/","og_locale":"sl_SI","og_type":"article","og_title":"Immobilienb\u00f6rse - Gemeinde Ludmannsdorf","og_description":"Immobilienb\u00f6rse Die Gemeinde Ludmannsdorf richtet als 1. Anlaufstelle f\u00fcr interessierte Grundst\u00fccksk\u00e4ufer:innen als kostenlosen B\u00fcrgerservice eine Grundst\u00fccksb\u00f6rse \/ Immobilienb\u00f6rse ein. Sinn &amp; Zweck:Auflage eines Verzeichnisses, wo alle in der Gemeinde zum Kauf angebotenen Grundst\u00fccke (inkl. Ausma\u00df, Grundst\u00fccks-preis &amp; Verk\u00e4uferin) auf Anfrage interessierten K\u00e4ufer:innen weitergegeben werden. Sie haben nunmehr ab sofort die M\u00f6glichkeit uns alle zum Verkauf [&hellip;]","og_url":"https:\/\/ludmannsdorf.at\/sl\/immobilienborse\/","og_site_name":"Gemeinde Ludmannsdorf","article_modified_time":"2025-01-13T20:37:39+00:00","twitter_card":"summary_large_image","twitter_misc":{"Est. reading time":"1 minuta"},"schema":{"@context":"https:\/\/schema.org","@graph":[{"@type":"WebPage","@id":"https:\/\/ludmannsdorf.at\/immobilienborse\/","url":"https:\/\/ludmannsdorf.at\/immobilienborse\/","name":"Immobilienb\u00f6rse - Gemeinde Ludmannsdorf","isPartOf":{"@id":"http:\/\/ludmannsdorf.at\/#website"},"datePublished":"2021-02-10T20:43:11+00:00","dateModified":"2025-01-13T20:37:39+00:00","breadcrumb":{"@id":"https:\/\/ludmannsdorf.at\/immobilienborse\/#breadcrumb"},"inLanguage":"sl-SI","potentialAction":[{"@type":"ReadAction","target":["https:\/\/ludmannsdorf.at\/immobilienborse\/"]}]},{"@type":"BreadcrumbList","@id":"https:\/\/ludmannsdorf.at\/immobilienborse\/#breadcrumb","itemListElement":[{"@type":"ListItem","position":1,"name":"Startseite","item":"http:\/\/ludmannsdorf.at\/"},{"@type":"ListItem","position":2,"name":"Immobilienb\u00f6rse"}]},{"@type":"WebSite","@id":"http:\/\/ludmannsdorf.at\/#website","url":"http:\/\/ludmannsdorf.at\/","name":"Ob\u010dina Bil\u010dovs","description":"Dobrodo\u0161li v Ludmannsdorf\/Bil\u010dovs!","publisher":{"@id":"http:\/\/ludmannsdorf.at\/#organization"},"potentialAction":[{"@type":"SearchAction","target":{"@type":"EntryPoint","urlTemplate":"http:\/\/ludmannsdorf.at\/?s={search_term_string}"},"query-input":{"@type":"PropertyValueSpecification","valueRequired":true,"valueName":"search_term_string"}}],"inLanguage":"sl-SI"},{"@type":"Organization","@id":"http:\/\/ludmannsdorf.at\/#organization","name":"Ob\u010dina Bil\u010dovs","url":"http:\/\/ludmannsdorf.at\/","logo":{"@type":"ImageObject","inLanguage":"sl-SI","@id":"http:\/\/ludmannsdorf.at\/#\/schema\/logo\/image\/","url":"http:\/\/ludmannsdorf.at\/wp-content\/uploads\/2020\/12\/cropped-wappen_Page_1-1.png","contentUrl":"http:\/\/ludmannsdorf.at\/wp-content\/uploads\/2020\/12\/cropped-wappen_Page_1-1.png","width":512,"height":512,"caption":"Gemeinde Ludmannsdorf"},"image":{"@id":"http:\/\/ludmannsdorf.at\/#\/schema\/logo\/image\/"}}]}},"_links":{"self":[{"href":"http:\/\/ludmannsdorf.at\/sl\/wp-json\/wp\/v2\/pages\/1053"}],"collection":[{"href":"http:\/\/ludmannsdorf.at\/sl\/wp-json\/wp\/v2\/pages"}],"about":[{"href":"http:\/\/ludmannsdorf.at\/sl\/wp-json\/wp\/v2\/types\/page"}],"author":[{"embeddable":true,"href":"http:\/\/ludmannsdorf.at\/sl\/wp-json\/wp\/v2\/users\/1"}],"replies":[{"embeddable":true,"href":"http:\/\/ludmannsdorf.at\/sl\/wp-json\/wp\/v2\/comments?post=1053"}],"version-history":[{"count":76,"href":"http:\/\/ludmannsdorf.at\/sl\/wp-json\/wp\/v2\/pages\/1053\/revisions"}],"predecessor-version":[{"id":6321,"href":"http:\/\/ludmannsdorf.at\/sl\/wp-json\/wp\/v2\/pages\/1053\/revisions\/6321"}],"wp:attachment":[{"href":"http:\/\/ludmannsdorf.at\/sl\/wp-json\/wp\/v2\/media?parent=1053"}],"curies":[{"name":"wp","href":"https:\/\/api.w.org\/{rel}","templated":true}]}}